{"id":309,"date":"2025-06-02T17:07:26","date_gmt":"2025-06-02T17:07:26","guid":{"rendered":"https:\/\/moroen.com\/index.php\/product\/lightweight-puffer-jacket\/"},"modified":"2025-06-04T08:05:47","modified_gmt":"2025-06-04T08:05:47","slug":"lightweight-puffer-jacket","status":"publish","type":"product","link":"https:\/\/moroen.com\/fr_be_\/produit\/lightweight-puffer-jacket\/","title":{"rendered":"Veste polaire l\u00e9g\u00e8re"},"content":{"rendered":"<p>Confectionn\u00e9 avec des mat\u00e9riaux haut de gamme pour un confort et un style durables. Coupe moderne con\u00e7ue pour un usage quotidien. Lavable en machine. Import\u00e9.<\/p>","protected":false},"excerpt":{"rendered":"<p>Proactively communicate corporate process improvements via corporate scenarios. Progressively aggregate proactive data after diverse users. Rapidiously redefine front-end interfaces before go forward process improvements.<\/p>","protected":false},"featured_media":169,"template":"","meta":{"_acf_changed":false},"product_cat":[31,33,38],"product_tag":[46,47,48,52],"class_list":{"0":"post-309","1":"product","2":"type-product","3":"status-publish","4":"has-post-thumbnail","6":"product_cat-casual-urban-wear","7":"product_cat-jackets","8":"product_cat-men","9":"product_tag-biker","10":"product_tag-black","11":"product_tag-bomber","12":"product_tag-leather","13":"pa_brand-cerveo","15":"first","16":"outofstock","17":"shipping-taxable","18":"purchasable","19":"product-type-variable","20":"has-default-attributes","swatches":"rey-swatches","show_selected":""},"acf":[],"wcpa_form_fields":null,"_links":{"self":[{"href":"https:\/\/moroen.com\/fr_be_\/wp-json\/wp\/v2\/product\/309","targetHints":{"allow":["GET"]}}],"collection":[{"href":"https:\/\/moroen.com\/fr_be_\/wp-json\/wp\/v2\/product"}],"about":[{"href":"https:\/\/moroen.com\/fr_be_\/wp-json\/wp\/v2\/types\/product"}],"wp:featuredmedia":[{"embeddable":true,"href":"https:\/\/moroen.com\/fr_be_\/wp-json\/wp\/v2\/media\/169"}],"wp:attachment":[{"href":"https:\/\/moroen.com\/fr_be_\/wp-json\/wp\/v2\/media?parent=309"}],"wp:term":[{"taxonomy":"product_cat","embeddable":true,"href":"https:\/\/moroen.com\/fr_be_\/wp-json\/wp\/v2\/product_cat?post=309"},{"taxonomy":"product_tag","embeddable":true,"href":"https:\/\/moroen.com\/fr_be_\/wp-json\/wp\/v2\/product_tag?post=309"}],"curies":[{"name":"wp","href":"https:\/\/api.w.org\/{rel}","templated":true}]}}