{"id":3,"date":"2025-06-04T07:57:14","date_gmt":"2025-06-04T07:57:14","guid":{"rendered":"https:\/\/moroen.com\/?page_id=3"},"modified":"2025-08-28T04:32:51","modified_gmt":"2025-08-28T04:32:51","slug":"privacy-policy","status":"publish","type":"page","link":"https:\/\/moroen.com\/fr_fr\/privacy-policy\/","title":{"rendered":"Politique de confidentialit\u00e9"},"content":{"rendered":"<div data-elementor-type=\"wp-page\" data-elementor-id=\"3\" class=\"elementor elementor-3\">\n\t\t\t\t<div class=\"e-con-top elementor-element elementor-element-169b033e e-flex e-con-boxed e-con e-parent\" data-id=\"169b033e\" data-element_type=\"container\">\n\t\t\t\t\t<div class=\"e-con-inner\">\n\t\t\t\t<div class=\"elementor-element elementor-element-4e307748 elementor-widget elementor-widget-text-editor\" data-id=\"4e307748\" data-element_type=\"widget\" data-widget_type=\"text-editor.default\">\n\t\t\t\t<div class=\"elementor-widget-container\">\n\t\t\t\t\t\t\t\t\t\n<p data-start=\"292\" data-end=\"476\">Au <strong data-start=\"295\" data-end=\"305\">Moroen<\/strong>, Votre vie priv\u00e9e est tr\u00e8s importante pour nous. La pr\u00e9sente politique de confidentialit\u00e9 explique comment nous recueillons, utilisons et prot\u00e9geons vos informations lorsque vous visitez ou effectuez un achat sur <strong data-start=\"461\" data-end=\"475\">moroen.com<\/strong>.<\/p>\n<hr data-start=\"478\" data-end=\"481\" \/>\n<h2 class=\"wp-block-heading\" data-start=\"483\" data-end=\"511\">1. Les informations que nous collectons<\/h2>\n<p data-start=\"513\" data-end=\"591\">Lorsque vous visitez notre site web, nous pouvons collecter les types d'informations suivants :<\/p>\n<ul data-start=\"593\" data-end=\"1027\">\n<li data-start=\"593\" data-end=\"741\">\n<p data-start=\"595\" data-end=\"741\"><strong data-start=\"595\" data-end=\"619\">Informations personnelles<\/strong>Les donn\u00e9es relatives \u00e0 l'utilisation de l'Internet : telles que votre nom, votre adresse \u00e9lectronique, votre adresse de livraison\/facturation, votre num\u00e9ro de t\u00e9l\u00e9phone et les d\u00e9tails de votre paiement lorsque vous passez une commande.<\/p>\n<\/li>\n<li data-start=\"742\" data-end=\"879\">\n<p data-start=\"744\" data-end=\"879\"><strong data-start=\"744\" data-end=\"772\">Informations non personnelles<\/strong>les informations relatives \u00e0 l'utilisation du site, telles que le type de navigateur, les informations sur l'appareil, l'adresse IP et les cookies pour la fonctionnalit\u00e9 du site et l'analyse.<\/p>\n<\/li>\n<li data-start=\"880\" data-end=\"1027\">\n<p data-start=\"882\" data-end=\"1027\"><strong data-start=\"882\" data-end=\"909\">Compte et communication<\/strong>si vous vous inscrivez \u00e0 notre lettre d'information ou si vous nous contactez, nous recueillons votre adresse \u00e9lectronique et toutes les informations que vous choisissez de nous fournir.<\/p>\n<\/li>\n<\/ul>\n<hr data-start=\"1029\" data-end=\"1032\" \/>\n<h2 data-start=\"1034\" data-end=\"1067\">2. Comment nous utilisons vos informations<\/h2>\n<p data-start=\"1069\" data-end=\"1098\">Nous utilisons vos informations pour :<\/p>\n<ul data-start=\"1100\" data-end=\"1387\">\n<li data-start=\"1100\" data-end=\"1136\">\n<p data-start=\"1102\" data-end=\"1136\">Traiter et ex\u00e9cuter vos commandes.<\/p>\n<\/li>\n<li data-start=\"1137\" data-end=\"1211\">\n<p data-start=\"1139\" data-end=\"1211\">Communiquer avec vous au sujet de l'\u00e9tat de votre commande, des mises \u00e0 jour et des promotions.<\/p>\n<\/li>\n<li data-start=\"1212\" data-end=\"1271\">\n<p data-start=\"1214\" data-end=\"1271\">Am\u00e9liorer notre site web, nos services et l'exp\u00e9rience de nos clients.<\/p>\n<\/li>\n<li data-start=\"1272\" data-end=\"1351\">\n<p data-start=\"1274\" data-end=\"1351\">D\u00e9tecter et pr\u00e9venir la fraude, les transactions non autoris\u00e9es ou les activit\u00e9s ill\u00e9gales.<\/p>\n<\/li>\n<li data-start=\"1352\" data-end=\"1387\">\n<p data-start=\"1354\" data-end=\"1387\">Respecter les exigences l\u00e9gales.<\/p>\n<\/li>\n<\/ul>\n<hr data-start=\"1389\" data-end=\"1392\" \/>\n<h2 data-start=\"1394\" data-end=\"1424\">3. Partage des informations<\/h2>\n<p data-start=\"1426\" data-end=\"1560\">Nous respectons votre vie priv\u00e9e et ne vendons pas vos informations personnelles. Toutefois, nous pouvons partager des donn\u00e9es avec des tiers de confiance, notamment :<\/p>\n<ul data-start=\"1562\" data-end=\"1809\">\n<li data-start=\"1562\" data-end=\"1645\">\n<p data-start=\"1564\" data-end=\"1645\"><strong data-start=\"1564\" data-end=\"1586\">Processeurs de paiement<\/strong> (par exemple, PayPal, Stripe) pour traiter les transactions en toute s\u00e9curit\u00e9.<\/p>\n<\/li>\n<li data-start=\"1646\" data-end=\"1696\">\n<p data-start=\"1648\" data-end=\"1696\"><strong data-start=\"1648\" data-end=\"1670\">Fournisseurs de services de transport maritime<\/strong> pour livrer vos commandes.<\/p>\n<\/li>\n<li data-start=\"1697\" data-end=\"1809\">\n<p data-start=\"1699\" data-end=\"1809\"><strong data-start=\"1699\" data-end=\"1733\">Services d'analyse et de marketing<\/strong> (par exemple, Google Analytics, Meta Ads) pour am\u00e9liorer les performances et les promotions.<\/p>\n<\/li>\n<\/ul>\n<p data-start=\"1811\" data-end=\"1885\">Chaque partenaire ne re\u00e7oit que les donn\u00e9es n\u00e9cessaires \u00e0 l'ex\u00e9cution de ses services.<\/p>\n<hr data-start=\"1887\" data-end=\"1890\" \/>\n<h2 data-start=\"1892\" data-end=\"1929\">4. Cookies et technologies de suivi<\/h2>\n<p data-start=\"1931\" data-end=\"1976\">Nous utilisons des cookies et des technologies similaires pour :<\/p>\n<ul data-start=\"1978\" data-end=\"2122\">\n<li data-start=\"1978\" data-end=\"2038\">\n<p data-start=\"1980\" data-end=\"2038\">Permettre la fonctionnalit\u00e9 du site web (panier, connexion, pr\u00e9f\u00e9rences).<\/p>\n<\/li>\n<li data-start=\"2039\" data-end=\"2075\">\n<p data-start=\"2041\" data-end=\"2075\">Analyser le trafic et les performances.<\/p>\n<\/li>\n<li data-start=\"2076\" data-end=\"2122\">\n<p data-start=\"2078\" data-end=\"2122\">Offrir des exp\u00e9riences d'achat personnalis\u00e9es.<\/p>\n<\/li>\n<\/ul>\n<p data-start=\"2124\" data-end=\"2243\">Vous pouvez g\u00e9rer ou d\u00e9sactiver les cookies dans les param\u00e8tres de votre navigateur, mais certaines fonctionnalit\u00e9s peuvent ne pas fonctionner correctement sans eux.<\/p>\n<hr data-start=\"2245\" data-end=\"2248\" \/>\n<h2 data-start=\"2250\" data-end=\"2281\">5. Conservation des donn\u00e9es et s\u00e9curit\u00e9<\/h2>\n<ul data-start=\"2283\" data-end=\"2500\">\n<li data-start=\"2283\" data-end=\"2380\">\n<p data-start=\"2285\" data-end=\"2380\">Nous ne conservons vos informations personnelles que le temps n\u00e9cessaire aux fins d\u00e9crites ci-dessus.<\/p>\n<\/li>\n<li data-start=\"2381\" data-end=\"2500\">\n<p data-start=\"2383\" data-end=\"2500\">Nous mettons en \u0153uvre des mesures de s\u00e9curit\u00e9 raisonnables pour prot\u00e9ger vos donn\u00e9es contre tout acc\u00e8s, modification ou divulgation non autoris\u00e9s.<\/p>\n<\/li>\n<\/ul>\n<hr data-start=\"2502\" data-end=\"2505\" \/>\n<h2 data-start=\"2507\" data-end=\"2524\">6. Vos droits<\/h2>\n<p data-start=\"2526\" data-end=\"2584\">Selon l'endroit o\u00f9 vous vous trouvez, vous pouvez b\u00e9n\u00e9ficier de droits tels que :<\/p>\n<ul data-start=\"2586\" data-end=\"2765\">\n<li data-start=\"2586\" data-end=\"2636\">\n<p data-start=\"2588\" data-end=\"2636\">Acc\u00e9der aux donn\u00e9es personnelles que nous d\u00e9tenons \u00e0 votre sujet.<\/p>\n<\/li>\n<li data-start=\"2637\" data-end=\"2689\">\n<p data-start=\"2639\" data-end=\"2689\">Demander la correction ou la suppression de vos donn\u00e9es.<\/p>\n<\/li>\n<li data-start=\"2690\" data-end=\"2765\">\n<p data-start=\"2692\" data-end=\"2765\">Refuser de recevoir des courriels de marketing \u00e0 tout moment (lien de d\u00e9sinscription fourni).<\/p>\n<\/li>\n<\/ul>\n<p data-start=\"2767\" data-end=\"2828\">Pour toute demande, veuillez nous contacter \u00e0 l'adresse suivante <strong data-start=\"2806\" data-end=\"2825\"><a class=\"decorated-link cursor-pointer\" rel=\"noopener\" data-start=\"2808\" data-end=\"2823\">cs@moroen.com<\/a><\/strong>.<\/p>\n<hr data-start=\"2830\" data-end=\"2833\" \/>\n<h2 data-start=\"2835\" data-end=\"2859\">7. Vie priv\u00e9e des enfants<\/h2>\n<p data-start=\"2861\" data-end=\"2974\">Notre site n'est pas destin\u00e9 aux personnes de moins de 13 ans. Nous ne recueillons pas sciemment de donn\u00e9es sur les enfants.<\/p>\n<hr data-start=\"2976\" data-end=\"2979\" \/>\n<h2 data-start=\"2981\" data-end=\"3009\">8. Mises \u00e0 jour de la pr\u00e9sente politique<\/h2>\n<p data-start=\"3011\" data-end=\"3159\">Nous pouvons mettre \u00e0 jour cette politique de confidentialit\u00e9 de temps \u00e0 autre pour refl\u00e9ter les changements dans nos pratiques. La derni\u00e8re version sera toujours disponible sur cette page.<\/p>\n<hr data-start=\"3161\" data-end=\"3164\" \/>\n<h2 data-start=\"3166\" data-end=\"3182\">9. Contactez-nous<\/h2>\n<p data-start=\"3184\" data-end=\"3291\">Si vous avez des questions ou des pr\u00e9occupations concernant la pr\u00e9sente politique de confidentialit\u00e9 ou nos pratiques en mati\u00e8re de donn\u00e9es, veuillez nous contacter :<\/p>\n<p data-start=\"3293\" data-end=\"3317\">\ud83d\udce7 <strong data-start=\"3296\" data-end=\"3315\"><a class=\"decorated-link cursor-pointer\" rel=\"noopener\" data-start=\"3298\" data-end=\"3313\">cs@moroen.com<\/a><\/strong><\/p>\n\t\t\t\t\t\t\t\t<\/div>\n\t\t\t\t<\/div>\n\t\t\t\t\t<\/div>\n\t\t\t\t<\/div>\n\t\t\t\t<\/div>","protected":false},"excerpt":{"rendered":"<p>At Moroen, your privacy is very important to us. This Privacy Policy explains how we collect, use, and protect your information when you visit or make a purchase on moroen.com. 1. Information We Collect When you visit our website, we may collect the following types of information: Personal Information: such as your name, email address, [&hellip;]<\/p>\n","protected":false},"author":1,"featured_media":0,"parent":0,"menu_order":0,"comment_status":"closed","ping_status":"closed","template":"","meta":{"_acf_changed":false,"footnotes":""},"class_list":["post-3","page","type-page","status-publish","hentry"],"acf":[],"_links":{"self":[{"href":"https:\/\/moroen.com\/fr_fr\/wp-json\/wp\/v2\/pages\/3","targetHints":{"allow":["GET"]}}],"collection":[{"href":"https:\/\/moroen.com\/fr_fr\/wp-json\/wp\/v2\/pages"}],"about":[{"href":"https:\/\/moroen.com\/fr_fr\/wp-json\/wp\/v2\/types\/page"}],"author":[{"embeddable":true,"href":"https:\/\/moroen.com\/fr_fr\/wp-json\/wp\/v2\/users\/1"}],"replies":[{"embeddable":true,"href":"https:\/\/moroen.com\/fr_fr\/wp-json\/wp\/v2\/comments?post=3"}],"version-history":[{"count":0,"href":"https:\/\/moroen.com\/fr_fr\/wp-json\/wp\/v2\/pages\/3\/revisions"}],"wp:attachment":[{"href":"https:\/\/moroen.com\/fr_fr\/wp-json\/wp\/v2\/media?parent=3"}],"curies":[{"name":"wp","href":"https:\/\/api.w.org\/{rel}","templated":true}]}}