{"id":195,"date":"2025-06-01T19:35:28","date_gmt":"2025-06-01T19:35:28","guid":{"rendered":"https:\/\/moroen.com\/index.php\/terms-conditions\/"},"modified":"2026-03-22T22:46:15","modified_gmt":"2026-03-23T03:46:15","slug":"terms-conditions","status":"publish","type":"page","link":"https:\/\/moroen.com\/it\/terms-conditions\/","title":{"rendered":"Termini e condizioni"},"content":{"rendered":"\t\t<div data-elementor-type=\"wp-post\" data-elementor-id=\"195\" class=\"elementor elementor-195\">\n\t\t\t\t<div class=\"e-con-top elementor-element elementor-element-329904e4 e-flex e-con-boxed e-con e-parent\" data-id=\"329904e4\" data-element_type=\"container\">\n\t\t\t\t\t<div class=\"e-con-inner\">\n\t\t\t\t<div class=\"elementor-element elementor-element-31e0c85 elementor-widget elementor-widget-text-editor\" data-id=\"31e0c85\" data-element_type=\"widget\" data-widget_type=\"text-editor.default\">\n\t\t\t\t<div class=\"elementor-widget-container\">\n\t\t\t\t\t\t\t\t\t<h1 data-section-id=\"nerbhd\" data-start=\"289\" data-end=\"328\">Allgemeine Gesch\u00e4ftsbedingungen (AGB)<\/h1><p data-start=\"330\" data-end=\"573\">Willkommen auf <strong data-start=\"345\" data-end=\"359\">moroen.com<\/strong>.<br data-start=\"360\" data-end=\"363\" \/>Durch den Zugriff auf unsere Website, das Browsen oder den Kauf \u00fcber unsere Website erkl\u00e4ren Sie sich damit einverstanden, diese Allgemeinen Gesch\u00e4ftsbedingungen (\u201eAGB\u201c) einzuhalten und an sie gebunden zu sein.<\/p><p data-start=\"575\" data-end=\"700\">Diese Bedingungen gelten f\u00fcr alle Nutzer der Website, einschlie\u00dflich Besucher, Kunden, H\u00e4ndler und andere Nutzer der Website.<\/p><p data-start=\"702\" data-end=\"817\">Wenn Sie mit diesen Bedingungen nicht einverstanden sind, stellen Sie bitte die Nutzung unserer Website sofort ein.<\/p><hr data-start=\"819\" data-end=\"822\" \/><h1 data-section-id=\"xwei5z\" data-start=\"824\" data-end=\"853\">1. Allgemeine Informationen<\/h1><p data-start=\"855\" data-end=\"923\">Diese Website wird betrieben von <strong data-start=\"888\" data-end=\"898\">Moroen<\/strong> (\u201ewir\u201c, \u201euns\u201c, \u201eunser\u201c).<\/p><p data-start=\"925\" data-end=\"1127\">Wir behalten uns das Recht vor, diese Bedingungen jederzeit ohne vorherige Ank\u00fcndigung zu aktualisieren, zu \u00e4ndern oder zu ersetzen. \u00c4nderungen treten mit der Ver\u00f6ffentlichung auf dieser Seite in Kraft.<\/p><p data-start=\"1129\" data-end=\"1248\">Die fortgesetzte Nutzung unserer Website nach solchen \u00c4nderungen gilt als Zustimmung zu den aktualisierten Bedingungen.<\/p><hr data-start=\"1250\" data-end=\"1253\" \/><h1 data-section-id=\"3mrqs3\" data-start=\"1255\" data-end=\"1302\">2. Teilnahmeberechtigung &amp; Kontoverantwortung<\/h1><p data-start=\"1304\" data-end=\"1459\">Durch die Nutzung unserer Website best\u00e4tigen Sie, dass Sie mindestens <strong data-start=\"1374\" data-end=\"1390\">18 Jahre alt<\/strong> sind oder das gesetzliche Mindestalter in Ihrem Land erreicht haben.<\/p><p data-start=\"1461\" data-end=\"1541\">Wenn Sie ein Konto auf unserer Website erstellen, sind Sie daf\u00fcr verantwortlich:<\/p><ul data-start=\"1543\" data-end=\"1640\"><li data-section-id=\"10tquff\" data-start=\"1543\" data-end=\"1595\"><p data-start=\"1545\" data-end=\"1595\">die Vertraulichkeit Ihrer Zugangsdaten zu wahren<\/p><\/li><li data-section-id=\"tqmp2k\" data-start=\"1596\" data-end=\"1640\"><p data-start=\"1598\" data-end=\"1640\">den Zugriff auf Ihr Konto zu beschr\u00e4nken<\/p><\/li><\/ul><p data-start=\"1642\" data-end=\"1769\">Sie erkl\u00e4ren sich damit einverstanden, die Verantwortung f\u00fcr alle Aktivit\u00e4ten zu \u00fcbernehmen, die unter Ihrem Konto stattfinden.<\/p><hr data-start=\"1771\" data-end=\"1774\" \/><h1 data-section-id=\"dnmlut\" data-start=\"1776\" data-end=\"1805\">3. Produkte &amp; Verf\u00fcgbarkeit<\/h1><p data-start=\"1807\" data-end=\"1968\">Wir bem\u00fchen uns, sicherzustellen, dass alle Produktbeschreibungen, Bilder, Preise und Verf\u00fcgbarkeiten korrekt sind. Dennoch k\u00f6nnen gelegentlich Fehler auftreten.<\/p><p data-start=\"1970\" data-end=\"2102\">Wir k\u00f6nnen nicht garantieren, dass die Darstellung der Farben auf Ihrem Bildschirm exakt den tats\u00e4chlichen Produktfarben entspricht.<\/p><p data-start=\"2104\" data-end=\"2289\">Alle Produkte unterliegen der Verf\u00fcgbarkeit.<br data-start=\"2148\" data-end=\"2151\" \/>Wir behalten uns das Recht vor, Produkte jederzeit ohne Vorank\u00fcndigung aus dem Sortiment zu nehmen oder die verf\u00fcgbare Menge zu begrenzen.<\/p><p data-start=\"2291\" data-end=\"2358\">Preise k\u00f6nnen jederzeit ohne vorherige Ank\u00fcndigung ge\u00e4ndert werden.<\/p><hr data-start=\"2360\" data-end=\"2363\" \/><h1 data-section-id=\"kcf9wg\" data-start=\"2365\" data-end=\"2394\">4. Bestellungen &amp; Zahlungen<\/h1><p data-start=\"2396\" data-end=\"2554\">Mit der Aufgabe einer Bestellung erkl\u00e4ren Sie sich damit einverstanden, <strong data-start=\"2468\" data-end=\"2543\">aktuelle, vollst\u00e4ndige und korrekte Rechnungs- und Versandinformationen<\/strong> anzugeben.<\/p><p data-start=\"2556\" data-end=\"2652\">Alle Zahlungen m\u00fcssen autorisiert und abgeschlossen sein, bevor eine Bestellung bearbeitet wird.<\/p><p data-start=\"2654\" data-end=\"2684\">Wir akzeptieren unter anderem:<\/p><ul data-start=\"2686\" data-end=\"2814\"><li data-section-id=\"e0v6cq\" data-start=\"2686\" data-end=\"2702\"><p data-start=\"2688\" data-end=\"2702\">Kreditkarten<\/p><\/li><li data-section-id=\"7egenl\" data-start=\"2703\" data-end=\"2718\"><p data-start=\"2705\" data-end=\"2718\">Debitkarten<\/p><\/li><li data-section-id=\"18n66m5\" data-start=\"2719\" data-end=\"2729\"><p data-start=\"2721\" data-end=\"2729\">PayPal<\/p><\/li><li data-section-id=\"n5fqil\" data-start=\"2730\" data-end=\"2814\"><p data-start=\"2732\" data-end=\"2814\">andere sichere Zahlungsmethoden, die w\u00e4hrend des Bestellvorgangs angezeigt werden.<\/p><\/li><\/ul><p data-start=\"2816\" data-end=\"2911\">Wir behalten uns das Recht vor, Bestellungen abzulehnen oder zu stornieren, beispielsweise bei:<\/p><ul data-start=\"2913\" data-end=\"2993\"><li data-section-id=\"41s5w2\" data-start=\"2913\" data-end=\"2936\"><p data-start=\"2915\" data-end=\"2936\">Verdacht auf Betrug<\/p><\/li><li data-section-id=\"w73y3v\" data-start=\"2937\" data-end=\"2953\"><p data-start=\"2939\" data-end=\"2953\">Preisfehlern<\/p><\/li><li data-section-id=\"1m1ylcm\" data-start=\"2954\" data-end=\"2993\"><p data-start=\"2956\" data-end=\"2993\">fehlender Verf\u00fcgbarkeit von Produkten<\/p><\/li><\/ul><p data-start=\"2995\" data-end=\"3139\">Rabatte, Gutscheine und Aktionsangebote sind nicht \u00fcbertragbar und k\u00f6nnen nicht kombiniert werden, sofern dies nicht ausdr\u00fccklich angegeben ist.<\/p><hr data-start=\"3141\" data-end=\"3144\" \/><h1 data-section-id=\"1nqfpin\" data-start=\"3146\" data-end=\"3170\">5. Versand &amp; Lieferung<\/h1><p data-start=\"3172\" data-end=\"3288\">Wir versenden weltweit.<br data-start=\"3195\" data-end=\"3198\" \/>Die Lieferzeiten variieren je nach Zielort, Produktverf\u00fcgbarkeit und Versanddienstleister.<\/p><p data-start=\"3290\" data-end=\"3384\">Angegebene Lieferzeiten sind <strong data-start=\"3319\" data-end=\"3334\">Sch\u00e4tzungen<\/strong> und stellen keine garantierten Lieferfristen dar.<\/p><p data-start=\"3386\" data-end=\"3495\">Versandkosten, Z\u00f6lle, Steuern oder Einfuhrgeb\u00fchren (falls zutreffend) liegen in der Verantwortung des Kunden.<\/p><p data-start=\"3497\" data-end=\"3688\">Wir haften nicht f\u00fcr Verz\u00f6gerungen, die durch Versandunternehmen, Zollbeh\u00f6rden oder Ereignisse au\u00dferhalb unserer Kontrolle entstehen (z. B. Naturkatastrophen, Streiks oder globale St\u00f6rungen).<\/p><hr data-start=\"3690\" data-end=\"3693\" \/><h1 data-section-id=\"fgizr1\" data-start=\"3695\" data-end=\"3738\">6. R\u00fcckgaben, R\u00fcckerstattungen &amp; Umtausch<\/h1><p data-start=\"3740\" data-end=\"3964\">R\u00fccksendungen werden innerhalb von <strong data-start=\"3775\" data-end=\"3802\">30 Tagen nach Lieferung<\/strong> akzeptiert, sofern sich die Artikel im <strong data-start=\"3842\" data-end=\"3879\">unbenutzten, ungetragenen Zustand<\/strong> befinden und mit <strong data-start=\"3897\" data-end=\"3941\">Originaletiketten und Originalverpackung<\/strong> zur\u00fcckgesendet werden.<\/p><p data-start=\"3966\" data-end=\"4051\">Um eine R\u00fcckgabe oder einen Umtausch zu beantragen, kontaktieren Sie uns bitte unter:<\/p><p data-start=\"4053\" data-end=\"4073\">\ud83d\udce7 <strong data-start=\"4056\" data-end=\"4073\"><a class=\"decorated-link cursor-pointer\" rel=\"noopener\" data-start=\"4058\" data-end=\"4071\">cs@moroen.com<\/a><\/strong><\/p><p data-start=\"4075\" data-end=\"4152\">Die Kosten f\u00fcr die R\u00fccksendung tr\u00e4gt der Kunde, es sei denn, der Artikel ist:<\/p><ul data-start=\"4154\" data-end=\"4202\"><li data-section-id=\"ttn10t\" data-start=\"4154\" data-end=\"4168\"><p data-start=\"4156\" data-end=\"4168\">besch\u00e4digt<\/p><\/li><li data-section-id=\"wcxnib\" data-start=\"4169\" data-end=\"4183\"><p data-start=\"4171\" data-end=\"4183\">fehlerhaft<\/p><\/li><li data-section-id=\"15hso2k\" data-start=\"4184\" data-end=\"4202\"><p data-start=\"4186\" data-end=\"4202\">falsch geliefert<\/p><\/li><\/ul><p data-start=\"4204\" data-end=\"4312\">R\u00fcckerstattungen erfolgen nach Pr\u00fcfung der zur\u00fcckgesendeten Ware \u00fcber die <strong data-start=\"4278\" data-end=\"4311\">urspr\u00fcngliche Zahlungsmethode<\/strong>.<\/p><p data-start=\"4314\" data-end=\"4440\">Aus hygienischen Gr\u00fcnden k\u00f6nnen bestimmte Artikel m\u00f6glicherweise nicht zur\u00fcckgegeben werden (z. B. Unterw\u00e4sche oder Ohrringe).<\/p><hr data-start=\"4442\" data-end=\"4445\" \/><h1 data-section-id=\"esvxj\" data-start=\"4447\" data-end=\"4470\">7. Geistiges Eigentum<\/h1><p data-start=\"4472\" data-end=\"4520\">Alle Inhalte auf <strong data-start=\"4489\" data-end=\"4503\">moroen.com<\/strong>, einschlie\u00dflich:<\/p><ul data-start=\"4522\" data-end=\"4606\"><li data-section-id=\"19gedow\" data-start=\"4522\" data-end=\"4531\"><p data-start=\"4524\" data-end=\"4531\">Texte<\/p><\/li><li data-section-id=\"1is7z4j\" data-start=\"4532\" data-end=\"4544\"><p data-start=\"4534\" data-end=\"4544\">Grafiken<\/p><\/li><li data-section-id=\"ym5sts\" data-start=\"4545\" data-end=\"4554\"><p data-start=\"4547\" data-end=\"4554\">Logos<\/p><\/li><li data-section-id=\"al0lmk\" data-start=\"4555\" data-end=\"4565\"><p data-start=\"4557\" data-end=\"4565\">Bilder<\/p><\/li><li data-section-id=\"wwm6i2\" data-start=\"4566\" data-end=\"4576\"><p data-start=\"4568\" data-end=\"4576\">Videos<\/p><\/li><li data-section-id=\"gkv32i\" data-start=\"4577\" data-end=\"4595\"><p data-start=\"4579\" data-end=\"4595\">Produktdesigns<\/p><\/li><li data-section-id=\"y78csn\" data-start=\"4596\" data-end=\"4606\"><p data-start=\"4598\" data-end=\"4606\">Software<\/p><\/li><\/ul><p data-start=\"4608\" data-end=\"4723\">sind Eigentum von <strong data-start=\"4626\" data-end=\"4636\">Moroen<\/strong> oder seinen Lizenzgebern und durch geltende Urheberrechts- und Markenrechte gesch\u00fctzt.<\/p><p data-start=\"4725\" data-end=\"4840\">Die Nutzung, Vervielf\u00e4ltigung oder Verbreitung dieser Inhalte ohne vorherige schriftliche Zustimmung ist untersagt.<\/p><hr data-start=\"4842\" data-end=\"4845\" \/><h1 data-section-id=\"w3jh99\" data-start=\"4847\" data-end=\"4886\">8. Dienste &amp; Tools von Drittanbietern<\/h1><p data-start=\"4888\" data-end=\"4982\">Unsere Website kann Links oder Zugriff auf Dienste von Drittanbietern enthalten, zum Beispiel:<\/p><ul data-start=\"4984\" data-end=\"5045\"><li data-section-id=\"tbqe9m\" data-start=\"4984\" data-end=\"5004\"><p data-start=\"4986\" data-end=\"5004\">Zahlungsanbieter<\/p><\/li><li data-section-id=\"1fc5zs3\" data-start=\"5005\" data-end=\"5022\"><p data-start=\"5007\" data-end=\"5022\">Analyse-Tools<\/p><\/li><li data-section-id=\"1v4i50g\" data-start=\"5023\" data-end=\"5045\"><p data-start=\"5025\" data-end=\"5045\">Versanddienstleister<\/p><\/li><\/ul><p data-start=\"5047\" data-end=\"5138\">Wir sind nicht verantwortlich f\u00fcr Inhalte, Richtlinien oder Praktiken dieser Drittanbieter.<\/p><p data-start=\"5140\" data-end=\"5195\">Die Nutzung solcher Dienste erfolgt auf eigenes Risiko.<\/p><hr data-start=\"5197\" data-end=\"5200\" \/><h1 data-section-id=\"84s8cu\" data-start=\"5202\" data-end=\"5224\">9. Verbotene Nutzung<\/h1><p data-start=\"5226\" data-end=\"5288\">Es ist untersagt, unsere Website oder deren Inhalte zu nutzen:<\/p><ul data-start=\"5290\" data-end=\"5554\"><li data-section-id=\"1786t99\" data-start=\"5290\" data-end=\"5318\"><p data-start=\"5292\" data-end=\"5318\">f\u00fcr rechtswidrige Zwecke<\/p><\/li><li data-section-id=\"1f1xill\" data-start=\"5319\" data-end=\"5363\"><p data-start=\"5321\" data-end=\"5363\">zur Aufforderung zu illegalen Handlungen<\/p><\/li><li data-section-id=\"1hjnt65\" data-start=\"5364\" data-end=\"5413\"><p data-start=\"5366\" data-end=\"5413\">zur Verletzung von geistigen Eigentumsrechten<\/p><\/li><li data-section-id=\"wyh1kw\" data-start=\"5414\" data-end=\"5480\"><p data-start=\"5416\" data-end=\"5480\">zur Verbreitung von Schadsoftware, Viren oder sch\u00e4dlichem Code<\/p><\/li><li data-section-id=\"1ndebgf\" data-start=\"5481\" data-end=\"5554\"><p data-start=\"5483\" data-end=\"5554\">zur Beeintr\u00e4chtigung der Sicherheit oder Funktionalit\u00e4t unserer Website<\/p><\/li><\/ul><hr data-start=\"5556\" data-end=\"5559\" \/><h1 data-section-id=\"15fd8z1\" data-start=\"5561\" data-end=\"5587\">10. Haftungsbeschr\u00e4nkung<\/h1><p data-start=\"5589\" data-end=\"5727\">Soweit gesetzlich zul\u00e4ssig haftet <strong data-start=\"5623\" data-end=\"5633\">Moroen<\/strong> nicht f\u00fcr Sch\u00e4den oder Verluste, die aus der Nutzung unserer Website oder Produkte entstehen.<\/p><p data-start=\"5729\" data-end=\"5756\">Dazu geh\u00f6ren unter anderem:<\/p><ul data-start=\"5758\" data-end=\"5847\"><li data-section-id=\"rtx65r\" data-start=\"5758\" data-end=\"5780\"><p data-start=\"5760\" data-end=\"5780\">entgangene Gewinne<\/p><\/li><li data-section-id=\"sgx1km\" data-start=\"5781\" data-end=\"5799\"><p data-start=\"5783\" data-end=\"5799\">Umsatzverluste<\/p><\/li><li data-section-id=\"1ldgy6g\" data-start=\"5800\" data-end=\"5817\"><p data-start=\"5802\" data-end=\"5817\">Datenverluste<\/p><\/li><li data-section-id=\"1w4f5xj\" data-start=\"5818\" data-end=\"5847\"><p data-start=\"5820\" data-end=\"5847\">indirekte oder Folgesch\u00e4den<\/p><\/li><\/ul><p data-start=\"5849\" data-end=\"5959\">In jedem Fall ist unsere Haftung auf den Betrag beschr\u00e4nkt, den Sie f\u00fcr das betreffende Produkt bezahlt haben.<\/p><hr data-start=\"5961\" data-end=\"5964\" \/><h1 data-section-id=\"1p6orl9\" data-start=\"5966\" data-end=\"5997\">11. Gew\u00e4hrleistungsausschluss<\/h1><p data-start=\"5999\" data-end=\"6098\">Alle Produkte und Dienstleistungen werden \u201e<strong data-start=\"6042\" data-end=\"6057\">wie besehen<\/strong>\u201c und \u201e<strong data-start=\"6064\" data-end=\"6081\">wie verf\u00fcgbar<\/strong>\u201c bereitgestellt.<\/p><p data-start=\"6100\" data-end=\"6157\">Wir \u00fcbernehmen keine Garantie daf\u00fcr, dass unsere Website:<\/p><ul data-start=\"6159\" data-end=\"6255\"><li data-section-id=\"hi8z05\" data-start=\"6159\" data-end=\"6186\"><p data-start=\"6161\" data-end=\"6186\">jederzeit verf\u00fcgbar ist<\/p><\/li><li data-section-id=\"azyruo\" data-start=\"6187\" data-end=\"6214\"><p data-start=\"6189\" data-end=\"6214\">fehlerfrei funktioniert<\/p><\/li><li data-section-id=\"lht3iq\" data-start=\"6215\" data-end=\"6255\"><p data-start=\"6217\" data-end=\"6255\">vollst\u00e4ndig sicher oder virenfrei ist.<\/p><\/li><\/ul><hr data-start=\"6257\" data-end=\"6260\" \/><h1 data-section-id=\"y2fulc\" data-start=\"6262\" data-end=\"6283\">12. Geltendes Recht<\/h1><p data-start=\"6285\" data-end=\"6407\">Diese Allgemeinen Gesch\u00e4ftsbedingungen unterliegen den Gesetzen von <strong data-start=\"6353\" data-end=\"6372\">[Land einf\u00fcgen]<\/strong> und werden entsprechend ausgelegt.<\/p><p data-start=\"6409\" data-end=\"6509\">Im Falle von Streitigkeiten bem\u00fchen sich beide Parteien zun\u00e4chst um eine <strong data-start=\"6482\" data-end=\"6508\">einvernehmliche L\u00f6sung<\/strong>.<\/p><p data-start=\"6511\" data-end=\"6686\">Falls keine Einigung erzielt wird, werden Streitigkeiten vor den zust\u00e4ndigen Gerichten von <strong data-start=\"6602\" data-end=\"6620\">[Ort einf\u00fcgen]<\/strong> entschieden, sofern gesetzlich nichts anderes vorgeschrieben ist.<\/p><hr data-start=\"6688\" data-end=\"6691\" \/><h1 data-section-id=\"t8baat\" data-start=\"6693\" data-end=\"6708\">13. K\u00fcndigung<\/h1><p data-start=\"6710\" data-end=\"6940\">Wir behalten uns das Recht vor, den Zugriff auf unsere Website jederzeit und ohne vorherige Ank\u00fcndigung zu sperren oder zu beenden, wenn ein Verhalten vorliegt, das gegen diese Bedingungen verst\u00f6\u00dft oder unseren Interessen schadet.<\/p><p data-start=\"6942\" data-end=\"7045\">Alle Verpflichtungen, die vor der K\u00fcndigung entstanden sind, bleiben auch nach der Beendigung bestehen.<\/p><hr data-start=\"7047\" data-end=\"7050\" \/><h1 data-section-id=\"d7ui7h\" data-start=\"7052\" data-end=\"7065\">14. Kontakt<\/h1><p data-start=\"7067\" data-end=\"7166\">Wenn Sie Fragen zu diesen Allgemeinen Gesch\u00e4ftsbedingungen haben, kontaktieren Sie uns bitte unter:<\/p><p data-start=\"7168\" data-end=\"7188\">\ud83d\udce7 <strong data-start=\"7171\" data-end=\"7188\"><a class=\"decorated-link cursor-pointer\" rel=\"noopener\" data-start=\"7173\" data-end=\"7186\">cs@moroen.com<\/a><\/strong><\/p>\t\t\t\t\t\t\t\t<\/div>\n\t\t\t\t<\/div>\n\t\t\t\t\t<\/div>\n\t\t\t\t<\/div>\n\t\t\t\t<\/div>\n\t\t","protected":false},"excerpt":{"rendered":"<p>Allgemeine Gesch\u00e4ftsbedingungen (AGB) Willkommen auf moroen.com.Durch den Zugriff auf unsere Website, das Browsen oder den Kauf \u00fcber unsere Website erkl\u00e4ren Sie sich damit einverstanden, diese Allgemeinen Gesch\u00e4ftsbedingungen (\u201eAGB\u201c) einzuhalten und an sie gebunden zu sein. Diese Bedingungen gelten f\u00fcr alle Nutzer der Website, einschlie\u00dflich Besucher, Kunden, H\u00e4ndler und andere Nutzer der Website. Wenn Sie mit [&hellip;]<\/p>\n","protected":false},"author":1,"featured_media":0,"parent":0,"menu_order":0,"comment_status":"closed","ping_status":"closed","template":"template-builder.php","meta":{"_acf_changed":false,"footnotes":""},"class_list":["post-195","page","type-page","status-publish","hentry"],"acf":[],"_links":{"self":[{"href":"https:\/\/moroen.com\/it\/wp-json\/wp\/v2\/pages\/195","targetHints":{"allow":["GET"]}}],"collection":[{"href":"https:\/\/moroen.com\/it\/wp-json\/wp\/v2\/pages"}],"about":[{"href":"https:\/\/moroen.com\/it\/wp-json\/wp\/v2\/types\/page"}],"author":[{"embeddable":true,"href":"https:\/\/moroen.com\/it\/wp-json\/wp\/v2\/users\/1"}],"replies":[{"embeddable":true,"href":"https:\/\/moroen.com\/it\/wp-json\/wp\/v2\/comments?post=195"}],"version-history":[{"count":3,"href":"https:\/\/moroen.com\/it\/wp-json\/wp\/v2\/pages\/195\/revisions"}],"predecessor-version":[{"id":631081,"href":"https:\/\/moroen.com\/it\/wp-json\/wp\/v2\/pages\/195\/revisions\/631081"}],"wp:attachment":[{"href":"https:\/\/moroen.com\/it\/wp-json\/wp\/v2\/media?parent=195"}],"curies":[{"name":"wp","href":"https:\/\/api.w.org\/{rel}","templated":true}]}}