{"id":196,"date":"2025-05-30T20:22:23","date_gmt":"2025-05-30T20:22:23","guid":{"rendered":"https:\/\/moroen.com\/index.php\/frequently-asked-questions\/"},"modified":"2026-03-22T22:45:59","modified_gmt":"2026-03-23T03:45:59","slug":"frequently-asked-questions","status":"publish","type":"page","link":"https:\/\/moroen.com\/it\/frequently-asked-questions\/","title":{"rendered":"Domande frequenti"},"content":{"rendered":"\t\t<div data-elementor-type=\"wp-post\" data-elementor-id=\"196\" class=\"elementor elementor-196\">\n\t\t\t\t<div class=\"e-con-top elementor-element elementor-element-6333fa37 e-flex e-con-boxed e-con e-parent\" data-id=\"6333fa37\" data-element_type=\"container\">\n\t\t\t\t\t<div class=\"e-con-inner\">\n\t\t\t\t<div class=\"elementor-element elementor-element-2632ae8b elementor-widget elementor-widget-text-editor\" data-id=\"2632ae8b\" data-element_type=\"widget\" data-widget_type=\"text-editor.default\">\n\t\t\t\t<div class=\"elementor-widget-container\">\n\t\t\t\t\t\t\t\t\t<h1 data-section-id=\"wevb6i\" data-start=\"208\" data-end=\"239\">FAQ \u2013 H\u00e4ufig gestellte Fragen<\/h1><p data-start=\"241\" data-end=\"358\">Willkommen auf unserer FAQ-Seite!<br data-start=\"274\" data-end=\"277\" \/>Hier finden Sie Antworten auf die h\u00e4ufigsten Fragen zum Einkaufen bei <strong data-start=\"347\" data-end=\"357\">Moroen<\/strong>.<\/p><p data-start=\"360\" data-end=\"478\">Sollten Sie hier keine passende Antwort finden, wenden Sie sich gerne an unser Support-Team unter:<br data-start=\"458\" data-end=\"461\" \/><strong data-start=\"461\" data-end=\"478\"><a class=\"decorated-link cursor-pointer\" rel=\"noopener\" data-start=\"463\" data-end=\"476\">cs@moroen.com<\/a><\/strong><\/p><hr data-start=\"480\" data-end=\"483\" \/><h1 data-section-id=\"g8zyqi\" data-start=\"485\" data-end=\"511\">Bestellungen &amp; Zahlungen<\/h1><h3 data-section-id=\"1muwqx\" data-start=\"513\" data-end=\"550\">Wie gebe ich eine Bestellung auf?<\/h3><p data-start=\"551\" data-end=\"790\">St\u00f6bern Sie einfach in unseren Kollektionen, w\u00e4hlen Sie Ihre gew\u00fcnschten Artikel aus, bestimmen Sie Gr\u00f6\u00dfe und Farbe und klicken Sie anschlie\u00dfend auf <strong data-start=\"700\" data-end=\"722\">\u201eIn den Warenkorb\u201c<\/strong>. Danach k\u00f6nnen Sie zur Kasse gehen und Ihre Bestellung abschlie\u00dfen.<\/p><h3 data-section-id=\"hn53ee\" data-start=\"792\" data-end=\"836\">Welche Zahlungsmethoden akzeptieren Sie?<\/h3><p data-start=\"837\" data-end=\"998\">Wir akzeptieren alle g\u00e4ngigen Kredit- und Debitkarten, <strong data-start=\"892\" data-end=\"902\">PayPal<\/strong> sowie weitere sichere Zahlungsmethoden, die Ihnen w\u00e4hrend des Bestellvorgangs angezeigt werden.<\/p><h3 data-section-id=\"w398cn\" data-start=\"1000\" data-end=\"1066\">Kann ich meine Bestellung nachtr\u00e4glich \u00e4ndern oder stornieren?<\/h3><p data-start=\"1067\" data-end=\"1276\">Bestellungen k\u00f6nnen innerhalb von <strong data-start=\"1101\" data-end=\"1129\">12 Stunden nach dem Kauf<\/strong> ge\u00e4ndert oder storniert werden. Bitte kontaktieren Sie uns so schnell wie m\u00f6glich unter <strong data-start=\"1218\" data-end=\"1235\"><a class=\"decorated-link cursor-pointer\" rel=\"noopener\" data-start=\"1220\" data-end=\"1233\">cs@moroen.com<\/a><\/strong> und geben Sie Ihre <strong data-start=\"1255\" data-end=\"1272\">Bestellnummer<\/strong> an.<\/p><hr data-start=\"1278\" data-end=\"1281\" \/><h1 data-section-id=\"1ga3gc4\" data-start=\"1283\" data-end=\"1304\">Versand &amp; Lieferung<\/h1><h3 data-section-id=\"15acfwq\" data-start=\"1306\" data-end=\"1338\">Versenden Sie international?<\/h3><p data-start=\"1339\" data-end=\"1443\">Ja! Wir versenden <strong data-start=\"1357\" data-end=\"1369\">weltweit<\/strong>. Versandkosten und Lieferzeiten k\u00f6nnen je nach Land und Region variieren.<\/p><h3 data-section-id=\"14k0awl\" data-start=\"1445\" data-end=\"1480\">Wie lange dauert die Lieferung?<\/h3><p data-start=\"1481\" data-end=\"1677\">Die Standardlieferung dauert in der Regel <strong data-start=\"1523\" data-end=\"1540\">7\u201314 Werktage<\/strong>, abh\u00e4ngig von Ihrem Standort.<br data-start=\"1570\" data-end=\"1573\" \/>Sobald Ihre Bestellung versandt wurde, erhalten Sie eine <strong data-start=\"1630\" data-end=\"1676\">E-Mail mit einer Sendungsverfolgungsnummer<\/strong>.<\/p><h3 data-section-id=\"16sok9d\" data-start=\"1679\" data-end=\"1723\">Wie kann ich meine Bestellung verfolgen?<\/h3><p data-start=\"1724\" data-end=\"1920\">Sobald Ihr Paket versendet wurde, erhalten Sie eine E-Mail mit Ihrem <strong data-start=\"1793\" data-end=\"1810\">Tracking-Link<\/strong>.<br data-start=\"1811\" data-end=\"1814\" \/>Alternativ k\u00f6nnen Sie den Status Ihrer Bestellung auch auf unserer <strong data-start=\"1881\" data-end=\"1908\">Bestellverfolgungsseite<\/strong> \u00fcberpr\u00fcfen.<\/p><hr data-start=\"1922\" data-end=\"1925\" \/><h1 data-section-id=\"gfmqdp\" data-start=\"1927\" data-end=\"1953\">R\u00fccksendungen &amp; Umtausch<\/h1><h3 data-section-id=\"1d773d9\" data-start=\"1955\" data-end=\"1994\">Wie lautet Ihre R\u00fcckgaberichtlinie?<\/h3><p data-start=\"1995\" data-end=\"2220\">Wir akzeptieren R\u00fccksendungen innerhalb von <strong data-start=\"2039\" data-end=\"2066\">30 Tagen nach Lieferung<\/strong>, sofern sich die Artikel im <strong data-start=\"2095\" data-end=\"2135\">unbenutzten und ungetragenen Zustand<\/strong> befinden und mit <strong data-start=\"2153\" data-end=\"2197\">Originaletiketten und Originalverpackung<\/strong> zur\u00fcckgesendet werden.<\/p><p data-start=\"2222\" data-end=\"2341\">Bitte beachten Sie:<br data-start=\"2241\" data-end=\"2244\" \/>Die <strong data-start=\"2248\" data-end=\"2283\">R\u00fccksendekosten tr\u00e4gt der Kunde<\/strong>, es sei denn, der Artikel ist besch\u00e4digt oder fehlerhaft.<\/p><h3 data-section-id=\"i8vwls\" data-start=\"2343\" data-end=\"2396\">Wie starte ich eine R\u00fcckgabe oder einen Umtausch?<\/h3><p data-start=\"2397\" data-end=\"2584\">Bitte senden Sie uns eine E-Mail an <strong data-start=\"2433\" data-end=\"2450\"><a class=\"decorated-link cursor-pointer\" rel=\"noopener\" data-start=\"2435\" data-end=\"2448\">cs@moroen.com<\/a><\/strong> mit Ihrer <strong data-start=\"2461\" data-end=\"2478\">Bestellnummer<\/strong> und dem <strong data-start=\"2487\" data-end=\"2516\">Grund f\u00fcr die R\u00fccksendung<\/strong>.<br data-start=\"2517\" data-end=\"2520\" \/>Unser Support-Team wird Sie durch den R\u00fcckgabeprozess begleiten.<\/p><hr data-start=\"2586\" data-end=\"2589\" \/><h1 data-section-id=\"l7utpt\" data-start=\"2591\" data-end=\"2610\">Produkte &amp; Gr\u00f6\u00dfen<\/h1><h3 data-section-id=\"1nsvjd9\" data-start=\"2612\" data-end=\"2664\">Woher wei\u00df ich, welche Gr\u00f6\u00dfe ich bestellen soll?<\/h3><p data-start=\"2665\" data-end=\"2847\">Auf jeder Produktseite finden Sie eine <strong data-start=\"2704\" data-end=\"2734\">detaillierte Gr\u00f6\u00dfentabelle<\/strong>. Wenn Sie zwischen zwei Gr\u00f6\u00dfen liegen, empfehlen wir, <strong data-start=\"2789\" data-end=\"2810\">die gr\u00f6\u00dfere Gr\u00f6\u00dfe<\/strong> f\u00fcr einen bequemeren Sitz zu w\u00e4hlen.<\/p><h3 data-section-id=\"1h3w3gf\" data-start=\"2849\" data-end=\"2892\">Fallen Ihre Produkte gr\u00f6\u00dfengerecht aus?<\/h3><p data-start=\"2893\" data-end=\"3083\">Die meisten unserer Artikel entsprechen der <strong data-start=\"2937\" data-end=\"2958\">\u00fcblichen Passform<\/strong>. Wir empfehlen dennoch, vor der Bestellung einen Blick auf die <strong data-start=\"3022\" data-end=\"3039\">Gr\u00f6\u00dfentabelle<\/strong> zu werfen, um die passende Gr\u00f6\u00dfe zu finden.<\/p><hr data-start=\"3085\" data-end=\"3088\" \/><h1 data-section-id=\"6jpzsm\" data-start=\"3090\" data-end=\"3105\">Kundensupport<\/h1><h3 data-section-id=\"9dqg5c\" data-start=\"3107\" data-end=\"3141\">Wie kann ich Sie kontaktieren?<\/h3><p data-start=\"3142\" data-end=\"3320\">Sie k\u00f6nnen uns jederzeit per E-Mail unter <strong data-start=\"3184\" data-end=\"3201\"><a class=\"decorated-link cursor-pointer\" rel=\"noopener\" data-start=\"3186\" data-end=\"3199\">cs@moroen.com<\/a><\/strong> oder \u00fcber unsere <strong data-start=\"3219\" data-end=\"3235\">Kontaktseite<\/strong> erreichen.<br data-start=\"3246\" data-end=\"3249\" \/>Unser Support-Team antwortet in der Regel <strong data-start=\"3291\" data-end=\"3319\">innerhalb von 24 Stunden<\/strong>.<\/p><h3 data-section-id=\"1hdjeu9\" data-start=\"3322\" data-end=\"3368\">Bieten Sie Rabatte oder Sonderangebote an?<\/h3><p data-start=\"3369\" data-end=\"3495\">Ja! Abonnieren Sie unseren <strong data-start=\"3396\" data-end=\"3410\">Newsletter<\/strong>, um \u00fcber <strong data-start=\"3420\" data-end=\"3473\">exklusive Angebote, Rabatte und neue Kollektionen<\/strong> informiert zu werden.<\/p><hr data-start=\"3497\" data-end=\"3500\" \/><p data-start=\"3502\" data-end=\"3603\">\u2728 <strong data-start=\"3504\" data-end=\"3520\">Noch Fragen?<\/strong><br data-start=\"3520\" data-end=\"3523\" \/>Z\u00f6gern Sie nicht, uns zu kontaktieren \u2013 wir helfen Ihnen jederzeit gerne weiter!<\/p>\t\t\t\t\t\t\t\t<\/div>\n\t\t\t\t<\/div>\n\t\t\t\t\t<\/div>\n\t\t\t\t<\/div>\n\t\t\t\t<\/div>\n\t\t","protected":false},"excerpt":{"rendered":"<p>FAQ \u2013 H\u00e4ufig gestellte Fragen Willkommen auf unserer FAQ-Seite!Hier finden Sie Antworten auf die h\u00e4ufigsten Fragen zum Einkaufen bei Moroen. Sollten Sie hier keine passende Antwort finden, wenden Sie sich gerne an unser Support-Team unter:cs@moroen.com Bestellungen &amp; Zahlungen Wie gebe ich eine Bestellung auf? St\u00f6bern Sie einfach in unseren Kollektionen, w\u00e4hlen Sie Ihre gew\u00fcnschten Artikel [&hellip;]<\/p>\n","protected":false},"author":1,"featured_media":0,"parent":0,"menu_order":0,"comment_status":"closed","ping_status":"closed","template":"template-builder.php","meta":{"_acf_changed":false,"footnotes":""},"class_list":["post-196","page","type-page","status-publish","hentry"],"acf":[],"_links":{"self":[{"href":"https:\/\/moroen.com\/it\/wp-json\/wp\/v2\/pages\/196","targetHints":{"allow":["GET"]}}],"collection":[{"href":"https:\/\/moroen.com\/it\/wp-json\/wp\/v2\/pages"}],"about":[{"href":"https:\/\/moroen.com\/it\/wp-json\/wp\/v2\/types\/page"}],"author":[{"embeddable":true,"href":"https:\/\/moroen.com\/it\/wp-json\/wp\/v2\/users\/1"}],"replies":[{"embeddable":true,"href":"https:\/\/moroen.com\/it\/wp-json\/wp\/v2\/comments?post=196"}],"version-history":[{"count":3,"href":"https:\/\/moroen.com\/it\/wp-json\/wp\/v2\/pages\/196\/revisions"}],"predecessor-version":[{"id":631083,"href":"https:\/\/moroen.com\/it\/wp-json\/wp\/v2\/pages\/196\/revisions\/631083"}],"wp:attachment":[{"href":"https:\/\/moroen.com\/it\/wp-json\/wp\/v2\/media?parent=196"}],"curies":[{"name":"wp","href":"https:\/\/api.w.org\/{rel}","templated":true}]}}