{"id":3,"date":"2025-06-04T07:57:14","date_gmt":"2025-06-04T07:57:14","guid":{"rendered":"https:\/\/moroen.com\/?page_id=3"},"modified":"2026-03-22T22:48:25","modified_gmt":"2026-03-23T03:48:25","slug":"privacy-policy","status":"publish","type":"page","link":"https:\/\/moroen.com\/it\/privacy-policy\/","title":{"rendered":"Informativa sulla privacy"},"content":{"rendered":"\t\t<div data-elementor-type=\"wp-page\" data-elementor-id=\"3\" class=\"elementor elementor-3\">\n\t\t\t\t<div class=\"e-con-top elementor-element elementor-element-267b7bf6 e-flex e-con-boxed e-con e-parent\" data-id=\"267b7bf6\" data-element_type=\"container\">\n\t\t\t\t\t<div class=\"e-con-inner\">\n\t\t\t\t<div class=\"elementor-element elementor-element-5cbfa37a elementor-widget elementor-widget-text-editor\" data-id=\"5cbfa37a\" data-element_type=\"widget\" data-widget_type=\"text-editor.default\">\n\t\t\t\t<div class=\"elementor-widget-container\">\n\t\t\t\t\t\t\t\t\t\n<p data-start=\"276\" data-end=\"515\">Bei <strong data-start=\"280\" data-end=\"290\">Moroen<\/strong> nehmen wir den Schutz Ihrer pers\u00f6nlichen Daten sehr ernst.<br data-start=\"349\" data-end=\"352\" \/>Diese Datenschutzerkl\u00e4rung erl\u00e4utert, wie wir Ihre Daten erfassen, verwenden und sch\u00fctzen, wenn Sie unsere Website <strong data-start=\"467\" data-end=\"481\">moroen.com<\/strong> besuchen oder einen Kauf t\u00e4tigen.<\/p>\n<hr data-start=\"517\" data-end=\"520\" \/>\n<h1 class=\"wp-block-heading\" data-section-id=\"wwgr6s\" data-start=\"522\" data-end=\"552\">1. Welche Daten wir erfassen<\/h1>\n<p data-start=\"554\" data-end=\"641\">Wenn Sie unsere Website besuchen, k\u00f6nnen wir folgende Arten von Informationen erfassen:<\/p>\n<h3 data-section-id=\"104kuux\" data-start=\"643\" data-end=\"669\">Personenbezogene Daten<\/h3>\n<p data-start=\"670\" data-end=\"683\">Zum Beispiel:<\/p>\n<ul data-start=\"685\" data-end=\"806\">\n<li data-section-id=\"1t2yru7\" data-start=\"685\" data-end=\"693\">\n<p data-start=\"687\" data-end=\"693\">Name<\/p>\n<\/li>\n<li data-section-id=\"1iykec3\" data-start=\"694\" data-end=\"712\">\n<p data-start=\"696\" data-end=\"712\">E-Mail-Adresse<\/p>\n<\/li>\n<li data-section-id=\"5d31pd\" data-start=\"713\" data-end=\"745\">\n<p data-start=\"715\" data-end=\"745\">Liefer- und Rechnungsadresse<\/p>\n<\/li>\n<li data-section-id=\"3hqahn\" data-start=\"746\" data-end=\"763\">\n<p data-start=\"748\" data-end=\"763\">Telefonnummer<\/p>\n<\/li>\n<li data-section-id=\"108h7pe\" data-start=\"764\" data-end=\"806\">\n<p data-start=\"766\" data-end=\"806\">Zahlungsinformationen (bei Bestellungen)<\/p>\n<\/li>\n<\/ul>\n<p data-start=\"808\" data-end=\"926\">Diese Daten werden erhoben, wenn Sie eine Bestellung aufgeben oder uns freiwillig Informationen zur Verf\u00fcgung stellen.<\/p>\n<h3 data-section-id=\"dj1ow1\" data-start=\"928\" data-end=\"960\">Nicht personenbezogene Daten<\/h3>\n<p data-start=\"961\" data-end=\"988\">Dazu geh\u00f6ren unter anderem:<\/p>\n<ul data-start=\"990\" data-end=\"1079\">\n<li data-section-id=\"4rxf3t\" data-start=\"990\" data-end=\"1004\">\n<p data-start=\"992\" data-end=\"1004\">Browsertyp<\/p>\n<\/li>\n<li data-section-id=\"vz2isq\" data-start=\"1005\" data-end=\"1028\">\n<p data-start=\"1007\" data-end=\"1028\">Ger\u00e4teinformationen<\/p>\n<\/li>\n<li data-section-id=\"1h0uk97\" data-start=\"1029\" data-end=\"1043\">\n<p data-start=\"1031\" data-end=\"1043\">IP-Adresse<\/p>\n<\/li>\n<li data-section-id=\"gbouok\" data-start=\"1044\" data-end=\"1079\">\n<p data-start=\"1046\" data-end=\"1079\">Cookies und \u00e4hnliche Technologien<\/p>\n<\/li>\n<\/ul>\n<p data-start=\"1081\" data-end=\"1175\">Diese Informationen helfen uns, die Funktionalit\u00e4t und Leistung unserer Website zu verbessern.<\/p>\n<h3 data-section-id=\"156df2p\" data-start=\"1177\" data-end=\"1202\">Konto &amp; Kommunikation<\/h3>\n<p data-start=\"1203\" data-end=\"1368\">Wenn Sie unseren Newsletter abonnieren oder uns kontaktieren, k\u00f6nnen wir Ihre E-Mail-Adresse und andere von Ihnen freiwillig bereitgestellte Informationen speichern.<\/p>\n<hr data-start=\"1370\" data-end=\"1373\" \/>\n<h1 data-section-id=\"1anyb83\" data-start=\"1375\" data-end=\"1408\">2. Wie wir Ihre Daten verwenden<\/h1>\n<p data-start=\"1410\" data-end=\"1447\">Wir verwenden Ihre Informationen, um:<\/p>\n<ul data-start=\"1449\" data-end=\"1775\">\n<li data-section-id=\"hfrxwa\" data-start=\"1449\" data-end=\"1500\">\n<p data-start=\"1451\" data-end=\"1500\">Ihre Bestellungen zu bearbeiten und auszuf\u00fchren<\/p>\n<\/li>\n<li data-section-id=\"1hkhg87\" data-start=\"1501\" data-end=\"1565\">\n<p data-start=\"1503\" data-end=\"1565\">Sie \u00fcber Bestellstatus, Updates oder Angebote zu informieren<\/p>\n<\/li>\n<li data-section-id=\"9awtwo\" data-start=\"1566\" data-end=\"1641\">\n<p data-start=\"1568\" data-end=\"1641\">unsere Website, Dienstleistungen und Ihr Einkaufserlebnis zu verbessern<\/p>\n<\/li>\n<li data-section-id=\"15p3ztb\" data-start=\"1642\" data-end=\"1733\">\n<p data-start=\"1644\" data-end=\"1733\">Betrug, unbefugte Transaktionen oder illegale Aktivit\u00e4ten zu erkennen und zu verhindern<\/p>\n<\/li>\n<li data-section-id=\"1xzj3p0\" data-start=\"1734\" data-end=\"1775\">\n<p data-start=\"1736\" data-end=\"1775\">gesetzliche Verpflichtungen einzuhalten<\/p>\n<\/li>\n<\/ul>\n<hr data-start=\"1777\" data-end=\"1780\" \/>\n<h1 data-section-id=\"g3wf4s\" data-start=\"1782\" data-end=\"1809\">3. Weitergabe Ihrer Daten<\/h1>\n<p data-start=\"1811\" data-end=\"1899\">Wir respektieren Ihre Privatsph\u00e4re und <strong data-start=\"1850\" data-end=\"1898\">verkaufen Ihre personenbezogenen Daten nicht<\/strong>.<\/p>\n<p data-start=\"1901\" data-end=\"1987\">Wir k\u00f6nnen Ihre Daten jedoch an vertrauensw\u00fcrdige Drittanbieter weitergeben, darunter:<\/p>\n<p data-start=\"1989\" data-end=\"2067\"><strong data-start=\"1989\" data-end=\"2009\">Zahlungsanbieter<\/strong><br data-start=\"2009\" data-end=\"2012\" \/>(z. B. PayPal, Stripe) zur sicheren Zahlungsabwicklung.<\/p>\n<p data-start=\"2069\" data-end=\"2127\"><strong data-start=\"2069\" data-end=\"2093\">Versanddienstleister<\/strong><br data-start=\"2093\" data-end=\"2096\" \/>zur Lieferung Ihrer Bestellung.<\/p>\n<p data-start=\"2129\" data-end=\"2256\"><strong data-start=\"2129\" data-end=\"2162\">Analyse- und Marketingdienste<\/strong><br data-start=\"2162\" data-end=\"2165\" \/>(z. B. Google Analytics, Meta Ads), um unsere Website und Marketingma\u00dfnahmen zu verbessern.<\/p>\n<p data-start=\"2258\" data-end=\"2356\">Diese Partner erhalten nur die Daten, die zur Erbringung ihrer Dienstleistungen erforderlich sind.<\/p>\n<hr data-start=\"2358\" data-end=\"2361\" \/>\n<h1 data-section-id=\"1c0sl2j\" data-start=\"2363\" data-end=\"2401\">4. Cookies und Tracking-Technologien<\/h1>\n<p data-start=\"2403\" data-end=\"2455\">Wir verwenden Cookies und \u00e4hnliche Technologien, um:<\/p>\n<ul data-start=\"2457\" data-end=\"2647\">\n<li data-section-id=\"1rr2ftc\" data-start=\"2457\" data-end=\"2549\">\n<p data-start=\"2459\" data-end=\"2549\">grundlegende Funktionen der Website zu erm\u00f6glichen (Warenkorb, Anmeldung, Einstellungen)<\/p>\n<\/li>\n<li data-section-id=\"10xkat3\" data-start=\"2550\" data-end=\"2596\">\n<p data-start=\"2552\" data-end=\"2596\">Website-Traffic und Nutzung zu analysieren<\/p>\n<\/li>\n<li data-section-id=\"mzc3ad\" data-start=\"2597\" data-end=\"2647\">\n<p data-start=\"2599\" data-end=\"2647\">ein personalisiertes Einkaufserlebnis anzubieten<\/p>\n<\/li>\n<\/ul>\n<p data-start=\"2649\" data-end=\"2862\">Sie k\u00f6nnen Cookies jederzeit \u00fcber die Einstellungen Ihres Browsers verwalten oder deaktivieren. Bitte beachten Sie, dass einige Funktionen der Website ohne Cookies m\u00f6glicherweise nicht ordnungsgem\u00e4\u00df funktionieren.<\/p>\n<hr data-start=\"2864\" data-end=\"2867\" \/>\n<h1 data-section-id=\"8x12qp\" data-start=\"2869\" data-end=\"2905\">5. Datenspeicherung und Sicherheit<\/h1>\n<p data-start=\"2907\" data-end=\"3038\">Wir speichern Ihre personenbezogenen Daten nur so lange, wie es f\u00fcr die in dieser Richtlinie beschriebenen Zwecke erforderlich ist.<\/p>\n<p data-start=\"3040\" data-end=\"3195\">Wir setzen angemessene technische und organisatorische Sicherheitsma\u00dfnahmen ein, um Ihre Daten vor unbefugtem Zugriff, Verlust oder Missbrauch zu sch\u00fctzen.<\/p>\n<hr data-start=\"3197\" data-end=\"3200\" \/>\n<h1 data-section-id=\"15u4hph\" data-start=\"3202\" data-end=\"3218\">6. Ihre Rechte<\/h1>\n<p data-start=\"3220\" data-end=\"3288\">Abh\u00e4ngig von Ihrem Wohnort haben Sie m\u00f6glicherweise folgende Rechte:<\/p>\n<ul data-start=\"3290\" data-end=\"3593\">\n<li data-section-id=\"h5h0i7\" data-start=\"3290\" data-end=\"3362\">\n<p data-start=\"3292\" data-end=\"3362\">Auskunft \u00fcber Ihre gespeicherten personenbezogenen Daten zu erhalten<\/p>\n<\/li>\n<li data-section-id=\"zoen1o\" data-start=\"3363\" data-end=\"3414\">\n<p data-start=\"3365\" data-end=\"3414\">die Berichtigung unrichtiger Daten zu verlangen<\/p>\n<\/li>\n<li data-section-id=\"115te0c\" data-start=\"3415\" data-end=\"3457\">\n<p data-start=\"3417\" data-end=\"3457\">die L\u00f6schung Ihrer Daten zu beantragen<\/p>\n<\/li>\n<li data-section-id=\"16hy76v\" data-start=\"3458\" data-end=\"3507\">\n<p data-start=\"3460\" data-end=\"3507\">der Verarbeitung Ihrer Daten zu widersprechen<\/p>\n<\/li>\n<li data-section-id=\"3tgxcf\" data-start=\"3508\" data-end=\"3593\">\n<p data-start=\"3510\" data-end=\"3593\">Marketing-E-Mails jederzeit abzubestellen (\u00fcber den Abmeldelink in unseren E-Mails)<\/p>\n<\/li>\n<\/ul>\n<p data-start=\"3595\" data-end=\"3655\">F\u00fcr entsprechende Anfragen kontaktieren Sie uns bitte unter:<\/p>\n<p data-start=\"3657\" data-end=\"3677\">\ud83d\udce7 <strong data-start=\"3660\" data-end=\"3677\"><a class=\"decorated-link cursor-pointer\" rel=\"noopener\" data-start=\"3662\" data-end=\"3675\">cs@moroen.com<\/a><\/strong><\/p>\n<hr data-start=\"3679\" data-end=\"3682\" \/>\n<h1 data-section-id=\"k6l30x\" data-start=\"3684\" data-end=\"3711\">7. Datenschutz f\u00fcr Kinder<\/h1>\n<p data-start=\"3713\" data-end=\"3848\">Unsere Website richtet sich nicht an Personen unter <strong data-start=\"3765\" data-end=\"3778\">13 Jahren<\/strong>.<br data-start=\"3779\" data-end=\"3782\" \/>Wir sammeln wissentlich keine personenbezogenen Daten von Kindern.<\/p>\n<hr data-start=\"3850\" data-end=\"3853\" \/>\n<h1 data-section-id=\"r9q6wh\" data-start=\"3855\" data-end=\"3898\">8. \u00c4nderungen dieser Datenschutzerkl\u00e4rung<\/h1>\n<p data-start=\"3900\" data-end=\"4120\">Wir k\u00f6nnen diese Datenschutzerkl\u00e4rung gelegentlich aktualisieren, um \u00c4nderungen unserer Praktiken oder rechtliche Anforderungen zu ber\u00fccksichtigen.<br data-start=\"4047\" data-end=\"4050\" \/>Die jeweils aktuelle Version ist jederzeit auf dieser Seite verf\u00fcgbar.<\/p>\n<hr data-start=\"4122\" data-end=\"4125\" \/>\n<h1 data-section-id=\"4sa19t\" data-start=\"4127\" data-end=\"4139\">9. Kontakt<\/h1>\n<p data-start=\"4141\" data-end=\"4256\">Wenn Sie Fragen zu dieser Datenschutzerkl\u00e4rung oder zur Verarbeitung Ihrer Daten haben, kontaktieren Sie uns bitte:<\/p>\n<p data-start=\"4258\" data-end=\"4278\">\ud83d\udce7 <strong data-start=\"4261\" data-end=\"4278\"><a class=\"decorated-link cursor-pointer\" rel=\"noopener\" data-start=\"4263\" data-end=\"4276\">cs@moroen.com<\/a><\/strong><\/p>\n\t\t\t\t\t\t\t\t<\/div>\n\t\t\t\t<\/div>\n\t\t\t\t\t<\/div>\n\t\t\t\t<\/div>\n\t\t\t\t<\/div>\n\t\t","protected":false},"excerpt":{"rendered":"<p>Bei Moroen nehmen wir den Schutz Ihrer pers\u00f6nlichen Daten sehr ernst.Diese Datenschutzerkl\u00e4rung erl\u00e4utert, wie wir Ihre Daten erfassen, verwenden und sch\u00fctzen, wenn Sie unsere Website moroen.com besuchen oder einen Kauf t\u00e4tigen. 1. Welche Daten wir erfassen Wenn Sie unsere Website besuchen, k\u00f6nnen wir folgende Arten von Informationen erfassen: Personenbezogene Daten Zum Beispiel: Name E-Mail-Adresse Liefer- [&hellip;]<\/p>\n","protected":false},"author":1,"featured_media":0,"parent":0,"menu_order":0,"comment_status":"closed","ping_status":"closed","template":"","meta":{"_acf_changed":false,"footnotes":""},"class_list":["post-3","page","type-page","status-publish","hentry"],"acf":[],"_links":{"self":[{"href":"https:\/\/moroen.com\/it\/wp-json\/wp\/v2\/pages\/3","targetHints":{"allow":["GET"]}}],"collection":[{"href":"https:\/\/moroen.com\/it\/wp-json\/wp\/v2\/pages"}],"about":[{"href":"https:\/\/moroen.com\/it\/wp-json\/wp\/v2\/types\/page"}],"author":[{"embeddable":true,"href":"https:\/\/moroen.com\/it\/wp-json\/wp\/v2\/users\/1"}],"replies":[{"embeddable":true,"href":"https:\/\/moroen.com\/it\/wp-json\/wp\/v2\/comments?post=3"}],"version-history":[{"count":3,"href":"https:\/\/moroen.com\/it\/wp-json\/wp\/v2\/pages\/3\/revisions"}],"predecessor-version":[{"id":631074,"href":"https:\/\/moroen.com\/it\/wp-json\/wp\/v2\/pages\/3\/revisions\/631074"}],"wp:attachment":[{"href":"https:\/\/moroen.com\/it\/wp-json\/wp\/v2\/media?parent=3"}],"curies":[{"name":"wp","href":"https:\/\/api.w.org\/{rel}","templated":true}]}}