{"id":401142,"date":"2025-06-04T15:20:35","date_gmt":"2025-06-04T15:20:35","guid":{"rendered":"https:\/\/moroen.com\/?page_id=401142"},"modified":"2026-03-22T22:48:39","modified_gmt":"2026-03-23T03:48:39","slug":"shipping-policy","status":"publish","type":"page","link":"https:\/\/moroen.com\/it\/shipping-policy\/","title":{"rendered":"Politica di spedizione"},"content":{"rendered":"\t\t<div data-elementor-type=\"wp-page\" data-elementor-id=\"401142\" class=\"elementor elementor-401142\">\n\t\t\t\t<div class=\"e-con-top elementor-element elementor-element-9ed2f14 e-flex e-con-boxed e-con e-parent\" data-id=\"9ed2f14\" data-element_type=\"container\">\n\t\t\t\t\t<div class=\"e-con-inner\">\n\t\t\t\t<div class=\"elementor-element elementor-element-2716ac8a elementor-widget elementor-widget-text-editor\" data-id=\"2716ac8a\" data-element_type=\"widget\" data-widget_type=\"text-editor.default\">\n\t\t\t\t<div class=\"elementor-widget-container\">\n\t\t\t\t\t\t\t\t\t<h1 data-section-id=\"p9vkd8\" data-start=\"168\" data-end=\"187\">Versandrichtlinie<\/h1>\n<p data-start=\"189\" data-end=\"412\">Vielen Dank f\u00fcr Ihren Einkauf bei <strong data-start=\"223\" data-end=\"233\">Moroen<\/strong>!<br data-start=\"234\" data-end=\"237\" \/>Unser Ziel ist es, Ihnen ein reibungsloses Einkaufserlebnis \u2013 von der Bestellung bis zur Lieferung \u2013 zu bieten. Bitte lesen Sie die folgenden Informationen zu unserem Versand.<\/p>\n<hr data-start=\"414\" data-end=\"417\" \/>\n<h1 data-section-id=\"1xkcsfi\" data-start=\"419\" data-end=\"452\">1. Bearbeitung von Bestellungen<\/h1>\n<p data-start=\"454\" data-end=\"547\">Alle Bestellungen werden innerhalb von <strong data-start=\"493\" data-end=\"510\">1\u20133 Werktagen<\/strong> nach best\u00e4tigter Zahlung bearbeitet.<\/p>\n<p data-start=\"549\" data-end=\"650\">Bestellungen, die an Wochenenden oder Feiertagen eingehen, werden am <strong data-start=\"618\" data-end=\"638\">n\u00e4chsten Werktag<\/strong> bearbeitet.<\/p>\n<p data-start=\"652\" data-end=\"744\">Sobald Ihre Bestellung versendet wurde, erhalten Sie eine <strong data-start=\"710\" data-end=\"743\">Versandbest\u00e4tigung per E-Mail<\/strong>.<\/p>\n<hr data-start=\"746\" data-end=\"749\" \/>\n<h1 data-section-id=\"1wgzx96\" data-start=\"751\" data-end=\"783\">2. Versandzeiten &amp; Lieferdauer<\/h1>\n<p data-start=\"785\" data-end=\"846\"><strong data-start=\"785\" data-end=\"805\">Standardversand:<\/strong><br data-start=\"805\" data-end=\"808\" \/>7\u201314 Werktage (abh\u00e4ngig vom Lieferort)<\/p>\n<p data-start=\"848\" data-end=\"900\"><strong data-start=\"848\" data-end=\"885\">Expressversand (falls verf\u00fcgbar):<\/strong><br data-start=\"885\" data-end=\"888\" \/>4\u20136 Werktage<\/p>\n<p data-start=\"902\" data-end=\"1094\">Bitte beachten Sie, dass die Lieferzeiten <strong data-start=\"944\" data-end=\"959\">Sch\u00e4tzwerte<\/strong> sind und durch Faktoren wie Zollabfertigung, Versanddienstleister oder andere Ereignisse au\u00dferhalb unserer Kontrolle variieren k\u00f6nnen.<\/p>\n<hr data-start=\"1096\" data-end=\"1099\" \/>\n<h1 data-section-id=\"hyml3e\" data-start=\"1101\" data-end=\"1119\">3. Versandkosten<\/h1>\n<p data-start=\"1121\" data-end=\"1248\">Die Versandkosten werden <strong data-start=\"1146\" data-end=\"1185\">beim Checkout automatisch berechnet<\/strong>, abh\u00e4ngig von Ihrem Standort und der gew\u00e4hlten Versandmethode.<\/p>\n<p data-start=\"1250\" data-end=\"1386\">Gelegentlich bieten wir <strong data-start=\"1274\" data-end=\"1304\">kostenlose Versandaktionen<\/strong> an. Diese werden deutlich auf unserer Website angezeigt, wenn sie verf\u00fcgbar sind.<\/p>\n<hr data-start=\"1388\" data-end=\"1391\" \/>\n<h1 data-section-id=\"15uksdk\" data-start=\"1393\" data-end=\"1421\">4. Internationaler Versand<\/h1>\n<p data-start=\"1423\" data-end=\"1450\">Wir versenden <strong data-start=\"1437\" data-end=\"1449\">weltweit<\/strong>.<\/p>\n<p data-start=\"1452\" data-end=\"1602\">Internationale Kunden sind f\u00fcr <strong data-start=\"1483\" data-end=\"1529\">Z\u00f6lle, Einfuhrsteuern oder lokale Geb\u00fchren<\/strong> verantwortlich, die von den Beh\u00f6rden ihres Landes erhoben werden k\u00f6nnen.<\/p>\n<p data-start=\"1604\" data-end=\"1752\"><strong data-start=\"1604\" data-end=\"1614\">Moroen<\/strong> \u00fcbernimmt keine Verantwortung f\u00fcr Verz\u00f6gerungen, die durch Zollkontrollen oder zus\u00e4tzliche Geb\u00fchren der \u00f6rtlichen Zollbeh\u00f6rden entstehen.<\/p>\n<hr data-start=\"1754\" data-end=\"1757\" \/>\n<h1 data-section-id=\"17hwf2p\" data-start=\"1759\" data-end=\"1782\">5. Sendungsverfolgung<\/h1>\n<p data-start=\"1784\" data-end=\"1913\">Sobald Ihre Bestellung versendet wurde, erhalten Sie eine <strong data-start=\"1842\" data-end=\"1912\">E-Mail mit einer Sendungsverfolgungsnummer und einem Tracking-Link<\/strong>.<\/p>\n<p data-start=\"1915\" data-end=\"2035\">Bitte beachten Sie, dass es <strong data-start=\"1943\" data-end=\"1972\">24\u201348 Stunden dauern kann<\/strong>, bis die Tracking-Informationen im System aktualisiert werden.<\/p>\n<hr data-start=\"2037\" data-end=\"2040\" \/>\n<h1 data-section-id=\"skvavk\" data-start=\"2042\" data-end=\"2061\">6. Versandadresse<\/h1>\n<p data-start=\"2063\" data-end=\"2172\">Kunden sind daf\u00fcr verantwortlich, beim Checkout <strong data-start=\"2111\" data-end=\"2161\">korrekte und vollst\u00e4ndige Versandinformationen<\/strong> anzugeben.<\/p>\n<p data-start=\"2174\" data-end=\"2306\"><strong data-start=\"2174\" data-end=\"2184\">Moroen<\/strong> \u00fcbernimmt keine Verantwortung f\u00fcr Pakete, die aufgrund einer <strong data-start=\"2246\" data-end=\"2287\">falschen oder unvollst\u00e4ndigen Adresse<\/strong> zugestellt werden.<\/p>\n<p data-start=\"2308\" data-end=\"2400\">Wenn Sie einen Fehler bemerken, kontaktieren Sie uns bitte <strong data-start=\"2367\" data-end=\"2393\">so schnell wie m\u00f6glich<\/strong> unter:<\/p>\n<p data-start=\"2402\" data-end=\"2422\">\ud83d\udce7 <strong data-start=\"2405\" data-end=\"2422\"><a class=\"decorated-link cursor-pointer\" rel=\"noopener\" data-start=\"2407\" data-end=\"2420\">cs@moroen.com<\/a><\/strong><\/p>\n<p data-start=\"2424\" data-end=\"2513\">Adress\u00e4nderungen sind nur m\u00f6glich, solange die Bestellung <strong data-start=\"2482\" data-end=\"2512\">noch nicht versendet wurde<\/strong>.<\/p>\n<hr data-start=\"2515\" data-end=\"2518\" \/>\n<h1 data-section-id=\"perstf\" data-start=\"2520\" data-end=\"2557\">7. Verz\u00f6gerungen &amp; verlorene Pakete<\/h1>\n<p data-start=\"2559\" data-end=\"2659\">Wir \u00fcbernehmen keine Verantwortung f\u00fcr Verz\u00f6gerungen, die durch folgende Faktoren verursacht werden:<\/p>\n<ul data-start=\"2661\" data-end=\"2779\">\n<li data-section-id=\"lz7zcy\" data-start=\"2661\" data-end=\"2682\">\n<p data-start=\"2663\" data-end=\"2682\">Naturkatastrophen<\/p>\n<\/li>\n<li data-section-id=\"1kv00dr\" data-start=\"2683\" data-end=\"2712\">\n<p data-start=\"2685\" data-end=\"2712\">extreme Wetterbedingungen<\/p>\n<\/li>\n<li data-section-id=\"1rxr6dm\" data-start=\"2713\" data-end=\"2730\">\n<p data-start=\"2715\" data-end=\"2730\">Zollverfahren<\/p>\n<\/li>\n<li data-section-id=\"p7om09\" data-start=\"2731\" data-end=\"2742\">\n<p data-start=\"2733\" data-end=\"2742\">Streiks<\/p>\n<\/li>\n<li data-section-id=\"tqkbil\" data-start=\"2743\" data-end=\"2779\">\n<p data-start=\"2745\" data-end=\"2779\">Probleme beim Versanddienstleister<\/p>\n<\/li>\n<\/ul>\n<p data-start=\"2781\" data-end=\"2971\">Sollte Ihr Paket w\u00e4hrend des Transports verloren gehen, kontaktieren Sie uns bitte unter <strong data-start=\"2870\" data-end=\"2887\"><a class=\"decorated-link cursor-pointer\" rel=\"noopener\" data-start=\"2872\" data-end=\"2885\">cs@moroen.com<\/a><\/strong>. Wir werden gemeinsam mit dem Versanddienstleister versuchen, das Problem zu l\u00f6sen.<\/p>\n<hr data-start=\"2973\" data-end=\"2976\" \/>\n<h1 data-section-id=\"brb3j6\" data-start=\"2978\" data-end=\"2998\">8. Teillieferungen<\/h1>\n<p data-start=\"3000\" data-end=\"3144\">In einigen F\u00e4llen kann Ihre Bestellung <strong data-start=\"3039\" data-end=\"3079\">in mehreren Paketen versendet werden<\/strong>, zum Beispiel wenn Artikel aus unterschiedlichen Lagern stammen.<\/p>\n<p data-start=\"3146\" data-end=\"3239\">Wenn dies der Fall ist, erhalten Sie <strong data-start=\"3183\" data-end=\"3222\">separate Sendungsverfolgungsnummern<\/strong> f\u00fcr jedes Paket.<\/p>\n<hr data-start=\"3241\" data-end=\"3244\" \/>\n<h1 data-section-id=\"4sa19t\" data-start=\"3246\" data-end=\"3258\">9. Kontakt<\/h1>\n<p data-start=\"3260\" data-end=\"3373\">Wenn Sie Fragen zu Versand, Lieferung oder Sendungsverfolgung haben, wenden Sie sich bitte an unser Support-Team:<\/p>\n<p data-start=\"3375\" data-end=\"3395\">\ud83d\udce7 <strong data-start=\"3378\" data-end=\"3395\"><a class=\"decorated-link cursor-pointer\" rel=\"noopener\" data-start=\"3380\" data-end=\"3393\">cs@moroen.com<\/a><\/strong><\/p>\n<p><!-- \/wp:paragraph --><\/p>\t\t\t\t\t\t\t\t<\/div>\n\t\t\t\t<\/div>\n\t\t\t\t\t<\/div>\n\t\t\t\t<\/div>\n\t\t\t\t<\/div>\n\t\t","protected":false},"excerpt":{"rendered":"<p>Versandrichtlinie Vielen Dank f\u00fcr Ihren Einkauf bei Moroen!Unser Ziel ist es, Ihnen ein reibungsloses Einkaufserlebnis \u2013 von der Bestellung bis zur Lieferung \u2013 zu bieten. Bitte lesen Sie die folgenden Informationen zu unserem Versand. 1. Bearbeitung von Bestellungen Alle Bestellungen werden innerhalb von 1\u20133 Werktagen nach best\u00e4tigter Zahlung bearbeitet. Bestellungen, die an Wochenenden oder Feiertagen [&hellip;]<\/p>\n","protected":false},"author":1,"featured_media":0,"parent":0,"menu_order":0,"comment_status":"closed","ping_status":"closed","template":"","meta":{"_acf_changed":false,"footnotes":""},"class_list":["post-401142","page","type-page","status-publish","hentry"],"acf":[],"_links":{"self":[{"href":"https:\/\/moroen.com\/it\/wp-json\/wp\/v2\/pages\/401142","targetHints":{"allow":["GET"]}}],"collection":[{"href":"https:\/\/moroen.com\/it\/wp-json\/wp\/v2\/pages"}],"about":[{"href":"https:\/\/moroen.com\/it\/wp-json\/wp\/v2\/types\/page"}],"author":[{"embeddable":true,"href":"https:\/\/moroen.com\/it\/wp-json\/wp\/v2\/users\/1"}],"replies":[{"embeddable":true,"href":"https:\/\/moroen.com\/it\/wp-json\/wp\/v2\/comments?post=401142"}],"version-history":[{"count":3,"href":"https:\/\/moroen.com\/it\/wp-json\/wp\/v2\/pages\/401142\/revisions"}],"predecessor-version":[{"id":631069,"href":"https:\/\/moroen.com\/it\/wp-json\/wp\/v2\/pages\/401142\/revisions\/631069"}],"wp:attachment":[{"href":"https:\/\/moroen.com\/it\/wp-json\/wp\/v2\/media?parent=401142"}],"curies":[{"name":"wp","href":"https:\/\/api.w.org\/{rel}","templated":true}]}}