{"id":789216,"date":"2026-04-19T13:34:47","date_gmt":"2026-04-19T18:34:47","guid":{"rendered":"https:\/\/moroen.com\/it\/?p=789216"},"modified":"2026-04-19T13:34:47","modified_gmt":"2026-04-19T18:34:47","slug":"donne-puma-magmax-nitro-nero-bianco-310089-01","status":"publish","type":"product","link":"https:\/\/moroen.com\/it\/prodotto\/donne-puma-magmax-nitro-nero-bianco-310089-01\/","title":{"rendered":"(Donne) PUMA MagMax Nitro &#8216;Nero Bianco&#8217; 310089-01"},"content":{"rendered":"<p>Scatena il tuo potenziale con le scarpe da corsa MagmaX Nitro (310089-01), progettate per offrire prestazioni, comfort e stile senza pari per i corridori di ogni livello. Progettate con la tecnologia di ammortizzazione Nitro all&#8217;avanguardia, queste scarpe garantiscono un eccezionale assorbimento degli urti e un ritorno di energia, spingendoti in avanti ad ogni passo. La struttura leggera ma resistente presenta una tomaia in mesh traspirante per mantenere i piedi freschi e asciutti, anche durante gli allenamenti pi\u00f9 intensi. Il suo design ergonomico offre un supporto superiore dell&#8217;arco plantare e una vestibilit\u00e0 sicura e adattiva per la massima stabilit\u00e0 su una variet\u00e0 di terreni. Con una suola a trazione migliorata, queste scarpe da corsa garantiscono aderenza e sicurezza ottimali sia che tu stia correndo in pista o colpendo il marciapiede. Le scarpe da corsa MagmaX Nitro combinano una tecnologia avanzata per le prestazioni con un&#8217;estetica elegante e contemporanea, rendendole la scelta definitiva per gli atleti che rifiutano di scendere a compromessi in termini di stile o funzionalit\u00e0. Che tu ti stia allenando per una maratona, affrontando la corsa quotidiana o cercando un compagno affidabile per il tuo percorso di fitness, queste scarpe da corsa sono costruite per migliorare le tue prestazioni mantenendo i tuoi piedi in tutta comodit\u00e0 tutto il giorno. Innovazione, durata e design si uniscono in un equilibrio perfetto, garantendo che ogni passo che fai sia potente e fluido come il precedente.<\/p>\n<ul>\n<li><strong>Colorazione:<\/strong> PUMA Black-PUMA White<\/li>\n<li><strong>Codice stile:<\/strong> 310089-01<\/li>\n<li><strong>Colore:<\/strong> Black<\/li>\n<\/ul>\n","protected":false},"excerpt":{"rendered":"<p>Scatena il tuo potenziale con le scarpe da corsa MagmaX Nitro (310089-01), progettate per offrire prestazioni, comfort e stile senza pari per i corridori di ogni livello. Progettate con la tecnologia di ammortizzazione Nitro all&#8217;avanguardia, queste scarpe garantiscono un eccezionale assorbimento degli urti e un ritorno di energia, spingendoti in avanti ad ogni passo. La [&hellip;]<\/p>\n","protected":false},"featured_media":789827,"template":"","meta":{"_acf_changed":false},"product_cat":[37161],"product_tag":[10692,10686,37157,39081,39057,39058],"class_list":{"0":"post-789216","1":"product","2":"type-product","3":"status-publish","4":"has-post-thumbnail","6":"product_cat-puma","7":"product_tag-max-cushion-cushioned-running-shoes","8":"product_tag-performance-running-shoes","9":"product_tag-puma","10":"product_tag-scarpe-da-corsa","11":"product_tag-scarpe-sportive-da-prestazione","12":"product_tag-sotto-il-prezzo-al-dettaglio","14":"first","15":"instock","16":"shipping-taxable","17":"purchasable","18":"product-type-simple","swatches":"rey-swatches","show_selected":""},"acf":[],"wcpa_form_fields":null,"_links":{"self":[{"href":"https:\/\/moroen.com\/it\/wp-json\/wp\/v2\/product\/789216","targetHints":{"allow":["GET"]}}],"collection":[{"href":"https:\/\/moroen.com\/it\/wp-json\/wp\/v2\/product"}],"about":[{"href":"https:\/\/moroen.com\/it\/wp-json\/wp\/v2\/types\/product"}],"wp:featuredmedia":[{"embeddable":true,"href":"https:\/\/moroen.com\/it\/wp-json\/wp\/v2\/media\/789827"}],"wp:attachment":[{"href":"https:\/\/moroen.com\/it\/wp-json\/wp\/v2\/media?parent=789216"}],"wp:term":[{"taxonomy":"product_cat","embeddable":true,"href":"https:\/\/moroen.com\/it\/wp-json\/wp\/v2\/product_cat?post=789216"},{"taxonomy":"product_tag","embeddable":true,"href":"https:\/\/moroen.com\/it\/wp-json\/wp\/v2\/product_tag?post=789216"}],"curies":[{"name":"wp","href":"https:\/\/api.w.org\/{rel}","templated":true}]}}