{"id":792275,"date":"2026-04-19T13:34:47","date_gmt":"2026-04-19T18:34:47","guid":{"rendered":"https:\/\/moroen.com\/it\/?p=792275"},"modified":"2026-04-19T13:34:47","modified_gmt":"2026-04-19T18:34:47","slug":"reebok-nano-x3-nero-blu-rosso-hr1423","status":"publish","type":"product","link":"https:\/\/moroen.com\/it\/prodotto\/reebok-nano-x3-nero-blu-rosso-hr1423\/","title":{"rendered":"Reebok Nano X3 &#8216;Nero Blu Rosso&#8217; HR1423"},"content":{"rendered":"<p>La Reebok Nano X3 in Nero Blu Rosso \u00e8 la sneaker definitiva per prestazioni e stile. Progettata da Reebok, questa scarpa \u00e8 dotata di tecnologia avanzata per una vestibilit\u00e0 comoda e di supporto. L&#8217;elegante colorazione nera, blu e rossa aggiunge un tocco audace e alla moda a qualsiasi outfit. Che tu stia andando in palestra o facendo commissioni, queste sneakers ti faranno apparire e sentire al meglio.<\/p>\n<ul>\n<li><strong>Colorazione:<\/strong> Core Black\/Footwear White\/Vector Blue<\/li>\n<li><strong>Codice stile:<\/strong> HR1423<\/li>\n<li><strong>Tomaia:<\/strong> Flexweave<\/li>\n<li><strong>Intersuola:<\/strong> Floatride Fuel<\/li>\n<li><strong>Anno di uscita:<\/strong> 2023<\/li>\n<\/ul>\n","protected":false},"excerpt":{"rendered":"<p>La Reebok Nano X3 in Nero Blu Rosso \u00e8 la sneaker definitiva per prestazioni e stile. Progettata da Reebok, questa scarpa \u00e8 dotata di tecnologia avanzata per una vestibilit\u00e0 comoda e di supporto. L&#8217;elegante colorazione nera, blu e rossa aggiunge un tocco audace e alla moda a qualsiasi outfit. Che tu stia andando in palestra [&hellip;]<\/p>\n","protected":false},"featured_media":792640,"template":"","meta":{"_acf_changed":false},"product_cat":[40961],"product_tag":[39096,40962,39652,39057,39058],"class_list":{"0":"post-792275","1":"product","2":"type-product","3":"status-publish","4":"has-post-thumbnail","6":"product_cat-reebok","7":"product_tag-idea-regalo-per-lui","8":"product_tag-reebok","9":"product_tag-scarpe-da-allenamento","10":"product_tag-scarpe-sportive-da-prestazione","11":"product_tag-sotto-il-prezzo-al-dettaglio","13":"first","14":"instock","15":"shipping-taxable","16":"purchasable","17":"product-type-simple","swatches":"rey-swatches","show_selected":""},"acf":[],"wcpa_form_fields":null,"_links":{"self":[{"href":"https:\/\/moroen.com\/it\/wp-json\/wp\/v2\/product\/792275","targetHints":{"allow":["GET"]}}],"collection":[{"href":"https:\/\/moroen.com\/it\/wp-json\/wp\/v2\/product"}],"about":[{"href":"https:\/\/moroen.com\/it\/wp-json\/wp\/v2\/types\/product"}],"wp:featuredmedia":[{"embeddable":true,"href":"https:\/\/moroen.com\/it\/wp-json\/wp\/v2\/media\/792640"}],"wp:attachment":[{"href":"https:\/\/moroen.com\/it\/wp-json\/wp\/v2\/media?parent=792275"}],"wp:term":[{"taxonomy":"product_cat","embeddable":true,"href":"https:\/\/moroen.com\/it\/wp-json\/wp\/v2\/product_cat?post=792275"},{"taxonomy":"product_tag","embeddable":true,"href":"https:\/\/moroen.com\/it\/wp-json\/wp\/v2\/product_tag?post=792275"}],"curies":[{"name":"wp","href":"https:\/\/api.w.org\/{rel}","templated":true}]}}