{"id":795136,"date":"2026-04-19T13:34:47","date_gmt":"2026-04-19T18:34:47","guid":{"rendered":"https:\/\/moroen.com\/it\/?p=795136"},"modified":"2026-04-19T13:34:47","modified_gmt":"2026-04-19T18:34:47","slug":"donne-puma-speedcat-go-dark-olive-warm-white-403589-07","status":"publish","type":"product","link":"https:\/\/moroen.com\/it\/prodotto\/donne-puma-speedcat-go-dark-olive-warm-white-403589-07\/","title":{"rendered":"(Donne) Puma Speedcat Go Dark Olive\/Warm White 403589-07"},"content":{"rendered":"<p>Migliora il tuo stile con Puma Speedcat Go in Dark Olive-Warm White. Progettate pensando alla donna moderna, queste sneakers incarnano una fusione di comfort ed estetica elegante. L&#8217;iconica silhouette \u00e8 realizzata con materiali di prima qualit\u00e0, garantendo resistenza e vestibilit\u00e0 aderente. Perfetto sia per le uscite casual che per le attivit\u00e0 sportive, la tavolozza di colori distintiva aggiunge un tocco contemporaneo a qualsiasi completo. Cammina con sicurezza e fai una dichiarazione ad ogni passo con Puma Speedcat Go.<\/p>\n<ul>\n<li><strong>Colorazione:<\/strong> Dark Olive\/Warm White<\/li>\n<li><strong>Codice stile:<\/strong> 403589-07<\/li>\n<li><strong>Tomaia:<\/strong> Suede<\/li>\n<li><strong>Colore:<\/strong> Olive<\/li>\n<\/ul>\n","protected":false},"excerpt":{"rendered":"<p>Migliora il tuo stile con Puma Speedcat Go in Dark Olive-Warm White. Progettate pensando alla donna moderna, queste sneakers incarnano una fusione di comfort ed estetica elegante. L&#8217;iconica silhouette \u00e8 realizzata con materiali di prima qualit\u00e0, garantendo resistenza e vestibilit\u00e0 aderente. Perfetto sia per le uscite casual che per le attivit\u00e0 sportive, la tavolozza di [&hellip;]<\/p>\n","protected":false},"featured_media":795632,"template":"","meta":{"_acf_changed":false},"product_cat":[37161],"product_tag":[10561,10562,10564,17941,37157,10579],"class_list":{"0":"post-795136","1":"product","2":"type-product","3":"status-publish","4":"has-post-thumbnail","6":"product_cat-puma","7":"product_tag-athleisure-shoes","8":"product_tag-best-seller","9":"product_tag-lifestyle-casual-shoes","10":"product_tag-lifestyle-shoes-motorcar-driving-inspired","11":"product_tag-puma","12":"product_tag-retro-casual-shoes","14":"first","15":"instock","16":"shipping-taxable","17":"purchasable","18":"product-type-simple","swatches":"rey-swatches","show_selected":""},"acf":[],"wcpa_form_fields":null,"_links":{"self":[{"href":"https:\/\/moroen.com\/it\/wp-json\/wp\/v2\/product\/795136","targetHints":{"allow":["GET"]}}],"collection":[{"href":"https:\/\/moroen.com\/it\/wp-json\/wp\/v2\/product"}],"about":[{"href":"https:\/\/moroen.com\/it\/wp-json\/wp\/v2\/types\/product"}],"wp:featuredmedia":[{"embeddable":true,"href":"https:\/\/moroen.com\/it\/wp-json\/wp\/v2\/media\/795632"}],"wp:attachment":[{"href":"https:\/\/moroen.com\/it\/wp-json\/wp\/v2\/media?parent=795136"}],"wp:term":[{"taxonomy":"product_cat","embeddable":true,"href":"https:\/\/moroen.com\/it\/wp-json\/wp\/v2\/product_cat?post=795136"},{"taxonomy":"product_tag","embeddable":true,"href":"https:\/\/moroen.com\/it\/wp-json\/wp\/v2\/product_tag?post=795136"}],"curies":[{"name":"wp","href":"https:\/\/api.w.org\/{rel}","templated":true}]}}