{"id":369668,"date":"2026-04-20T22:33:55","date_gmt":"2026-04-20T15:33:55","guid":{"rendered":"https:\/\/moroen.com\/pt\/?p=369668"},"modified":"2026-04-20T22:33:55","modified_gmt":"2026-04-20T15:33:55","slug":"nike-p-6000-cool-grey-cd6404-003","status":"publish","type":"product","link":"https:\/\/moroen.com\/nl\/produkt\/nike-p-6000-cool-grey-cd6404-003\/","title":{"rendered":"Nike P-6000 &#8216;Cool Grey&#8217; CD6404-003"},"content":{"rendered":"<p>Fique na moda com os t\u00eanis Nike P-6000 Cool Grey CD6404-003. Esses t\u00eanis estilosos da Nike oferecem uma combina\u00e7\u00e3o perfeita de conforto, estilo e durabilidade. Esteja voc\u00ea indo para a academia ou fazendo outras tarefas, esses t\u00eanis v\u00e3o mant\u00ea-lo com uma \u00f3tima apar\u00eancia e se sentindo bem o dia todo.<\/p>\n<ul>\n<li><strong>Combina\u00e7\u00e3o de cores:<\/strong> Black<\/li>\n<li><strong>C\u00f3digo de estilo:<\/strong> CD6404-003<\/li>\n<li><strong>Cabedal:<\/strong> Mesh<\/li>\n<li><strong>Cor:<\/strong> Black<\/li>\n<li><strong>Temporada:<\/strong> All Season<\/li>\n<li><strong>Ano de lan\u00e7amento:<\/strong> 2019<\/li>\n<\/ul>\n","protected":false},"excerpt":{"rendered":"<p>Fique na moda com os t\u00eanis Nike P-6000 Cool Grey CD6404-003. Esses t\u00eanis estilosos da Nike oferecem uma combina\u00e7\u00e3o perfeita de conforto, estilo e durabilidade. Esteja voc\u00ea indo para a academia ou fazendo outras tarefas, esses t\u00eanis v\u00e3o mant\u00ea-lo com uma \u00f3tima apar\u00eancia e se sentindo bem o dia todo. Combina\u00e7\u00e3o de cores: Black C\u00f3digo [&hellip;]<\/p>\n","protected":false},"featured_media":370003,"comment_status":"closed","ping_status":"closed","template":"","meta":[],"product_brand":[],"product_cat":[10773],"product_tag":[22659,10750,10756,10758,10762,10792,22665,10763],"class_list":{"0":"post-369668","1":"product","2":"type-product","3":"status-publish","4":"has-post-thumbnail","6":"product_cat-nike","7":"product_tag-abaixo-do-preco-de-varejo","8":"product_tag-athleisure-shoes","9":"product_tag-lifestyle-casual-shoes","10":"product_tag-lifestyle-shoes-running-inspired","11":"product_tag-nike","12":"product_tag-nike-running-shoes","13":"product_tag-presente-para-ele","14":"product_tag-retro-running-shoes","16":"first","17":"instock","18":"taxable","19":"shipping-taxable","20":"purchasable","21":"product-type-simple"},"wcpa_form_fields":null,"_links":{"self":[{"href":"https:\/\/moroen.com\/nl\/wp-json\/wp\/v2\/product\/369668","targetHints":{"allow":["GET"]}}],"collection":[{"href":"https:\/\/moroen.com\/nl\/wp-json\/wp\/v2\/product"}],"about":[{"href":"https:\/\/moroen.com\/nl\/wp-json\/wp\/v2\/types\/product"}],"replies":[{"embeddable":true,"href":"https:\/\/moroen.com\/nl\/wp-json\/wp\/v2\/comments?post=369668"}],"wp:featuredmedia":[{"embeddable":true,"href":"https:\/\/moroen.com\/nl\/wp-json\/wp\/v2\/media\/370003"}],"wp:attachment":[{"href":"https:\/\/moroen.com\/nl\/wp-json\/wp\/v2\/media?parent=369668"}],"wp:term":[{"taxonomy":"product_brand","embeddable":true,"href":"https:\/\/moroen.com\/nl\/wp-json\/wp\/v2\/product_brand?post=369668"},{"taxonomy":"product_cat","embeddable":true,"href":"https:\/\/moroen.com\/nl\/wp-json\/wp\/v2\/product_cat?post=369668"},{"taxonomy":"product_tag","embeddable":true,"href":"https:\/\/moroen.com\/nl\/wp-json\/wp\/v2\/product_tag?post=369668"}],"curies":[{"name":"wp","href":"https:\/\/api.w.org\/{rel}","templated":true}]}}