{"id":380687,"date":"2026-04-20T22:36:02","date_gmt":"2026-04-20T15:36:02","guid":{"rendered":"https:\/\/moroen.com\/nl\/?p=380687"},"modified":"2026-04-20T22:36:02","modified_gmt":"2026-04-20T15:36:02","slug":"nike-air-max-command-leer-obsidian-749760-401","status":"publish","type":"product","link":"https:\/\/moroen.com\/nl\/produkt\/nike-air-max-command-leer-obsidian-749760-401\/","title":{"rendered":"Nike Air Max Command Leer &#8216;Obsidian&#8217; 749760-401"},"content":{"rendered":"<p>Stap in de legendarische Nike Air Max Command Leather &#8216;Obsidian&#8217; en verhoog je stijl. Deze tijdloze sneakers zijn gemaakt van premium leer en hebben een opvallende Obsidian-tint en een ontwerp dat een eerbetoon is aan de iconische Air Max-lijn. Ervaar onge\u00ebvenaard comfort met zichtbare Air-demping, terwijl de duurzame rubberen buitenzool voor optimale tractie zorgt. Of je nu de straat verovert of een statement maakt, de Air Max Command Leather &#8216;Obsidian&#8217; geeft je stijl en prestaties.<\/p>\n<ul>\n<li><strong>Kleurstelling:<\/strong> Navy\/White<\/li>\n<li><strong>Stijlcode:<\/strong> 749760-401<\/li>\n<li><strong>Bovenkant:<\/strong> Leather<\/li>\n<li><strong>Tussenzool:<\/strong> Air<\/li>\n<li><strong>Kleur:<\/strong> Navy<\/li>\n<\/ul>\n","protected":false},"excerpt":{"rendered":"<p>Stap in de legendarische Nike Air Max Command Leather &#8216;Obsidian&#8217; en verhoog je stijl. Deze tijdloze sneakers zijn gemaakt van premium leer en hebben een opvallende Obsidian-tint en een ontwerp dat een eerbetoon is aan de iconische Air Max-lijn. Ervaar onge\u00ebvenaard comfort met zichtbare Air-demping, terwijl de duurzame rubberen buitenzool voor optimale tractie zorgt. Of [&hellip;]<\/p>\n","protected":false},"featured_media":381272,"comment_status":"closed","ping_status":"closed","template":"","meta":[],"product_brand":[],"product_cat":[10773],"product_tag":[10750,10752,22695,10756,10758,10762,10792,22697,10763,10768],"class_list":{"0":"post-380687","1":"product","2":"type-product","3":"status-publish","4":"has-post-thumbnail","6":"product_cat-nike","7":"product_tag-athleisure-shoes","8":"product_tag-best-finds-under-100","9":"product_tag-cadeau-voor-hem","10":"product_tag-lifestyle-casual-shoes","11":"product_tag-lifestyle-shoes-running-inspired","12":"product_tag-nike","13":"product_tag-nike-running-shoes","14":"product_tag-populaire-deals","15":"product_tag-retro-running-shoes","16":"product_tag-trending-deals-under-150","17":"wcpa_has_options","19":"first","20":"instock","21":"taxable","22":"shipping-taxable","23":"purchasable","24":"product-type-simple"},"wcpa_form_fields":{"rules":{"pric_overide_base_price":false,"pric_overide_base_price_if_gt_zero":false,"pric_overide_base_price_fully":false,"pric_cal_option_once":false,"pric_use_as_fee":false,"bind_quantity":false,"quantity_bind_formula":false},"fields":[{"type":"color-group","required":true,"elementId":"wcpa-color-group-66c4a75505e74","label":"Gr\u00f6\u00dfe - EU Gr\u00f6\u00dfe","inline":true,"priceOptions":"different_for_all","pricingType":"fixed","className":"hassizechart product-shoes-size-eu product-shoes-size","name":"color-group-66c4a75505e89","disp_type":"square","selection_type":"tick-border","disp_size":"44","show_label_inside":true,"adjust_width":true,"cart_display_type":"text","other_text":"Other","cl_rule":"show","col":6,"values":[{"label":"35.5","value":"EU 35.5","price":"","pimage":"","pimage_id":"","pthumb":"","color":""},{"label":"36","value":"EU 36","price":"","pimage":"","pimage_id":"","pthumb":"","color":"","selected":true},{"label":"36.5","value":"EU 36.5","price":"","pimage":"","pimage_id":"","pthumb":"","color":""},{"label":"37.5","value":"EU 37.5","price":"","pimage":"","pimage_id":"","pthumb":"","color":""},{"label":"38","value":"EU 38","price":"","pimage":"","pimage_id":"","pthumb":"","color":""},{"label":"38.5","value":"EU 38.5","price":"","pimage":"","pimage_id":"","pthumb":"","color":""},{"label":"39","value":"EU 39","price":"","pimage":"","pimage_id":"","pthumb":"","color":""},{"label":"40","value":"EU 40","price":"","pimage":"","pimage_id":"","pthumb":"","color":""},{"label":"40.5","value":"EU 40.5","price":"","pimage":"","pimage_id":"","pthumb":"","color":""},{"label":"41","value":"EU 41","price":"","pimage":"","pimage_id":"","pthumb":"","color":""},{"label":"42","value":"EU 42","price":"","pimage":"","pimage_id":"","pthumb":"","color":""},{"label":"42.5","value":"EU 42.5","price":"","pimage":"","pimage_id":"","pthumb":"","color":""},{"label":"43","value":"EU 43","price":"","pimage":"","pimage_id":"","pthumb":"","color":""},{"label":"44","value":"EU 44","price":"","pimage":"","pimage_id":"","pthumb":"","color":""},{"label":"44.5","value":"EU 44.5","price":"","pimage":"","pimage_id":"","pthumb":"","color":""},{"label":"45","value":"EU 45","price":"","pimage":"","pimage_id":"","pthumb":"","color":""},{"label":"45.5","value":"EU 45.5","price":"","pimage":"","pimage_id":"","pthumb":"","color":""},{"label":"46","value":"EU 46","price":"","pimage":"","pimage_id":"","pthumb":"","color":""},{"label":"47","value":"EU 47","price":"","pimage":"","pimage_id":"","pthumb":"","color":""},{"label":"47.5","value":"EU 47.5","price":"","pimage":"","pimage_id":"","pthumb":"","color":""},{"label":"48","value":"EU 48","price":"","pimage":"","pimage_id":"","pthumb":"","color":""}],"relations":[{"operator":false,"rules":[]}],"form_id":18106,"form_rules":{"pric_cal_option_once":false,"exclude_from_discount":false,"pric_use_as_fee":false,"fee_label":"Fee","render_after_acb":false,"disp_hide_options_price":false}}]},"_links":{"self":[{"href":"https:\/\/moroen.com\/nl\/wp-json\/wp\/v2\/product\/380687","targetHints":{"allow":["GET"]}}],"collection":[{"href":"https:\/\/moroen.com\/nl\/wp-json\/wp\/v2\/product"}],"about":[{"href":"https:\/\/moroen.com\/nl\/wp-json\/wp\/v2\/types\/product"}],"replies":[{"embeddable":true,"href":"https:\/\/moroen.com\/nl\/wp-json\/wp\/v2\/comments?post=380687"}],"wp:featuredmedia":[{"embeddable":true,"href":"https:\/\/moroen.com\/nl\/wp-json\/wp\/v2\/media\/381272"}],"wp:attachment":[{"href":"https:\/\/moroen.com\/nl\/wp-json\/wp\/v2\/media?parent=380687"}],"wp:term":[{"taxonomy":"product_brand","embeddable":true,"href":"https:\/\/moroen.com\/nl\/wp-json\/wp\/v2\/product_brand?post=380687"},{"taxonomy":"product_cat","embeddable":true,"href":"https:\/\/moroen.com\/nl\/wp-json\/wp\/v2\/product_cat?post=380687"},{"taxonomy":"product_tag","embeddable":true,"href":"https:\/\/moroen.com\/nl\/wp-json\/wp\/v2\/product_tag?post=380687"}],"curies":[{"name":"wp","href":"https:\/\/api.w.org\/{rel}","templated":true}]}}