{"id":447405,"date":"2026-04-20T22:33:55","date_gmt":"2026-04-20T15:33:55","guid":{"rendered":"https:\/\/moroen.com\/pt\/?p=447405"},"modified":"2026-04-20T22:33:55","modified_gmt":"2026-04-20T15:33:55","slug":"anta-flyknit-branco-912315582-2","status":"publish","type":"product","link":"https:\/\/moroen.com\/nl\/produkt\/anta-flyknit-branco-912315582-2\/","title":{"rendered":"Anta Flyknit &#8216;Branco&#8217; 912315582-2"},"content":{"rendered":"<p>Prepare-se para o inverno com o estilo gelado do Anta Woven Low \u201cWhite Walker\u201d. Inspirados na s\u00e9rie de fantasia de sucesso, estes t\u00eanis apresentam um design branco n\u00edtido com detalhes em azul gelado e uma sola transl\u00facida. A parte superior tecida proporciona conforto respir\u00e1vel, enquanto o amortecimento leve garante durabilidade o dia todo. Entre no reino da moda e conquiste qualquer terreno com estes t\u00eanis &#8220;White Walker&#8221; de edi\u00e7\u00e3o limitada.<\/p>\n<ul>\n<li><strong>Combina\u00e7\u00e3o de cores:<\/strong> White<\/li>\n<li><strong>C\u00f3digo de estilo:<\/strong> 912315582-2<\/li>\n<\/ul>\n","protected":false},"excerpt":{"rendered":"<p>Prepare-se para o inverno com o estilo gelado do Anta Woven Low \u201cWhite Walker\u201d. Inspirados na s\u00e9rie de fantasia de sucesso, estes t\u00eanis apresentam um design branco n\u00edtido com detalhes em azul gelado e uma sola transl\u00facida. A parte superior tecida proporciona conforto respir\u00e1vel, enquanto o amortecimento leve garante durabilidade o dia todo. Entre no [&hellip;]<\/p>\n","protected":false},"featured_media":447983,"comment_status":"closed","ping_status":"closed","template":"","meta":[],"product_brand":[],"product_cat":[19910],"product_tag":[22659,19911,10750,10752,10756,10758,22666,22665,10768],"class_list":{"0":"post-447405","1":"product","2":"type-product","3":"status-publish","4":"has-post-thumbnail","6":"product_cat-anta","7":"product_tag-abaixo-do-preco-de-varejo","8":"product_tag-anta","9":"product_tag-athleisure-shoes","10":"product_tag-best-finds-under-100","11":"product_tag-lifestyle-casual-shoes","12":"product_tag-lifestyle-shoes-running-inspired","13":"product_tag-ofertas-em-destaque","14":"product_tag-presente-para-ele","15":"product_tag-trending-deals-under-150","17":"first","18":"instock","19":"taxable","20":"shipping-taxable","21":"purchasable","22":"product-type-simple"},"wcpa_form_fields":null,"_links":{"self":[{"href":"https:\/\/moroen.com\/nl\/wp-json\/wp\/v2\/product\/447405","targetHints":{"allow":["GET"]}}],"collection":[{"href":"https:\/\/moroen.com\/nl\/wp-json\/wp\/v2\/product"}],"about":[{"href":"https:\/\/moroen.com\/nl\/wp-json\/wp\/v2\/types\/product"}],"replies":[{"embeddable":true,"href":"https:\/\/moroen.com\/nl\/wp-json\/wp\/v2\/comments?post=447405"}],"wp:featuredmedia":[{"embeddable":true,"href":"https:\/\/moroen.com\/nl\/wp-json\/wp\/v2\/media\/447983"}],"wp:attachment":[{"href":"https:\/\/moroen.com\/nl\/wp-json\/wp\/v2\/media?parent=447405"}],"wp:term":[{"taxonomy":"product_brand","embeddable":true,"href":"https:\/\/moroen.com\/nl\/wp-json\/wp\/v2\/product_brand?post=447405"},{"taxonomy":"product_cat","embeddable":true,"href":"https:\/\/moroen.com\/nl\/wp-json\/wp\/v2\/product_cat?post=447405"},{"taxonomy":"product_tag","embeddable":true,"href":"https:\/\/moroen.com\/nl\/wp-json\/wp\/v2\/product_tag?post=447405"}],"curies":[{"name":"wp","href":"https:\/\/api.w.org\/{rel}","templated":true}]}}