{"id":448095,"date":"2026-04-20T22:33:55","date_gmt":"2026-04-20T15:33:55","guid":{"rendered":"https:\/\/moroen.com\/pt\/?p=448095"},"modified":"2026-04-20T22:33:55","modified_gmt":"2026-04-20T15:33:55","slug":"women-reebok-forever-floatride-grow-white-straw-fz0693","status":"publish","type":"product","link":"https:\/\/moroen.com\/nl\/produkt\/women-reebok-forever-floatride-grow-white-straw-fz0693\/","title":{"rendered":"(Women)  Reebok Forever Floatride Grow &#8216;White Straw&#8217;  FZ0693"},"content":{"rendered":"<p>O Reebok Forever Floatride Grow White Straw (WMNS) \u00e9 um sapato elegante e confort\u00e1vel projetado para mulheres. Com esquema de cores branco e textura palha, esses sapatos s\u00e3o perfeitos para o uso di\u00e1rio. O amortecimento Floatride proporciona suporte e conforto superiores, enquanto os materiais ecol\u00f3gicos utilizados na constru\u00e7\u00e3o deste cal\u00e7ado tornam-no uma escolha sustent\u00e1vel. Saia com estilo e conforto com o Reebok Forever Floatride Grow White Straw (WMNS).<\/p>\n<ul>\n<li><strong>Combina\u00e7\u00e3o de cores:<\/strong> Classic White\/Straw\/Super Neutral<\/li>\n<li><strong>C\u00f3digo de estilo:<\/strong> FZ0693<\/li>\n<li><strong>Cabedal:<\/strong> Textile<\/li>\n<li><strong>Entressola:<\/strong> Floatride Foam<\/li>\n<li><strong>Cor:<\/strong> Beige<\/li>\n<li><strong>Temporada:<\/strong> Fall<\/li>\n<li><strong>Ano de lan\u00e7amento:<\/strong> 2020<\/li>\n<\/ul>\n","protected":false},"excerpt":{"rendered":"<p>O Reebok Forever Floatride Grow White Straw (WMNS) \u00e9 um sapato elegante e confort\u00e1vel projetado para mulheres. Com esquema de cores branco e textura palha, esses sapatos s\u00e3o perfeitos para o uso di\u00e1rio. O amortecimento Floatride proporciona suporte e conforto superiores, enquanto os materiais ecol\u00f3gicos utilizados na constru\u00e7\u00e3o deste cal\u00e7ado tornam-no uma escolha sustent\u00e1vel. Saia [&hellip;]<\/p>\n","protected":false},"featured_media":448439,"comment_status":"closed","ping_status":"closed","template":"","meta":[],"product_brand":[],"product_cat":[19790],"product_tag":[10756,10758,19791,21048,10763],"class_list":{"0":"post-448095","1":"product","2":"type-product","3":"status-publish","4":"has-post-thumbnail","6":"product_cat-reebok","7":"product_tag-lifestyle-casual-shoes","8":"product_tag-lifestyle-shoes-running-inspired","9":"product_tag-reebok","10":"product_tag-reebok-running-shoes","11":"product_tag-retro-running-shoes","13":"first","14":"instock","15":"taxable","16":"shipping-taxable","17":"purchasable","18":"product-type-simple"},"wcpa_form_fields":null,"_links":{"self":[{"href":"https:\/\/moroen.com\/nl\/wp-json\/wp\/v2\/product\/448095","targetHints":{"allow":["GET"]}}],"collection":[{"href":"https:\/\/moroen.com\/nl\/wp-json\/wp\/v2\/product"}],"about":[{"href":"https:\/\/moroen.com\/nl\/wp-json\/wp\/v2\/types\/product"}],"replies":[{"embeddable":true,"href":"https:\/\/moroen.com\/nl\/wp-json\/wp\/v2\/comments?post=448095"}],"wp:featuredmedia":[{"embeddable":true,"href":"https:\/\/moroen.com\/nl\/wp-json\/wp\/v2\/media\/448439"}],"wp:attachment":[{"href":"https:\/\/moroen.com\/nl\/wp-json\/wp\/v2\/media?parent=448095"}],"wp:term":[{"taxonomy":"product_brand","embeddable":true,"href":"https:\/\/moroen.com\/nl\/wp-json\/wp\/v2\/product_brand?post=448095"},{"taxonomy":"product_cat","embeddable":true,"href":"https:\/\/moroen.com\/nl\/wp-json\/wp\/v2\/product_cat?post=448095"},{"taxonomy":"product_tag","embeddable":true,"href":"https:\/\/moroen.com\/nl\/wp-json\/wp\/v2\/product_tag?post=448095"}],"curies":[{"name":"wp","href":"https:\/\/api.w.org\/{rel}","templated":true}]}}