{"id":449426,"date":"2026-04-20T22:33:55","date_gmt":"2026-04-20T15:33:55","guid":{"rendered":"https:\/\/moroen.com\/pt\/?p=449426"},"modified":"2026-04-20T22:33:55","modified_gmt":"2026-04-20T15:33:55","slug":"vans-bess-ni-bender-pack-denim-vn0a4btht7y","status":"publish","type":"product","link":"https:\/\/moroen.com\/nl\/produkt\/vans-bess-ni-bender-pack-denim-vn0a4btht7y\/","title":{"rendered":"Vans Bess Ni &#8216;Bender Pack &#8211; Denim&#8217; VN0A4BTHT7Y"},"content":{"rendered":"<p>Intensifique seu jogo de t\u00eanis com o Vans Bess Ni &#8216;Bender Pack &#8211; Denim&#8217; VN0A4BTHT7Y. Apresentando uma elegante parte superior em denim, estes Vans cl\u00e1ssicos trazem um toque fresco a uma silhueta atemporal. O design de inspira\u00e7\u00e3o vintage inclui uma sola de borracha resistente para maior ader\u00eancia e conforto. Perfeitos para passeios casuais ou fins de semana de aventura, esses t\u00eanis oferecem moda e funcionalidade. Eleve o seu visual do dia a dia com o vers\u00e1til e dur\u00e1vel Bess Ni &#8216;Bender Pack &#8211; Denim&#8217; da Vans.<\/p>\n<ul>\n<li><strong>Combina\u00e7\u00e3o de cores:<\/strong> Denim\/Marshmallow<\/li>\n<li><strong>C\u00f3digo de estilo:<\/strong> VN0A4BTHT7Y<\/li>\n<li><strong>Cabedal:<\/strong> Primeknit<\/li>\n<li><strong>Cor:<\/strong> Blue<\/li>\n<li><strong>Temporada:<\/strong> All Season<\/li>\n<li><strong>Ano de lan\u00e7amento:<\/strong> 2019<\/li>\n<\/ul>\n","protected":false},"excerpt":{"rendered":"<p>Intensifique seu jogo de t\u00eanis com o Vans Bess Ni &#8216;Bender Pack &#8211; Denim&#8217; VN0A4BTHT7Y. Apresentando uma elegante parte superior em denim, estes Vans cl\u00e1ssicos trazem um toque fresco a uma silhueta atemporal. O design de inspira\u00e7\u00e3o vintage inclui uma sola de borracha resistente para maior ader\u00eancia e conforto. Perfeitos para passeios casuais ou fins [&hellip;]<\/p>\n","protected":false},"featured_media":449647,"comment_status":"closed","ping_status":"closed","template":"","meta":[],"product_brand":[],"product_cat":[19794],"product_tag":[10756,10961,22665,10881,19795],"class_list":{"0":"post-449426","1":"product","2":"type-product","3":"status-publish","4":"has-post-thumbnail","6":"product_cat-vans","7":"product_tag-lifestyle-casual-shoes","8":"product_tag-lifestyle-shoes-skateboarding-inspired","9":"product_tag-presente-para-ele","10":"product_tag-skateboard-shoes","11":"product_tag-vans","13":"first","14":"instock","15":"taxable","16":"shipping-taxable","17":"purchasable","18":"product-type-simple"},"wcpa_form_fields":null,"_links":{"self":[{"href":"https:\/\/moroen.com\/nl\/wp-json\/wp\/v2\/product\/449426","targetHints":{"allow":["GET"]}}],"collection":[{"href":"https:\/\/moroen.com\/nl\/wp-json\/wp\/v2\/product"}],"about":[{"href":"https:\/\/moroen.com\/nl\/wp-json\/wp\/v2\/types\/product"}],"replies":[{"embeddable":true,"href":"https:\/\/moroen.com\/nl\/wp-json\/wp\/v2\/comments?post=449426"}],"wp:featuredmedia":[{"embeddable":true,"href":"https:\/\/moroen.com\/nl\/wp-json\/wp\/v2\/media\/449647"}],"wp:attachment":[{"href":"https:\/\/moroen.com\/nl\/wp-json\/wp\/v2\/media?parent=449426"}],"wp:term":[{"taxonomy":"product_brand","embeddable":true,"href":"https:\/\/moroen.com\/nl\/wp-json\/wp\/v2\/product_brand?post=449426"},{"taxonomy":"product_cat","embeddable":true,"href":"https:\/\/moroen.com\/nl\/wp-json\/wp\/v2\/product_cat?post=449426"},{"taxonomy":"product_tag","embeddable":true,"href":"https:\/\/moroen.com\/nl\/wp-json\/wp\/v2\/product_tag?post=449426"}],"curies":[{"name":"wp","href":"https:\/\/api.w.org\/{rel}","templated":true}]}}