{"id":452990,"date":"2026-04-20T22:33:55","date_gmt":"2026-04-20T15:33:55","guid":{"rendered":"https:\/\/moroen.com\/pt\/?p=452990"},"modified":"2026-04-20T22:33:55","modified_gmt":"2026-04-20T15:33:55","slug":"salomon-xt-6-tpu-414548","status":"publish","type":"product","link":"https:\/\/moroen.com\/nl\/produkt\/salomon-xt-6-tpu-414548\/","title":{"rendered":"Salomon XT-6 Tpu 414548"},"content":{"rendered":"<p>Apresentando o Salomon XT-6 Tpu 414548, o melhor companheiro de aventura ao ar livre. Projetados com tecnologia avan\u00e7ada Contagrip\u00ae, esses cal\u00e7ados proporcionam ader\u00eancia e estabilidade excepcionais em qualquer terreno. Seu design leve e respir\u00e1vel garante o m\u00e1ximo conforto durante caminhadas e passeios prolongados. A parte superior dur\u00e1vel em TPU protege contra a abras\u00e3o, enquanto o sistema SensiFit\u2122 se adapta ao seu p\u00e9 para um ajuste personalizado. Conquiste qualquer trilha com confian\u00e7a com o Salomon XT-6 Tpu 414548, sua solu\u00e7\u00e3o perfeita para cal\u00e7ados para caminhadas e atividades ao ar livre.<\/p>\n<ul>\n<li><strong>Combina\u00e7\u00e3o de cores:<\/strong> Green<\/li>\n<li><strong>C\u00f3digo de estilo:<\/strong> 414548<\/li>\n<li><strong>Cor:<\/strong> Green<\/li>\n<\/ul>\n","protected":false},"excerpt":{"rendered":"<p>Apresentando o Salomon XT-6 Tpu 414548, o melhor companheiro de aventura ao ar livre. Projetados com tecnologia avan\u00e7ada Contagrip\u00ae, esses cal\u00e7ados proporcionam ader\u00eancia e estabilidade excepcionais em qualquer terreno. Seu design leve e respir\u00e1vel garante o m\u00e1ximo conforto durante caminhadas e passeios prolongados. A parte superior dur\u00e1vel em TPU protege contra a abras\u00e3o, enquanto o [&hellip;]<\/p>\n","protected":false},"featured_media":453298,"comment_status":"closed","ping_status":"closed","template":"","meta":[],"product_brand":[],"product_cat":[19669],"product_tag":[11446,22665,19670,22088,22669,22658,10937],"class_list":{"0":"post-452990","1":"product","2":"type-product","3":"status-publish","4":"has-post-thumbnail","6":"product_cat-salomon","7":"product_tag-lightweight-hiking-shoes","8":"product_tag-presente-para-ele","9":"product_tag-salomon","10":"product_tag-salomon-running-shoes","11":"product_tag-tenis-de-trilha","12":"product_tag-zapatillas-deportivas-de-rendimiento","13":"product_tag-trail-running-shoes","15":"first","16":"instock","17":"taxable","18":"shipping-taxable","19":"purchasable","20":"product-type-simple"},"wcpa_form_fields":null,"_links":{"self":[{"href":"https:\/\/moroen.com\/nl\/wp-json\/wp\/v2\/product\/452990","targetHints":{"allow":["GET"]}}],"collection":[{"href":"https:\/\/moroen.com\/nl\/wp-json\/wp\/v2\/product"}],"about":[{"href":"https:\/\/moroen.com\/nl\/wp-json\/wp\/v2\/types\/product"}],"replies":[{"embeddable":true,"href":"https:\/\/moroen.com\/nl\/wp-json\/wp\/v2\/comments?post=452990"}],"wp:featuredmedia":[{"embeddable":true,"href":"https:\/\/moroen.com\/nl\/wp-json\/wp\/v2\/media\/453298"}],"wp:attachment":[{"href":"https:\/\/moroen.com\/nl\/wp-json\/wp\/v2\/media?parent=452990"}],"wp:term":[{"taxonomy":"product_brand","embeddable":true,"href":"https:\/\/moroen.com\/nl\/wp-json\/wp\/v2\/product_brand?post=452990"},{"taxonomy":"product_cat","embeddable":true,"href":"https:\/\/moroen.com\/nl\/wp-json\/wp\/v2\/product_cat?post=452990"},{"taxonomy":"product_tag","embeddable":true,"href":"https:\/\/moroen.com\/nl\/wp-json\/wp\/v2\/product_tag?post=452990"}],"curies":[{"name":"wp","href":"https:\/\/api.w.org\/{rel}","templated":true}]}}