{"id":541912,"date":"2026-03-03T08:04:36","date_gmt":"2026-03-03T13:04:36","guid":{"rendered":"https:\/\/moroen.com\/product\/women-a-ma-manire-x-air-jordan-3-retro-sp-raised-by-women"},"modified":"2026-03-03T08:04:36","modified_gmt":"2026-03-03T13:04:36","slug":"women-a-ma-manire-x-air-jordan-3-retro-sp-raised-by-women","status":"publish","type":"product","link":"https:\/\/moroen.com\/nl_nl\/product\/women-a-ma-manire-x-air-jordan-3-retro-sp-raised-by-women\/","title":{"rendered":"(Women) A Ma Mani\u00e9re x Air Jordan 3 Retro SP &#8216;Raised By Women&#8217;"},"content":{"rendered":"<p>Introducing the A Ma Mani\u00e8re x Air Jordan 3 Retro SP Raised By Women (WMNS) sneakers from Jordan. Designed in collaboration with A Ma Mani\u00e8re, these sneakers combine style and functionality. With their retro silhouette and premium construction, these sneakers are perfect for everyday wear. Featuring the iconic Air Jordan branding and a unique colorway, they are a must-have for sneaker enthusiasts. Step up your sneaker game with these exclusive kicks.<\/p>\n<ul>\n<li><strong>Colorway:<\/strong> White\/Medium Grey\/Violet Ore\/White<\/li>\n<li><strong>Style Code:<\/strong> DH3434-110<\/li>\n<li><strong>Upper:<\/strong> Leather<\/li>\n<li><strong>Midsole:<\/strong> Air<\/li>\n<li><strong>Color:<\/strong> White<\/li>\n<li><strong>Designer:<\/strong> Tinker Hatfield<\/li>\n<li><strong>Season:<\/strong> Spring<\/li>\n<li><strong>Release Year:<\/strong> 2021<\/li>\n<\/ul>","protected":false},"excerpt":{"rendered":"<p>Jordan A Ma Mani\u00e9re x Jordan 3 Retro SP \u2014 White\/Medium Grey\/Violet Ore\/White<\/p>","protected":false},"featured_media":541913,"template":"","meta":{"_acf_changed":false},"product_cat":[10986],"product_tag":[10561,10807,10808,10809,10799,10584,10951,10952,10564,10585,10579],"class_list":{"0":"post-541912","1":"product","2":"type-product","3":"status-publish","4":"has-post-thumbnail","6":"product_cat-jordan-women","7":"product_tag-athleisure-shoes","8":"product_tag-equality-day-women-coll","9":"product_tag-equality-day-women-s-collection","10":"product_tag-equality-day-women-s-edition","11":"product_tag-gift-for-her","12":"product_tag-jordan","13":"product_tag-jordan-basketball-shoes","14":"product_tag-jordan-skateboarding-shoes","15":"product_tag-lifestyle-casual-shoes","16":"product_tag-lifestyle-shoes-basketball-inspired","17":"product_tag-retro-casual-shoes","18":"wcpa_has_options","20":"first","21":"instock","22":"shipping-taxable","23":"purchasable","24":"product-type-simple","swatches":"rey-swatches","show_selected":""},"acf":[],"wcpa_form_fields":{"rules":{"pric_overide_base_price":false,"pric_overide_base_price_if_gt_zero":false,"pric_overide_base_price_fully":false,"pric_cal_option_once":false,"pric_use_as_fee":false,"bind_quantity":false,"quantity_bind_formula":false},"fields":[{"type":"select","required":true,"elementId":"wcpa-select-1763976798612","label":"Size","priceOptions":"different_for_all","pricingType":"fixed","name":"select-1763976798612","cl_rule":"show","col":6,"values":[{"label":"EU","value":"EU","price":"","pimage":"","pimage_id":"","pthumb":"","selected":true},{"label":"UK","value":"UK","price":"","pimage":"","pimage_id":"","pthumb":""}],"relations":false,"form_id":349038,"form_rules":{"pric_cal_option_once":false,"exclude_from_discount":false,"pric_use_as_fee":false,"fee_label":"Fee","render_after_acb":false,"disp_hide_options_price":false}},{"type":"color-group","required":true,"elementId":"wcpa-color-group-66866c84d99fd","label":"","inline":true,"priceOptions":"different_for_all","pricingType":"fixed","className":"product-shoes-size","name":"color-group-66866c84d9a0e","disp_type":"square","selection_type":"tick-border","disp_size":"50","show_label_inside":true,"adjust_width":true,"cart_display_type":"text","other_text":"Other","enableCl":true,"cl_rule":"show","cl_val":"UK","col":6,"values":[{"label":"3","value":"UK 3","price":"","pimage":"","pimage_id":"","pthumb":"","color":""},{"label":"3.5","value":"UK 3.5","price":"","pimage":"","pimage_id":"","pthumb":"","color":""},{"label":"4","value":"UK 4","price":"","pimage":"","pimage_id":"","pthumb":"","color":""},{"label":"4.5","value":"UK 4.5","price":"","pimage":"","pimage_id":"","pthumb":"","color":""},{"label":"5","value":"UK 5","price":"","pimage":"","pimage_id":"","pthumb":"","color":""},{"label":"5.5","value":"UK 5.5","price":"","pimage":"","pimage_id":"","pthumb":"","color":""},{"label":"6","value":"UK 6","price":"","pimage":"","pimage_id":"","pthumb":"","color":""},{"label":"6.5","value":"UK 6.5","price":"","pimage":"","pimage_id":"","pthumb":"","color":""},{"label":"7","value":"UK 7","price":"","pimage":"","pimage_id":"","pthumb":"","color":"","selected":true},{"label":"7.5","value":"UK 7.5","price":"","pimage":"","pimage_id":"","pthumb":"","color":""},{"label":"8","value":"UK 8","price":"","pimage":"","pimage_id":"","pthumb":"","color":""},{"label":"8.5","value":"UK 8.5","price":"","pimage":"","pimage_id":"","pthumb":"","color":""},{"label":"9","value":"UK 9","price":"","pimage":"","pimage_id":"","pthumb":"","color":""},{"label":"9.5","value":"UK 9.5","price":"","pimage":"","pimage_id":"","pthumb":"","color":""},{"label":"10","value":"UK 10","price":"","pimage":"","pimage_id":"","pthumb":"","color":""},{"label":"10.5","value":"UK 10.5","price":"","pimage":"","pimage_id":"","pthumb":"","color":""},{"label":"11","value":"UK 11","price":"","pimage":"","pimage_id":"","pthumb":"","color":""},{"label":"11.5","value":"UK 11.5","price":"","pimage":"","pimage_id":"","pthumb":"","color":""},{"label":"12","value":"UK 12","price":"","pimage":"","pimage_id":"","pthumb":"","color":""},{"label":"12.5","value":"UK 12.5","price":"","pimage":"","pimage_id":"","pthumb":"","color":""}],"relations":[{"operator":false,"rules":[{"operator":false,"rules":{"cl_field":"wcpa-select-1763976798612","cl_relation":"is","cl_val":{"i":"0","value":"UK"}}}]}],"form_id":349038,"form_rules":{"pric_cal_option_once":false,"exclude_from_discount":false,"pric_use_as_fee":false,"fee_label":"Fee","render_after_acb":false,"disp_hide_options_price":false}},{"type":"color-group","required":true,"elementId":"wcpa-color-group-66866c84d9a20","label":"","inline":true,"priceOptions":"different_for_all","pricingType":"fixed","className":"product-shoes-size","name":"color-group-66866c84d9a31","disp_type":"square","selection_type":"tick-border","disp_size":"50","show_label_inside":true,"adjust_width":true,"cart_display_type":"text","other_text":"Other","enableCl":true,"cl_rule":"show","cl_val":"EU","col":6,"values":[{"label":"35.5","value":"EU 35.5","price":"","pimage":"","pimage_id":"","pthumb":"","color":""},{"label":"36","value":"EU 36","price":"","pimage":"","pimage_id":"","pthumb":"","color":""},{"label":"36.5","value":"EU 36.5","price":"","pimage":"","pimage_id":"","pthumb":"","color":""},{"label":"37.5","value":"EU 37.5","price":"","pimage":"","pimage_id":"","pthumb":"","color":""},{"label":"38","value":"EU 38","price":"","pimage":"","pimage_id":"","pthumb":"","color":""},{"label":"38.5","value":"EU 38.5","price":"","pimage":"","pimage_id":"","pthumb":"","color":""},{"label":"39","value":"EU 39","price":"","pimage":"","pimage_id":"","pthumb":"","color":""},{"label":"40","value":"EU 40","price":"","pimage":"","pimage_id":"","pthumb":"","color":""},{"label":"40.5","value":"EU 40.5","price":"","pimage":"","pimage_id":"","pthumb":"","color":""},{"label":"41","value":"EU 41","price":"","pimage":"","pimage_id":"","pthumb":"","color":""},{"label":"42","value":"EU 42","price":"","pimage":"","pimage_id":"","pthumb":"","color":""},{"label":"42.5","value":"EU 42.5","price":"","pimage":"","pimage_id":"","pthumb":"","color":""},{"label":"43","value":"EU 43","price":"","pimage":"","pimage_id":"","pthumb":"","color":""},{"label":"44","value":"EU 44","price":"","pimage":"","pimage_id":"","pthumb":"","color":""},{"label":"44.5","value":"EU 44.5","price":"","pimage":"","pimage_id":"","pthumb":"","color":""},{"label":"45","value":"EU 45","price":"","pimage":"","pimage_id":"","pthumb":"","color":""},{"label":"45.5","value":"EU 45.5","price":"","pimage":"","pimage_id":"","pthumb":"","color":""},{"label":"46","value":"EU 46","price":"","pimage":"","pimage_id":"","pthumb":"","color":""},{"label":"47","value":"EU 47","price":"","pimage":"","pimage_id":"","pthumb":"","color":""},{"label":"47.5","value":"EU 47.5","price":"","pimage":"","pimage_id":"","pthumb":"","color":""},{"label":"48","value":"EU 48","price":"","pimage":"","pimage_id":"","pthumb":"","color":""}],"relations":[{"operator":false,"rules":[{"operator":false,"rules":{"cl_field":"wcpa-select-1763976798612","cl_relation":"is","cl_val":{"i":"1","value":"EU"}}}]}],"form_id":349038,"form_rules":{"pric_cal_option_once":false,"exclude_from_discount":false,"pric_use_as_fee":false,"fee_label":"Fee","render_after_acb":false,"disp_hide_options_price":false}}]},"_links":{"self":[{"href":"https:\/\/moroen.com\/nl_nl\/wp-json\/wp\/v2\/product\/541912","targetHints":{"allow":["GET"]}}],"collection":[{"href":"https:\/\/moroen.com\/nl_nl\/wp-json\/wp\/v2\/product"}],"about":[{"href":"https:\/\/moroen.com\/nl_nl\/wp-json\/wp\/v2\/types\/product"}],"wp:featuredmedia":[{"embeddable":true,"href":"https:\/\/moroen.com\/nl_nl\/wp-json\/wp\/v2\/media\/541913"}],"wp:attachment":[{"href":"https:\/\/moroen.com\/nl_nl\/wp-json\/wp\/v2\/media?parent=541912"}],"wp:term":[{"taxonomy":"product_cat","embeddable":true,"href":"https:\/\/moroen.com\/nl_nl\/wp-json\/wp\/v2\/product_cat?post=541912"},{"taxonomy":"product_tag","embeddable":true,"href":"https:\/\/moroen.com\/nl_nl\/wp-json\/wp\/v2\/product_tag?post=541912"}],"curies":[{"name":"wp","href":"https:\/\/api.w.org\/{rel}","templated":true}]}}