{"id":369687,"date":"2026-04-20T22:33:55","date_gmt":"2026-04-20T15:33:55","guid":{"rendered":"https:\/\/moroen.com\/pt\/?p=369687"},"modified":"2026-04-20T22:33:55","modified_gmt":"2026-04-20T15:33:55","slug":"asics-ultimate-81-ex-birch-kale-1183b510-203","status":"publish","type":"product","link":"https:\/\/moroen.com\/pt\/produkt\/asics-ultimate-81-ex-birch-kale-1183b510-203\/","title":{"rendered":"ASICS Ultimate 81 EX &#8216;Birch Kale&#8217; 1183B510-203"},"content":{"rendered":"<p>Apresentamos o ASICS Ultimate 81 EX &#8216;Birch Kale&#8217; 1183B510\u2011203 \u2013 o auge do conforto e estilo. Experimente um amortecimento excepcional a cada passo gra\u00e7as \u00e0 sua avan\u00e7ada tecnologia GEL. A parte superior em malha respir\u00e1vel garante um fluxo de ar ideal, enquanto a sola de borracha dur\u00e1vel proporciona tra\u00e7\u00e3o superior. Eleve o seu jogo atl\u00e9tico com o impressionante colorway &#8216;Birch Kale&#8217;, chamando a aten\u00e7\u00e3o onde quer que voc\u00ea v\u00e1. Entre na fus\u00e3o definitiva de desempenho, estilo e versatilidade com o ASICS Ultimate 81 EX.<\/p>\n<ul>\n<li><strong>Combina\u00e7\u00e3o de cores:<\/strong> Beige\/Green Red<\/li>\n<li><strong>C\u00f3digo de estilo:<\/strong> 1183B510-203<\/li>\n<li><strong>Cabedal:<\/strong> Suede<\/li>\n<li><strong>Entressola:<\/strong> Gel<\/li>\n<li><strong>Cor:<\/strong> Beige<\/li>\n<li><strong>Ano de lan\u00e7amento:<\/strong> 2023<\/li>\n<\/ul>\n","protected":false},"excerpt":{"rendered":"<p>Apresentamos o ASICS Ultimate 81 EX &#8216;Birch Kale&#8217; 1183B510\u2011203 \u2013 o auge do conforto e estilo. Experimente um amortecimento excepcional a cada passo gra\u00e7as \u00e0 sua avan\u00e7ada tecnologia GEL. A parte superior em malha respir\u00e1vel garante um fluxo de ar ideal, enquanto a sola de borracha dur\u00e1vel proporciona tra\u00e7\u00e3o superior. Eleve o seu jogo atl\u00e9tico [&hellip;]<\/p>\n","protected":false},"featured_media":370135,"comment_status":"closed","ping_status":"closed","template":"","meta":[],"product_brand":[],"product_cat":[12567],"product_tag":[22659,12565,10756,10758,10763],"class_list":{"0":"post-369687","1":"product","2":"type-product","3":"status-publish","4":"has-post-thumbnail","6":"product_cat-asics","7":"product_tag-abaixo-do-preco-de-varejo","8":"product_tag-asics","9":"product_tag-lifestyle-casual-shoes","10":"product_tag-lifestyle-shoes-running-inspired","11":"product_tag-retro-running-shoes","13":"first","14":"instock","15":"taxable","16":"shipping-taxable","17":"purchasable","18":"product-type-simple"},"wcpa_form_fields":null,"_links":{"self":[{"href":"https:\/\/moroen.com\/pt\/wp-json\/wp\/v2\/product\/369687","targetHints":{"allow":["GET"]}}],"collection":[{"href":"https:\/\/moroen.com\/pt\/wp-json\/wp\/v2\/product"}],"about":[{"href":"https:\/\/moroen.com\/pt\/wp-json\/wp\/v2\/types\/product"}],"replies":[{"embeddable":true,"href":"https:\/\/moroen.com\/pt\/wp-json\/wp\/v2\/comments?post=369687"}],"wp:featuredmedia":[{"embeddable":true,"href":"https:\/\/moroen.com\/pt\/wp-json\/wp\/v2\/media\/370135"}],"wp:attachment":[{"href":"https:\/\/moroen.com\/pt\/wp-json\/wp\/v2\/media?parent=369687"}],"wp:term":[{"taxonomy":"product_brand","embeddable":true,"href":"https:\/\/moroen.com\/pt\/wp-json\/wp\/v2\/product_brand?post=369687"},{"taxonomy":"product_cat","embeddable":true,"href":"https:\/\/moroen.com\/pt\/wp-json\/wp\/v2\/product_cat?post=369687"},{"taxonomy":"product_tag","embeddable":true,"href":"https:\/\/moroen.com\/pt\/wp-json\/wp\/v2\/product_tag?post=369687"}],"curies":[{"name":"wp","href":"https:\/\/api.w.org\/{rel}","templated":true}]}}