{"id":374562,"date":"2026-04-20T22:33:55","date_gmt":"2026-04-20T15:33:55","guid":{"rendered":"https:\/\/moroen.com\/pt\/?p=374562"},"modified":"2026-04-20T22:33:55","modified_gmt":"2026-04-20T15:33:55","slug":"tenis-asics-megablast-branco-cinza-piemonte-1013a170-100","status":"publish","type":"product","link":"https:\/\/moroen.com\/pt\/produkt\/tenis-asics-megablast-branco-cinza-piemonte-1013a170-100\/","title":{"rendered":"T\u00eanis ASICS Megablast Branco\/Cinza Piemonte 1013A170-100"},"content":{"rendered":"<p>Liberte o seu potencial com os t\u00eanis de corrida ASICS Megablast em branco\/cinza Piedmont. Projetados para corredores globais, estes t\u00eanis apresentam tecnologia de amortecimento de ponta para conforto e retorno de energia incompar\u00e1veis. O design elegante aumenta a respirabilidade e a agilidade, permitindo que voc\u00ea ultrapasse seus limites com estilo. Ideal para qualquer terreno, o Megablast garante estabilidade a cada passada, tornando-o seu melhor parceiro de desempenho. Eleve a sua experi\u00eancia de corrida e alcance novos marcos com ASICS Megablast \u2013 onde a inova\u00e7\u00e3o encontra a sua determina\u00e7\u00e3o.<\/p>\n<ul>\n<li><strong>Combina\u00e7\u00e3o de cores:<\/strong> White\/Piedmont Grey<\/li>\n<li><strong>C\u00f3digo de estilo:<\/strong> 1013A170-100<\/li>\n<li><strong>Cabedal:<\/strong> Mesh<\/li>\n<li><strong>Entressola:<\/strong> FlyteFoam Turbo Squared<\/li>\n<li><strong>Cor:<\/strong> White<\/li>\n<\/ul>\n","protected":false},"excerpt":{"rendered":"<p>Liberte o seu potencial com os t\u00eanis de corrida ASICS Megablast em branco\/cinza Piedmont. Projetados para corredores globais, estes t\u00eanis apresentam tecnologia de amortecimento de ponta para conforto e retorno de energia incompar\u00e1veis. O design elegante aumenta a respirabilidade e a agilidade, permitindo que voc\u00ea ultrapasse seus limites com estilo. Ideal para qualquer terreno, o [&hellip;]<\/p>\n","protected":false},"featured_media":375201,"comment_status":"closed","ping_status":"closed","template":"","meta":[],"product_brand":[],"product_cat":[12567],"product_tag":[22659,12565,11358,11144,10777,22662,22658],"class_list":{"0":"post-374562","1":"product","2":"type-product","3":"status-publish","4":"has-post-thumbnail","6":"product_cat-asics","7":"product_tag-abaixo-do-preco-de-varejo","8":"product_tag-asics","9":"product_tag-gallery-look","10":"product_tag-marathon-long-distance-running-shoes","11":"product_tag-performance-running-shoes","12":"product_tag-tenis-de-corrida","13":"product_tag-zapatillas-deportivas-de-rendimiento","15":"first","16":"instock","17":"taxable","18":"shipping-taxable","19":"purchasable","20":"product-type-simple"},"wcpa_form_fields":null,"_links":{"self":[{"href":"https:\/\/moroen.com\/pt\/wp-json\/wp\/v2\/product\/374562","targetHints":{"allow":["GET"]}}],"collection":[{"href":"https:\/\/moroen.com\/pt\/wp-json\/wp\/v2\/product"}],"about":[{"href":"https:\/\/moroen.com\/pt\/wp-json\/wp\/v2\/types\/product"}],"replies":[{"embeddable":true,"href":"https:\/\/moroen.com\/pt\/wp-json\/wp\/v2\/comments?post=374562"}],"wp:featuredmedia":[{"embeddable":true,"href":"https:\/\/moroen.com\/pt\/wp-json\/wp\/v2\/media\/375201"}],"wp:attachment":[{"href":"https:\/\/moroen.com\/pt\/wp-json\/wp\/v2\/media?parent=374562"}],"wp:term":[{"taxonomy":"product_brand","embeddable":true,"href":"https:\/\/moroen.com\/pt\/wp-json\/wp\/v2\/product_brand?post=374562"},{"taxonomy":"product_cat","embeddable":true,"href":"https:\/\/moroen.com\/pt\/wp-json\/wp\/v2\/product_cat?post=374562"},{"taxonomy":"product_tag","embeddable":true,"href":"https:\/\/moroen.com\/pt\/wp-json\/wp\/v2\/product_tag?post=374562"}],"curies":[{"name":"wp","href":"https:\/\/api.w.org\/{rel}","templated":true}]}}