{"id":374564,"date":"2026-04-20T22:33:55","date_gmt":"2026-04-20T15:33:55","guid":{"rendered":"https:\/\/moroen.com\/pt\/?p=374564"},"modified":"2026-04-20T22:33:55","modified_gmt":"2026-04-20T15:33:55","slug":"pharrell-x-adidas-adistar-jellyfish-focus-olive-orange-jp9261","status":"publish","type":"product","link":"https:\/\/moroen.com\/pt\/produkt\/pharrell-x-adidas-adistar-jellyfish-focus-olive-orange-jp9261\/","title":{"rendered":"Pharrell x adidas Adistar Jellyfish &#8216;Focus Olive Orange&#8217; JP9261"},"content":{"rendered":"<p>Mergulhe no estilo e no desempenho com o Pharrell x adidas Adistar Jellyfish &#8216;Focus Olive Orange&#8217; JP9261, apresentando um design arrojado, parte superior em malha respir\u00e1vel, amortecimento superior e detalhes em cores vibrantes.<\/p>\n<ul>\n<li><strong>Combina\u00e7\u00e3o de cores:<\/strong> Focus Olive\/Core Black\/Orange<\/li>\n<li><strong>C\u00f3digo de estilo:<\/strong> JP9261<\/li>\n<li><strong>Cabedal:<\/strong> Leather<\/li>\n<li><strong>Entressola:<\/strong> Adiprene<\/li>\n<li><strong>Cor:<\/strong> White<\/li>\n<li><strong>Ano de lan\u00e7amento:<\/strong> 2025<\/li>\n<\/ul>\n","protected":false},"excerpt":{"rendered":"<p>Mergulhe no estilo e no desempenho com o Pharrell x adidas Adistar Jellyfish &#8216;Focus Olive Orange&#8217; JP9261, apresentando um design arrojado, parte superior em malha respir\u00e1vel, amortecimento superior e detalhes em cores vibrantes. Combina\u00e7\u00e3o de cores: Focus Olive\/Core Black\/Orange C\u00f3digo de estilo: JP9261 Cabedal: Leather Entressola: Adiprene Cor: White Ano de lan\u00e7amento: 2025<\/p>\n","protected":false},"featured_media":375216,"comment_status":"closed","ping_status":"closed","template":"","meta":[],"product_brand":[],"product_cat":[10791],"product_tag":[10789,10750,11358,10756,10758,10763],"class_list":{"0":"post-374564","1":"product","2":"type-product","3":"status-publish","4":"has-post-thumbnail","6":"product_cat-adidas","7":"product_tag-adidas","8":"product_tag-athleisure-shoes","9":"product_tag-gallery-look","10":"product_tag-lifestyle-casual-shoes","11":"product_tag-lifestyle-shoes-running-inspired","12":"product_tag-retro-running-shoes","14":"first","15":"instock","16":"taxable","17":"shipping-taxable","18":"purchasable","19":"product-type-simple"},"wcpa_form_fields":null,"_links":{"self":[{"href":"https:\/\/moroen.com\/pt\/wp-json\/wp\/v2\/product\/374564","targetHints":{"allow":["GET"]}}],"collection":[{"href":"https:\/\/moroen.com\/pt\/wp-json\/wp\/v2\/product"}],"about":[{"href":"https:\/\/moroen.com\/pt\/wp-json\/wp\/v2\/types\/product"}],"replies":[{"embeddable":true,"href":"https:\/\/moroen.com\/pt\/wp-json\/wp\/v2\/comments?post=374564"}],"wp:featuredmedia":[{"embeddable":true,"href":"https:\/\/moroen.com\/pt\/wp-json\/wp\/v2\/media\/375216"}],"wp:attachment":[{"href":"https:\/\/moroen.com\/pt\/wp-json\/wp\/v2\/media?parent=374564"}],"wp:term":[{"taxonomy":"product_brand","embeddable":true,"href":"https:\/\/moroen.com\/pt\/wp-json\/wp\/v2\/product_brand?post=374564"},{"taxonomy":"product_cat","embeddable":true,"href":"https:\/\/moroen.com\/pt\/wp-json\/wp\/v2\/product_cat?post=374564"},{"taxonomy":"product_tag","embeddable":true,"href":"https:\/\/moroen.com\/pt\/wp-json\/wp\/v2\/product_tag?post=374564"}],"curies":[{"name":"wp","href":"https:\/\/api.w.org\/{rel}","templated":true}]}}