{"id":380629,"date":"2026-04-20T22:33:55","date_gmt":"2026-04-20T15:33:55","guid":{"rendered":"https:\/\/moroen.com\/pt\/?p=380629"},"modified":"2026-04-20T22:33:55","modified_gmt":"2026-04-20T15:33:55","slug":"nike-sb-dunk-low-mummy-dm0774-111","status":"publish","type":"product","link":"https:\/\/moroen.com\/pt\/produkt\/nike-sb-dunk-low-mummy-dm0774-111\/","title":{"rendered":"Nike SB Dunk Low &#8216;Mummy&#8217; DM0774-111"},"content":{"rendered":"<p>Apresentamos os t\u00eanis Nike SB Dunk Low Mummy, desenhados pela Nike. Estes t\u00eanis estilosos s\u00e3o perfeitos para suas necessidades atl\u00e9ticas e apresentam um design moderno inspirado em m\u00famias. Com ajuste confort\u00e1vel e constru\u00e7\u00e3o dur\u00e1vel, esses t\u00eanis Nike s\u00e3o uma adi\u00e7\u00e3o obrigat\u00f3ria \u00e0 sua cole\u00e7\u00e3o de t\u00eanis. Intensifique seu estilo com os t\u00eanis Nike SB Dunk Low Mummy.<\/p>\n<ul>\n<li><strong>Combina\u00e7\u00e3o de cores:<\/strong> Coconut Milk\/Seafoam\/Yellow Strike<\/li>\n<li><strong>C\u00f3digo de estilo:<\/strong> DM0774-111<\/li>\n<li><strong>Cabedal:<\/strong> Leather<\/li>\n<li><strong>Entressola:<\/strong> Zoom Air<\/li>\n<li><strong>Cor:<\/strong> White<\/li>\n<li><strong>Temporada:<\/strong> Fall<\/li>\n<li><strong>Ano de lan\u00e7amento:<\/strong> 2021<\/li>\n<\/ul>\n","protected":false},"excerpt":{"rendered":"<p>Apresentamos os t\u00eanis Nike SB Dunk Low Mummy, desenhados pela Nike. Estes t\u00eanis estilosos s\u00e3o perfeitos para suas necessidades atl\u00e9ticas e apresentam um design moderno inspirado em m\u00famias. Com ajuste confort\u00e1vel e constru\u00e7\u00e3o dur\u00e1vel, esses t\u00eanis Nike s\u00e3o uma adi\u00e7\u00e3o obrigat\u00f3ria \u00e0 sua cole\u00e7\u00e3o de t\u00eanis. Intensifique seu estilo com os t\u00eanis Nike SB Dunk [&hellip;]<\/p>\n","protected":false},"featured_media":380826,"comment_status":"closed","ping_status":"closed","template":"","meta":[],"product_brand":[],"product_cat":[10773],"product_tag":[10762,10839,22665,10881,22661,22663,22658],"class_list":{"0":"post-380629","1":"product","2":"type-product","3":"status-publish","4":"has-post-thumbnail","6":"product_cat-nike","7":"product_tag-nike","8":"product_tag-nike-skateboarding-shoes","9":"product_tag-presente-para-ele","10":"product_tag-skateboard-shoes","11":"product_tag-tenis-de-basquete","12":"product_tag-tenis-de-basquete-com-suporte-de-tornozelo","13":"product_tag-zapatillas-deportivas-de-rendimiento","15":"first","16":"instock","17":"taxable","18":"shipping-taxable","19":"purchasable","20":"product-type-simple"},"wcpa_form_fields":null,"_links":{"self":[{"href":"https:\/\/moroen.com\/pt\/wp-json\/wp\/v2\/product\/380629","targetHints":{"allow":["GET"]}}],"collection":[{"href":"https:\/\/moroen.com\/pt\/wp-json\/wp\/v2\/product"}],"about":[{"href":"https:\/\/moroen.com\/pt\/wp-json\/wp\/v2\/types\/product"}],"replies":[{"embeddable":true,"href":"https:\/\/moroen.com\/pt\/wp-json\/wp\/v2\/comments?post=380629"}],"wp:featuredmedia":[{"embeddable":true,"href":"https:\/\/moroen.com\/pt\/wp-json\/wp\/v2\/media\/380826"}],"wp:attachment":[{"href":"https:\/\/moroen.com\/pt\/wp-json\/wp\/v2\/media?parent=380629"}],"wp:term":[{"taxonomy":"product_brand","embeddable":true,"href":"https:\/\/moroen.com\/pt\/wp-json\/wp\/v2\/product_brand?post=380629"},{"taxonomy":"product_cat","embeddable":true,"href":"https:\/\/moroen.com\/pt\/wp-json\/wp\/v2\/product_cat?post=380629"},{"taxonomy":"product_tag","embeddable":true,"href":"https:\/\/moroen.com\/pt\/wp-json\/wp\/v2\/product_tag?post=380629"}],"curies":[{"name":"wp","href":"https:\/\/api.w.org\/{rel}","templated":true}]}}