{"id":381562,"date":"2026-04-20T22:33:55","date_gmt":"2026-04-20T15:33:55","guid":{"rendered":"https:\/\/moroen.com\/pt\/?p=381562"},"modified":"2026-04-20T22:33:55","modified_gmt":"2026-04-20T15:33:55","slug":"nike-acg-mountain-fly-low-se-do9334-300","status":"publish","type":"product","link":"https:\/\/moroen.com\/pt\/produkt\/nike-acg-mountain-fly-low-se-do9334-300\/","title":{"rendered":"Nike ACG Mountain Fly Low SE DO9334-300"},"content":{"rendered":"<p>Apresentando o Nike ACG Mountain Fly Low SE, o t\u00eanis indispens\u00e1vel para entusiastas de atividades ao ar livre. Projetado pela Nike, este t\u00eanis combina estilo e desempenho perfeitamente. Com um design decotado, voc\u00ea pode navegar em terrenos acidentados sem esfor\u00e7o. Projetado com materiais dur\u00e1veis, este t\u00eanis \u00e9 perfeito para qualquer aventura. Aumente sua cole\u00e7\u00e3o de t\u00eanis com o Nike ACG Mountain Fly Low SE.<\/p>\n<ul>\n<li><strong>Combina\u00e7\u00e3o de cores:<\/strong> Pilgrim\/Black<\/li>\n<li><strong>C\u00f3digo de estilo:<\/strong> DO9334-300<\/li>\n<li><strong>Cabedal:<\/strong> Synthetic<\/li>\n<li><strong>Entressola:<\/strong> React<\/li>\n<li><strong>Cor:<\/strong> Olive<\/li>\n<li><strong>Temporada:<\/strong> Summer<\/li>\n<li><strong>Ano de lan\u00e7amento:<\/strong> 2022<\/li>\n<\/ul>\n","protected":false},"excerpt":{"rendered":"<p>Apresentando o Nike ACG Mountain Fly Low SE, o t\u00eanis indispens\u00e1vel para entusiastas de atividades ao ar livre. Projetado pela Nike, este t\u00eanis combina estilo e desempenho perfeitamente. Com um design decotado, voc\u00ea pode navegar em terrenos acidentados sem esfor\u00e7o. Projetado com materiais dur\u00e1veis, este t\u00eanis \u00e9 perfeito para qualquer aventura. Aumente sua cole\u00e7\u00e3o de [&hellip;]<\/p>\n","protected":false},"featured_media":382218,"comment_status":"closed","ping_status":"closed","template":"","meta":[],"product_brand":[],"product_cat":[10773],"product_tag":[22659,11446,10762,22665,22669,22658,11447],"class_list":{"0":"post-381562","1":"product","2":"type-product","3":"status-publish","4":"has-post-thumbnail","6":"product_cat-nike","7":"product_tag-abaixo-do-preco-de-varejo","8":"product_tag-lightweight-hiking-shoes","9":"product_tag-nike","10":"product_tag-presente-para-ele","11":"product_tag-tenis-de-trilha","12":"product_tag-zapatillas-deportivas-de-rendimiento","13":"product_tag-waterproof-hiking-shoes","14":"wcpa_has_options","16":"first","17":"instock","18":"taxable","19":"shipping-taxable","20":"purchasable","21":"product-type-simple"},"wcpa_form_fields":{"rules":{"pric_overide_base_price":false,"pric_overide_base_price_if_gt_zero":false,"pric_overide_base_price_fully":false,"pric_cal_option_once":false,"pric_use_as_fee":false,"bind_quantity":false,"quantity_bind_formula":false},"fields":[{"type":"color-group","required":true,"elementId":"wcpa-color-group-66c4a75505e74","label":"Gr\u00f6\u00dfe - EU Gr\u00f6\u00dfe","inline":true,"priceOptions":"different_for_all","pricingType":"fixed","className":"hassizechart product-shoes-size-eu product-shoes-size","name":"color-group-66c4a75505e89","disp_type":"square","selection_type":"tick-border","disp_size":"44","show_label_inside":true,"adjust_width":true,"cart_display_type":"text","other_text":"Other","cl_rule":"show","col":6,"values":[{"label":"35.5","value":"EU 35.5","price":"","pimage":"","pimage_id":"","pthumb":"","color":""},{"label":"36","value":"EU 36","price":"","pimage":"","pimage_id":"","pthumb":"","color":"","selected":true},{"label":"36.5","value":"EU 36.5","price":"","pimage":"","pimage_id":"","pthumb":"","color":""},{"label":"37.5","value":"EU 37.5","price":"","pimage":"","pimage_id":"","pthumb":"","color":""},{"label":"38","value":"EU 38","price":"","pimage":"","pimage_id":"","pthumb":"","color":""},{"label":"38.5","value":"EU 38.5","price":"","pimage":"","pimage_id":"","pthumb":"","color":""},{"label":"39","value":"EU 39","price":"","pimage":"","pimage_id":"","pthumb":"","color":""},{"label":"40","value":"EU 40","price":"","pimage":"","pimage_id":"","pthumb":"","color":""},{"label":"40.5","value":"EU 40.5","price":"","pimage":"","pimage_id":"","pthumb":"","color":""},{"label":"41","value":"EU 41","price":"","pimage":"","pimage_id":"","pthumb":"","color":""},{"label":"42","value":"EU 42","price":"","pimage":"","pimage_id":"","pthumb":"","color":""},{"label":"42.5","value":"EU 42.5","price":"","pimage":"","pimage_id":"","pthumb":"","color":""},{"label":"43","value":"EU 43","price":"","pimage":"","pimage_id":"","pthumb":"","color":""},{"label":"44","value":"EU 44","price":"","pimage":"","pimage_id":"","pthumb":"","color":""},{"label":"44.5","value":"EU 44.5","price":"","pimage":"","pimage_id":"","pthumb":"","color":""},{"label":"45","value":"EU 45","price":"","pimage":"","pimage_id":"","pthumb":"","color":""},{"label":"45.5","value":"EU 45.5","price":"","pimage":"","pimage_id":"","pthumb":"","color":""},{"label":"46","value":"EU 46","price":"","pimage":"","pimage_id":"","pthumb":"","color":""},{"label":"47","value":"EU 47","price":"","pimage":"","pimage_id":"","pthumb":"","color":""},{"label":"47.5","value":"EU 47.5","price":"","pimage":"","pimage_id":"","pthumb":"","color":""},{"label":"48","value":"EU 48","price":"","pimage":"","pimage_id":"","pthumb":"","color":""}],"relations":[{"operator":false,"rules":[]}],"form_id":18106,"form_rules":{"pric_cal_option_once":false,"exclude_from_discount":false,"pric_use_as_fee":false,"fee_label":"Fee","render_after_acb":false,"disp_hide_options_price":false}}]},"_links":{"self":[{"href":"https:\/\/moroen.com\/pt\/wp-json\/wp\/v2\/product\/381562","targetHints":{"allow":["GET"]}}],"collection":[{"href":"https:\/\/moroen.com\/pt\/wp-json\/wp\/v2\/product"}],"about":[{"href":"https:\/\/moroen.com\/pt\/wp-json\/wp\/v2\/types\/product"}],"replies":[{"embeddable":true,"href":"https:\/\/moroen.com\/pt\/wp-json\/wp\/v2\/comments?post=381562"}],"wp:featuredmedia":[{"embeddable":true,"href":"https:\/\/moroen.com\/pt\/wp-json\/wp\/v2\/media\/382218"}],"wp:attachment":[{"href":"https:\/\/moroen.com\/pt\/wp-json\/wp\/v2\/media?parent=381562"}],"wp:term":[{"taxonomy":"product_brand","embeddable":true,"href":"https:\/\/moroen.com\/pt\/wp-json\/wp\/v2\/product_brand?post=381562"},{"taxonomy":"product_cat","embeddable":true,"href":"https:\/\/moroen.com\/pt\/wp-json\/wp\/v2\/product_cat?post=381562"},{"taxonomy":"product_tag","embeddable":true,"href":"https:\/\/moroen.com\/pt\/wp-json\/wp\/v2\/product_tag?post=381562"}],"curies":[{"name":"wp","href":"https:\/\/api.w.org\/{rel}","templated":true}]}}