{"id":392804,"date":"2026-04-20T22:33:55","date_gmt":"2026-04-20T15:33:55","guid":{"rendered":"https:\/\/moroen.com\/pt\/?p=392804"},"modified":"2026-04-20T22:33:55","modified_gmt":"2026-04-20T15:33:55","slug":"mulher-ugg-classic-mini-dipper-preto-1168170-blk","status":"publish","type":"product","link":"https:\/\/moroen.com\/pt\/produkt\/mulher-ugg-classic-mini-dipper-preto-1168170-blk\/","title":{"rendered":"(Mulher) UGG Classic Mini Dipper &#8216;Preto&#8217; 1168170-BLK"},"content":{"rendered":"<p>Experimente o m\u00e1ximo conforto e estilo com o UGG Classic Mini Dipper &#8216;Black&#8217; 1168170-BLK, com camur\u00e7a premium, forro aconchegante de pele de carneiro e uma silhueta vers\u00e1til na altura do tornozelo, perfeita para qualquer ocasi\u00e3o.<\/p>\n<ul>\n<li><strong>Combina\u00e7\u00e3o de cores:<\/strong> Black<\/li>\n<li><strong>C\u00f3digo de estilo:<\/strong> 1168170-BLK<\/li>\n<li><strong>Cabedal:<\/strong> Suede<\/li>\n<li><strong>Cor:<\/strong> Black<\/li>\n<li><strong>Temporada:<\/strong> Summer<\/li>\n<li><strong>Ano de lan\u00e7amento:<\/strong> 2024<\/li>\n<\/ul>\n","protected":false},"excerpt":{"rendered":"<p>Experimente o m\u00e1ximo conforto e estilo com o UGG Classic Mini Dipper &#8216;Black&#8217; 1168170-BLK, com camur\u00e7a premium, forro aconchegante de pele de carneiro e uma silhueta vers\u00e1til na altura do tornozelo, perfeita para qualquer ocasi\u00e3o. Combina\u00e7\u00e3o de cores: Black C\u00f3digo de estilo: 1168170-BLK Cabedal: Suede Cor: Black Temporada: Summer Ano de lan\u00e7amento: 2024<\/p>\n","protected":false},"featured_media":392955,"comment_status":"closed","ping_status":"closed","template":"","meta":[],"product_brand":[],"product_cat":[15009],"product_tag":[22659,15096,11358,11463,10756,15097],"class_list":{"0":"post-392804","1":"product","2":"type-product","3":"status-publish","4":"has-post-thumbnail","6":"product_cat-ugg","7":"product_tag-abaixo-do-preco-de-varejo","8":"product_tag-boots-shearling-boots","9":"product_tag-gallery-look","10":"product_tag-lifestyle-boots","11":"product_tag-lifestyle-casual-shoes","12":"product_tag-ugg","14":"first","15":"instock","16":"taxable","17":"shipping-taxable","18":"purchasable","19":"product-type-simple"},"wcpa_form_fields":null,"_links":{"self":[{"href":"https:\/\/moroen.com\/pt\/wp-json\/wp\/v2\/product\/392804","targetHints":{"allow":["GET"]}}],"collection":[{"href":"https:\/\/moroen.com\/pt\/wp-json\/wp\/v2\/product"}],"about":[{"href":"https:\/\/moroen.com\/pt\/wp-json\/wp\/v2\/types\/product"}],"replies":[{"embeddable":true,"href":"https:\/\/moroen.com\/pt\/wp-json\/wp\/v2\/comments?post=392804"}],"wp:featuredmedia":[{"embeddable":true,"href":"https:\/\/moroen.com\/pt\/wp-json\/wp\/v2\/media\/392955"}],"wp:attachment":[{"href":"https:\/\/moroen.com\/pt\/wp-json\/wp\/v2\/media?parent=392804"}],"wp:term":[{"taxonomy":"product_brand","embeddable":true,"href":"https:\/\/moroen.com\/pt\/wp-json\/wp\/v2\/product_brand?post=392804"},{"taxonomy":"product_cat","embeddable":true,"href":"https:\/\/moroen.com\/pt\/wp-json\/wp\/v2\/product_cat?post=392804"},{"taxonomy":"product_tag","embeddable":true,"href":"https:\/\/moroen.com\/pt\/wp-json\/wp\/v2\/product_tag?post=392804"}],"curies":[{"name":"wp","href":"https:\/\/api.w.org\/{rel}","templated":true}]}}