{"id":394507,"date":"2026-04-20T22:33:55","date_gmt":"2026-04-20T15:33:55","guid":{"rendered":"https:\/\/moroen.com\/pt\/?p=394507"},"modified":"2026-04-20T22:33:55","modified_gmt":"2026-04-20T15:33:55","slug":"chinelo-ugg-tasman-preto-5950-blk","status":"publish","type":"product","link":"https:\/\/moroen.com\/pt\/produkt\/chinelo-ugg-tasman-preto-5950-blk\/","title":{"rendered":"Chinelo UGG Tasman Preto 5950-BLK"},"content":{"rendered":"<p>O UGG Tasman Slipper in Black (5950-BLK) \u00e9 um t\u00eanis confort\u00e1vel e estiloso, perfeito para o uso di\u00e1rio. Confeccionado com materiais de alta qualidade, esse chinelo apresenta uma colora\u00e7\u00e3o preta que combina facilmente com qualquer look. Com design slip-on e marca UGG, esses t\u00eanis oferecem comodidade e estilo. Perfeito para relaxar em casa ou fazer tarefas r\u00e1pidas, o UGG Tasman Slipper \u00e9 um complemento obrigat\u00f3rio na cole\u00e7\u00e3o de t\u00eanis de qualquer pessoa.<\/p>\n<ul>\n<li><strong>Combina\u00e7\u00e3o de cores:<\/strong> Black<\/li>\n<li><strong>C\u00f3digo de estilo:<\/strong> 5950-BLK<\/li>\n<li><strong>Cabedal:<\/strong> Suede<\/li>\n<li><strong>Cor:<\/strong> Black<\/li>\n<li><strong>Temporada:<\/strong> Autumn\/Winter<\/li>\n<li><strong>Ano de lan\u00e7amento:<\/strong> 2020<\/li>\n<\/ul>\n","protected":false},"excerpt":{"rendered":"<p>O UGG Tasman Slipper in Black (5950-BLK) \u00e9 um t\u00eanis confort\u00e1vel e estiloso, perfeito para o uso di\u00e1rio. Confeccionado com materiais de alta qualidade, esse chinelo apresenta uma colora\u00e7\u00e3o preta que combina facilmente com qualquer look. Com design slip-on e marca UGG, esses t\u00eanis oferecem comodidade e estilo. Perfeito para relaxar em casa ou fazer [&hellip;]<\/p>\n","protected":false},"featured_media":395183,"comment_status":"closed","ping_status":"closed","template":"","meta":[],"product_brand":[],"product_cat":[15009],"product_tag":[12310,15178,10756,22665,15180,15097,15181],"class_list":{"0":"post-394507","1":"product","2":"type-product","3":"status-publish","4":"has-post-thumbnail","6":"product_cat-ugg","7":"product_tag-best-seller","8":"product_tag-covered-toe-slippers","9":"product_tag-lifestyle-casual-shoes","10":"product_tag-presente-para-ele","11":"product_tag-slippers","12":"product_tag-ugg","13":"product_tag-ugg-collection","15":"first","16":"instock","17":"taxable","18":"shipping-taxable","19":"purchasable","20":"product-type-simple"},"wcpa_form_fields":null,"_links":{"self":[{"href":"https:\/\/moroen.com\/pt\/wp-json\/wp\/v2\/product\/394507","targetHints":{"allow":["GET"]}}],"collection":[{"href":"https:\/\/moroen.com\/pt\/wp-json\/wp\/v2\/product"}],"about":[{"href":"https:\/\/moroen.com\/pt\/wp-json\/wp\/v2\/types\/product"}],"replies":[{"embeddable":true,"href":"https:\/\/moroen.com\/pt\/wp-json\/wp\/v2\/comments?post=394507"}],"wp:featuredmedia":[{"embeddable":true,"href":"https:\/\/moroen.com\/pt\/wp-json\/wp\/v2\/media\/395183"}],"wp:attachment":[{"href":"https:\/\/moroen.com\/pt\/wp-json\/wp\/v2\/media?parent=394507"}],"wp:term":[{"taxonomy":"product_brand","embeddable":true,"href":"https:\/\/moroen.com\/pt\/wp-json\/wp\/v2\/product_brand?post=394507"},{"taxonomy":"product_cat","embeddable":true,"href":"https:\/\/moroen.com\/pt\/wp-json\/wp\/v2\/product_cat?post=394507"},{"taxonomy":"product_tag","embeddable":true,"href":"https:\/\/moroen.com\/pt\/wp-json\/wp\/v2\/product_tag?post=394507"}],"curies":[{"name":"wp","href":"https:\/\/api.w.org\/{rel}","templated":true}]}}