{"id":413965,"date":"2026-04-20T22:33:55","date_gmt":"2026-04-20T15:33:55","guid":{"rendered":"https:\/\/moroen.com\/pt\/?p=413965"},"modified":"2026-04-20T22:33:55","modified_gmt":"2026-04-20T15:33:55","slug":"union-la-x-nike-dunk-low-verde-dj9649-401","status":"publish","type":"product","link":"https:\/\/moroen.com\/pt\/produkt\/union-la-x-nike-dunk-low-verde-dj9649-401\/","title":{"rendered":"Union LA x Nike Dunk Low &#8216;Verde&#8217; DJ9649-401"},"content":{"rendered":"<p>Os t\u00eanis Union LA x Nike Dunk Low Green da Nike s\u00e3o obrigat\u00f3rios para os entusiastas dos t\u00eanis. Estes sapatos elegantes e modernos apresentam um design elegante que combina moda e fun\u00e7\u00e3o sem esfor\u00e7o. Confeccionados com materiais de alta qualidade, esses t\u00eanis oferecem durabilidade e conforto o dia todo. Esteja voc\u00ea nas ruas ou indo para um evento casual, esses t\u00eanis v\u00e3o elevar seu estilo de jogo. N\u00e3o perca estes t\u00eanis de edi\u00e7\u00e3o limitada que v\u00e3o chamar a aten\u00e7\u00e3o.<\/p>\n<ul>\n<li><strong>Combina\u00e7\u00e3o de cores:<\/strong> Midnight Navy\/Marine Minuit<\/li>\n<li><strong>C\u00f3digo de estilo:<\/strong> DJ9649-401<\/li>\n<li><strong>Cabedal:<\/strong> Leather<\/li>\n<li><strong>Cor:<\/strong> Grey<\/li>\n<li><strong>Designer:<\/strong> Peter Moore<\/li>\n<li><strong>Temporada:<\/strong> Winter<\/li>\n<li><strong>Ano de lan\u00e7amento:<\/strong> 2022<\/li>\n<\/ul>\n","protected":false},"excerpt":{"rendered":"<p>Os t\u00eanis Union LA x Nike Dunk Low Green da Nike s\u00e3o obrigat\u00f3rios para os entusiastas dos t\u00eanis. Estes sapatos elegantes e modernos apresentam um design elegante que combina moda e fun\u00e7\u00e3o sem esfor\u00e7o. Confeccionados com materiais de alta qualidade, esses t\u00eanis oferecem durabilidade e conforto o dia todo. Esteja voc\u00ea nas ruas ou indo [&hellip;]<\/p>\n","protected":false},"featured_media":414522,"comment_status":"closed","ping_status":"closed","template":"","meta":[],"product_brand":[],"product_cat":[10773],"product_tag":[22659,10756,10814,10961,10762,10839,22665],"class_list":{"0":"post-413965","1":"product","2":"type-product","3":"status-publish","4":"has-post-thumbnail","6":"product_cat-nike","7":"product_tag-abaixo-do-preco-de-varejo","8":"product_tag-lifestyle-casual-shoes","9":"product_tag-lifestyle-shoes-basketball-inspired","10":"product_tag-lifestyle-shoes-skateboarding-inspired","11":"product_tag-nike","12":"product_tag-nike-skateboarding-shoes","13":"product_tag-presente-para-ele","15":"first","16":"instock","17":"taxable","18":"shipping-taxable","19":"purchasable","20":"product-type-simple"},"wcpa_form_fields":null,"_links":{"self":[{"href":"https:\/\/moroen.com\/pt\/wp-json\/wp\/v2\/product\/413965","targetHints":{"allow":["GET"]}}],"collection":[{"href":"https:\/\/moroen.com\/pt\/wp-json\/wp\/v2\/product"}],"about":[{"href":"https:\/\/moroen.com\/pt\/wp-json\/wp\/v2\/types\/product"}],"replies":[{"embeddable":true,"href":"https:\/\/moroen.com\/pt\/wp-json\/wp\/v2\/comments?post=413965"}],"wp:featuredmedia":[{"embeddable":true,"href":"https:\/\/moroen.com\/pt\/wp-json\/wp\/v2\/media\/414522"}],"wp:attachment":[{"href":"https:\/\/moroen.com\/pt\/wp-json\/wp\/v2\/media?parent=413965"}],"wp:term":[{"taxonomy":"product_brand","embeddable":true,"href":"https:\/\/moroen.com\/pt\/wp-json\/wp\/v2\/product_brand?post=413965"},{"taxonomy":"product_cat","embeddable":true,"href":"https:\/\/moroen.com\/pt\/wp-json\/wp\/v2\/product_cat?post=413965"},{"taxonomy":"product_tag","embeddable":true,"href":"https:\/\/moroen.com\/pt\/wp-json\/wp\/v2\/product_tag?post=413965"}],"curies":[{"name":"wp","href":"https:\/\/api.w.org\/{rel}","templated":true}]}}