{"id":432203,"date":"2026-04-20T22:33:55","date_gmt":"2026-04-20T15:33:55","guid":{"rendered":"https:\/\/moroen.com\/pt\/?p=432203"},"modified":"2026-04-20T22:33:55","modified_gmt":"2026-04-20T15:33:55","slug":"kith-x-adidas-superstar-classics-program-white-red-gy2543","status":"publish","type":"product","link":"https:\/\/moroen.com\/pt\/produkt\/kith-x-adidas-superstar-classics-program-white-red-gy2543\/","title":{"rendered":"KITH x adidas Superstar &#8216;Classics Program &#8211; White Red&#8217; GY2543"},"content":{"rendered":"<p>Apresentando o programa KITH x adidas Superstar Classics em Branco Vermelho. Esta colabora\u00e7\u00e3o ic\u00f4nica entre KITH e adidas traz para voc\u00ea uma nova vis\u00e3o do cl\u00e1ssico t\u00eanis Superstar. Apresentando uma elegante cor branca e vermelha, materiais premium e um ajuste confort\u00e1vel, esses t\u00eanis s\u00e3o obrigat\u00f3rios para qualquer sneakerhead. Adicione um toque de estilo e estilo streetwear ao seu guarda-roupa com estes t\u00eanis de edi\u00e7\u00e3o limitada.<\/p>\n<ul>\n<li><strong>Combina\u00e7\u00e3o de cores:<\/strong> White\/Red<\/li>\n<li><strong>C\u00f3digo de estilo:<\/strong> GY2543<\/li>\n<li><strong>Cabedal:<\/strong> Leather<\/li>\n<li><strong>Cor:<\/strong> White<\/li>\n<li><strong>Designer:<\/strong> Horst Dassler<\/li>\n<li><strong>Ano de lan\u00e7amento:<\/strong> 2022<\/li>\n<\/ul>\n","protected":false},"excerpt":{"rendered":"<p>Apresentando o programa KITH x adidas Superstar Classics em Branco Vermelho. Esta colabora\u00e7\u00e3o ic\u00f4nica entre KITH e adidas traz para voc\u00ea uma nova vis\u00e3o do cl\u00e1ssico t\u00eanis Superstar. Apresentando uma elegante cor branca e vermelha, materiais premium e um ajuste confort\u00e1vel, esses t\u00eanis s\u00e3o obrigat\u00f3rios para qualquer sneakerhead. Adicione um toque de estilo e estilo [&hellip;]<\/p>\n","protected":false},"featured_media":432520,"comment_status":"closed","ping_status":"closed","template":"","meta":[],"product_brand":[],"product_cat":[10791],"product_tag":[10789,10856,10750,10756,10857,22665,10858],"class_list":{"0":"post-432203","1":"product","2":"type-product","3":"status-publish","4":"has-post-thumbnail","6":"product_cat-adidas","7":"product_tag-adidas","8":"product_tag-adidas-skateboarding-shoes","9":"product_tag-athleisure-shoes","10":"product_tag-lifestyle-casual-shoes","11":"product_tag-lifestyle-shoes-casual","12":"product_tag-presente-para-ele","13":"product_tag-retro-casual-shoes","15":"first","16":"instock","17":"taxable","18":"shipping-taxable","19":"purchasable","20":"product-type-simple"},"wcpa_form_fields":null,"_links":{"self":[{"href":"https:\/\/moroen.com\/pt\/wp-json\/wp\/v2\/product\/432203","targetHints":{"allow":["GET"]}}],"collection":[{"href":"https:\/\/moroen.com\/pt\/wp-json\/wp\/v2\/product"}],"about":[{"href":"https:\/\/moroen.com\/pt\/wp-json\/wp\/v2\/types\/product"}],"replies":[{"embeddable":true,"href":"https:\/\/moroen.com\/pt\/wp-json\/wp\/v2\/comments?post=432203"}],"wp:featuredmedia":[{"embeddable":true,"href":"https:\/\/moroen.com\/pt\/wp-json\/wp\/v2\/media\/432520"}],"wp:attachment":[{"href":"https:\/\/moroen.com\/pt\/wp-json\/wp\/v2\/media?parent=432203"}],"wp:term":[{"taxonomy":"product_brand","embeddable":true,"href":"https:\/\/moroen.com\/pt\/wp-json\/wp\/v2\/product_brand?post=432203"},{"taxonomy":"product_cat","embeddable":true,"href":"https:\/\/moroen.com\/pt\/wp-json\/wp\/v2\/product_cat?post=432203"},{"taxonomy":"product_tag","embeddable":true,"href":"https:\/\/moroen.com\/pt\/wp-json\/wp\/v2\/product_tag?post=432203"}],"curies":[{"name":"wp","href":"https:\/\/api.w.org\/{rel}","templated":true}]}}