{"id":433057,"date":"2026-04-20T22:33:55","date_gmt":"2026-04-20T15:33:55","guid":{"rendered":"https:\/\/moroen.com\/pt\/?p=433057"},"modified":"2026-04-20T22:33:55","modified_gmt":"2026-04-20T15:33:55","slug":"union-la-x-nike-dunk-low-roxo-dj9649-500","status":"publish","type":"product","link":"https:\/\/moroen.com\/pt\/produkt\/union-la-x-nike-dunk-low-roxo-dj9649-500\/","title":{"rendered":"Union LA x Nike Dunk Low &#8216;Roxo&#8217; DJ9649-500"},"content":{"rendered":"<p>Apresentando os t\u00eanis Union LA x Nike Dunk Low Purple, uma colabora\u00e7\u00e3o obrigat\u00f3ria entre a Nike e a Union LA. Esses t\u00eanis apresentam um design roxo elegante, oferecendo um visual \u00fanico e moderno. Com o acabamento superior da Nike e o estilo exclusivo da Union LA, esses t\u00eanis n\u00e3o s\u00e3o apenas modernos, mas tamb\u00e9m confort\u00e1veis \u200b\u200bpara uso o dia todo. N\u00e3o perca estes t\u00eanis de edi\u00e7\u00e3o limitada da Nike!<\/p>\n<ul>\n<li><strong>Combina\u00e7\u00e3o de cores:<\/strong> Grey\/Purple\/Yellow<\/li>\n<li><strong>C\u00f3digo de estilo:<\/strong> DJ9649-500<\/li>\n<li><strong>Cabedal:<\/strong> Synthetic<\/li>\n<li><strong>Cor:<\/strong> White<\/li>\n<li><strong>Designer:<\/strong> Peter Moore<\/li>\n<li><strong>Temporada:<\/strong> Spring<\/li>\n<li><strong>Ano de lan\u00e7amento:<\/strong> 2022<\/li>\n<\/ul>\n","protected":false},"excerpt":{"rendered":"<p>Apresentando os t\u00eanis Union LA x Nike Dunk Low Purple, uma colabora\u00e7\u00e3o obrigat\u00f3ria entre a Nike e a Union LA. Esses t\u00eanis apresentam um design roxo elegante, oferecendo um visual \u00fanico e moderno. Com o acabamento superior da Nike e o estilo exclusivo da Union LA, esses t\u00eanis n\u00e3o s\u00e3o apenas modernos, mas tamb\u00e9m confort\u00e1veis [&hellip;]<\/p>\n","protected":false},"featured_media":433684,"comment_status":"closed","ping_status":"closed","template":"","meta":[],"product_brand":[],"product_cat":[10773],"product_tag":[22659,10756,10814,10961,10762,10839,22665],"class_list":{"0":"post-433057","1":"product","2":"type-product","3":"status-publish","4":"has-post-thumbnail","6":"product_cat-nike","7":"product_tag-abaixo-do-preco-de-varejo","8":"product_tag-lifestyle-casual-shoes","9":"product_tag-lifestyle-shoes-basketball-inspired","10":"product_tag-lifestyle-shoes-skateboarding-inspired","11":"product_tag-nike","12":"product_tag-nike-skateboarding-shoes","13":"product_tag-presente-para-ele","15":"first","16":"instock","17":"taxable","18":"shipping-taxable","19":"purchasable","20":"product-type-simple"},"wcpa_form_fields":null,"_links":{"self":[{"href":"https:\/\/moroen.com\/pt\/wp-json\/wp\/v2\/product\/433057","targetHints":{"allow":["GET"]}}],"collection":[{"href":"https:\/\/moroen.com\/pt\/wp-json\/wp\/v2\/product"}],"about":[{"href":"https:\/\/moroen.com\/pt\/wp-json\/wp\/v2\/types\/product"}],"replies":[{"embeddable":true,"href":"https:\/\/moroen.com\/pt\/wp-json\/wp\/v2\/comments?post=433057"}],"wp:featuredmedia":[{"embeddable":true,"href":"https:\/\/moroen.com\/pt\/wp-json\/wp\/v2\/media\/433684"}],"wp:attachment":[{"href":"https:\/\/moroen.com\/pt\/wp-json\/wp\/v2\/media?parent=433057"}],"wp:term":[{"taxonomy":"product_brand","embeddable":true,"href":"https:\/\/moroen.com\/pt\/wp-json\/wp\/v2\/product_brand?post=433057"},{"taxonomy":"product_cat","embeddable":true,"href":"https:\/\/moroen.com\/pt\/wp-json\/wp\/v2\/product_cat?post=433057"},{"taxonomy":"product_tag","embeddable":true,"href":"https:\/\/moroen.com\/pt\/wp-json\/wp\/v2\/product_tag?post=433057"}],"curies":[{"name":"wp","href":"https:\/\/api.w.org\/{rel}","templated":true}]}}