{"id":434572,"date":"2026-04-20T22:33:55","date_gmt":"2026-04-20T15:33:55","guid":{"rendered":"https:\/\/moroen.com\/pt\/?p=434572"},"modified":"2026-04-20T22:33:55","modified_gmt":"2026-04-20T15:33:55","slug":"kith-x-adidas-samba-og-classics-program-fx5398","status":"publish","type":"product","link":"https:\/\/moroen.com\/pt\/produkt\/kith-x-adidas-samba-og-classics-program-fx5398\/","title":{"rendered":"KITH x adidas Samba OG &#8216;Classics Program&#8217; FX5398"},"content":{"rendered":"<p>Apresentando o programa KITH x adidas Samba OG Classics. Esta colabora\u00e7\u00e3o combina o apelo atemporal do Samba OG com o estilo caracter\u00edstico do KITH. Com o seu design ic\u00f3nico, ajuste confort\u00e1vel e constru\u00e7\u00e3o dur\u00e1vel, estes t\u00e9nis s\u00e3o perfeitos tanto para atividades desportivas como para uso di\u00e1rio. Prepare-se para aprimorar seu jogo de t\u00eanis com o programa KITH x adidas Samba OG Classics.<\/p>\n<ul>\n<li><strong>Combina\u00e7\u00e3o de cores:<\/strong> White\/Fairway\/Gold<\/li>\n<li><strong>C\u00f3digo de estilo:<\/strong> FX5398<\/li>\n<li><strong>Cabedal:<\/strong> Leather<\/li>\n<li><strong>Cor:<\/strong> White<\/li>\n<li><strong>Temporada:<\/strong> Summer<\/li>\n<li><strong>Ano de lan\u00e7amento:<\/strong> 2021<\/li>\n<\/ul>\n","protected":false},"excerpt":{"rendered":"<p>Apresentando o programa KITH x adidas Samba OG Classics. Esta colabora\u00e7\u00e3o combina o apelo atemporal do Samba OG com o estilo caracter\u00edstico do KITH. Com o seu design ic\u00f3nico, ajuste confort\u00e1vel e constru\u00e7\u00e3o dur\u00e1vel, estes t\u00e9nis s\u00e3o perfeitos tanto para atividades desportivas como para uso di\u00e1rio. Prepare-se para aprimorar seu jogo de t\u00eanis com o [&hellip;]<\/p>\n","protected":false},"featured_media":435123,"comment_status":"closed","ping_status":"closed","template":"","meta":[],"product_brand":[],"product_cat":[10791],"product_tag":[10789,10856,10750,10756,11039,22666,22665,10858,10768],"class_list":{"0":"post-434572","1":"product","2":"type-product","3":"status-publish","4":"has-post-thumbnail","6":"product_cat-adidas","7":"product_tag-adidas","8":"product_tag-adidas-skateboarding-shoes","9":"product_tag-athleisure-shoes","10":"product_tag-lifestyle-casual-shoes","11":"product_tag-lifestyle-shoes-soccer-inspired","12":"product_tag-ofertas-em-destaque","13":"product_tag-presente-para-ele","14":"product_tag-retro-casual-shoes","15":"product_tag-trending-deals-under-150","17":"first","18":"instock","19":"taxable","20":"shipping-taxable","21":"purchasable","22":"product-type-simple"},"wcpa_form_fields":null,"_links":{"self":[{"href":"https:\/\/moroen.com\/pt\/wp-json\/wp\/v2\/product\/434572","targetHints":{"allow":["GET"]}}],"collection":[{"href":"https:\/\/moroen.com\/pt\/wp-json\/wp\/v2\/product"}],"about":[{"href":"https:\/\/moroen.com\/pt\/wp-json\/wp\/v2\/types\/product"}],"replies":[{"embeddable":true,"href":"https:\/\/moroen.com\/pt\/wp-json\/wp\/v2\/comments?post=434572"}],"wp:featuredmedia":[{"embeddable":true,"href":"https:\/\/moroen.com\/pt\/wp-json\/wp\/v2\/media\/435123"}],"wp:attachment":[{"href":"https:\/\/moroen.com\/pt\/wp-json\/wp\/v2\/media?parent=434572"}],"wp:term":[{"taxonomy":"product_brand","embeddable":true,"href":"https:\/\/moroen.com\/pt\/wp-json\/wp\/v2\/product_brand?post=434572"},{"taxonomy":"product_cat","embeddable":true,"href":"https:\/\/moroen.com\/pt\/wp-json\/wp\/v2\/product_cat?post=434572"},{"taxonomy":"product_tag","embeddable":true,"href":"https:\/\/moroen.com\/pt\/wp-json\/wp\/v2\/product_tag?post=434572"}],"curies":[{"name":"wp","href":"https:\/\/api.w.org\/{rel}","templated":true}]}}