{"id":437680,"date":"2026-04-20T22:33:55","date_gmt":"2026-04-20T15:33:55","guid":{"rendered":"https:\/\/moroen.com\/pt\/?p=437680"},"modified":"2026-04-20T22:33:55","modified_gmt":"2026-04-20T15:33:55","slug":"escola-primaria-nike-dunk-low-pull-tab-dh9764-001","status":"publish","type":"product","link":"https:\/\/moroen.com\/pt\/produkt\/escola-primaria-nike-dunk-low-pull-tab-dh9764-001\/","title":{"rendered":"(Escola prim\u00e1ria) Nike Dunk Low &#8216;Pull Tab&#8217; DH9764-001"},"content":{"rendered":"<p>Os t\u00eanis Nike Dunk Low Pull Tab (GS), da Nike, s\u00e3o uma op\u00e7\u00e3o estilosa e moderna para crian\u00e7as e adultos. Com um design exclusivo com aba de puxar, esses t\u00eanis oferecem um ajuste confort\u00e1vel e um visual elegante. Feitos com materiais de alta qualidade, esses t\u00eanis s\u00e3o dur\u00e1veis \u200b\u200be duradouros. Seja para uso casual ou para atividades esportivas, esses t\u00eanis Nike s\u00e3o uma \u00f3tima op\u00e7\u00e3o para qualquer pessoa que esteja na moda.<\/p>\n<ul>\n<li><strong>Combina\u00e7\u00e3o de cores:<\/strong> White\/Off Nior\/Metallic Pewter<\/li>\n<li><strong>C\u00f3digo de estilo:<\/strong> DH9764-001<\/li>\n<li><strong>Cabedal:<\/strong> Leather<\/li>\n<li><strong>Cor:<\/strong> Black<\/li>\n<li><strong>Designer:<\/strong> Peter Moore<\/li>\n<li><strong>Temporada:<\/strong> Spring<\/li>\n<li><strong>Ano de lan\u00e7amento:<\/strong> 2022<\/li>\n<\/ul>\n","protected":false},"excerpt":{"rendered":"<p>Os t\u00eanis Nike Dunk Low Pull Tab (GS), da Nike, s\u00e3o uma op\u00e7\u00e3o estilosa e moderna para crian\u00e7as e adultos. Com um design exclusivo com aba de puxar, esses t\u00eanis oferecem um ajuste confort\u00e1vel e um visual elegante. Feitos com materiais de alta qualidade, esses t\u00eanis s\u00e3o dur\u00e1veis \u200b\u200be duradouros. Seja para uso casual ou [&hellip;]<\/p>\n","protected":false},"featured_media":438057,"comment_status":"closed","ping_status":"closed","template":"","meta":[],"product_brand":[],"product_cat":[10773],"product_tag":[22659,10902,10903,10814,10762,10839],"class_list":{"0":"post-437680","1":"product","2":"type-product","3":"status-publish","4":"has-post-thumbnail","6":"product_cat-nike","7":"product_tag-abaixo-do-preco-de-varejo","8":"product_tag-kids-lifestyle-casual-shoes","9":"product_tag-kids-sneakers","10":"product_tag-lifestyle-shoes-basketball-inspired","11":"product_tag-nike","12":"product_tag-nike-skateboarding-shoes","14":"first","15":"instock","16":"taxable","17":"shipping-taxable","18":"purchasable","19":"product-type-simple"},"wcpa_form_fields":null,"_links":{"self":[{"href":"https:\/\/moroen.com\/pt\/wp-json\/wp\/v2\/product\/437680","targetHints":{"allow":["GET"]}}],"collection":[{"href":"https:\/\/moroen.com\/pt\/wp-json\/wp\/v2\/product"}],"about":[{"href":"https:\/\/moroen.com\/pt\/wp-json\/wp\/v2\/types\/product"}],"replies":[{"embeddable":true,"href":"https:\/\/moroen.com\/pt\/wp-json\/wp\/v2\/comments?post=437680"}],"wp:featuredmedia":[{"embeddable":true,"href":"https:\/\/moroen.com\/pt\/wp-json\/wp\/v2\/media\/438057"}],"wp:attachment":[{"href":"https:\/\/moroen.com\/pt\/wp-json\/wp\/v2\/media?parent=437680"}],"wp:term":[{"taxonomy":"product_brand","embeddable":true,"href":"https:\/\/moroen.com\/pt\/wp-json\/wp\/v2\/product_brand?post=437680"},{"taxonomy":"product_cat","embeddable":true,"href":"https:\/\/moroen.com\/pt\/wp-json\/wp\/v2\/product_cat?post=437680"},{"taxonomy":"product_tag","embeddable":true,"href":"https:\/\/moroen.com\/pt\/wp-json\/wp\/v2\/product_tag?post=437680"}],"curies":[{"name":"wp","href":"https:\/\/api.w.org\/{rel}","templated":true}]}}