{"id":444312,"date":"2026-04-20T22:33:55","date_gmt":"2026-04-20T15:33:55","guid":{"rendered":"https:\/\/moroen.com\/pt\/?p=444312"},"modified":"2026-04-20T22:33:55","modified_gmt":"2026-04-20T15:33:55","slug":"timberland-cano-baixo-bege-claro-a6791","status":"publish","type":"product","link":"https:\/\/moroen.com\/pt\/produkt\/timberland-cano-baixo-bege-claro-a6791\/","title":{"rendered":"Timberland Cano Baixo &#8216;Bege Claro&#8217; A6791"},"content":{"rendered":"<p>Entre no conforto e no estilo com o Low-Top &#8216;Light Beige&#8217; A6791 da Timberland. Fabricados em couro premium, esses t\u00eanis oferecem durabilidade incompar\u00e1vel e um visual atemporal. A palmilha ortholite proporciona amortecimento excepcional para uso durante todo o dia, enquanto a sola robusta garante tra\u00e7\u00e3o em qualquer terreno. Eleve o seu guarda-roupa com estes vers\u00e1teis canos baixos, projetados tanto para aventuras casuais quanto para explora\u00e7\u00e3o urbana.<\/p>\n<ul>\n<li><strong>C\u00f3digo de estilo:<\/strong> A6791<\/li>\n<li><strong>Cor:<\/strong> Beige<\/li>\n<\/ul>\n","protected":false},"excerpt":{"rendered":"<p>Entre no conforto e no estilo com o Low-Top &#8216;Light Beige&#8217; A6791 da Timberland. Fabricados em couro premium, esses t\u00eanis oferecem durabilidade incompar\u00e1vel e um visual atemporal. A palmilha ortholite proporciona amortecimento excepcional para uso durante todo o dia, enquanto a sola robusta garante tra\u00e7\u00e3o em qualquer terreno. Eleve o seu guarda-roupa com estes vers\u00e1teis [&hellip;]<\/p>\n","protected":false},"featured_media":444658,"comment_status":"closed","ping_status":"closed","template":"","meta":[],"product_brand":[],"product_cat":[19679],"product_tag":[22659,15317,19994,10756,22666,22665,19681,10768],"class_list":{"0":"post-444312","1":"product","2":"type-product","3":"status-publish","4":"has-post-thumbnail","6":"product_cat-timberland","7":"product_tag-abaixo-do-preco-de-varejo","8":"product_tag-casual","9":"product_tag-desert-boots","10":"product_tag-lifestyle-casual-shoes","11":"product_tag-ofertas-em-destaque","12":"product_tag-presente-para-ele","13":"product_tag-timberland","14":"product_tag-trending-deals-under-150","16":"first","17":"instock","18":"taxable","19":"shipping-taxable","20":"purchasable","21":"product-type-simple"},"wcpa_form_fields":null,"_links":{"self":[{"href":"https:\/\/moroen.com\/pt\/wp-json\/wp\/v2\/product\/444312","targetHints":{"allow":["GET"]}}],"collection":[{"href":"https:\/\/moroen.com\/pt\/wp-json\/wp\/v2\/product"}],"about":[{"href":"https:\/\/moroen.com\/pt\/wp-json\/wp\/v2\/types\/product"}],"replies":[{"embeddable":true,"href":"https:\/\/moroen.com\/pt\/wp-json\/wp\/v2\/comments?post=444312"}],"wp:featuredmedia":[{"embeddable":true,"href":"https:\/\/moroen.com\/pt\/wp-json\/wp\/v2\/media\/444658"}],"wp:attachment":[{"href":"https:\/\/moroen.com\/pt\/wp-json\/wp\/v2\/media?parent=444312"}],"wp:term":[{"taxonomy":"product_brand","embeddable":true,"href":"https:\/\/moroen.com\/pt\/wp-json\/wp\/v2\/product_brand?post=444312"},{"taxonomy":"product_cat","embeddable":true,"href":"https:\/\/moroen.com\/pt\/wp-json\/wp\/v2\/product_cat?post=444312"},{"taxonomy":"product_tag","embeddable":true,"href":"https:\/\/moroen.com\/pt\/wp-json\/wp\/v2\/product_tag?post=444312"}],"curies":[{"name":"wp","href":"https:\/\/api.w.org\/{rel}","templated":true}]}}