{"id":444329,"date":"2026-04-20T22:33:55","date_gmt":"2026-04-20T15:33:55","guid":{"rendered":"https:\/\/moroen.com\/pt\/?p=444329"},"modified":"2026-04-20T22:33:55","modified_gmt":"2026-04-20T15:33:55","slug":"uno-x-nike-offline-2-0-multi-dn5079-300","status":"publish","type":"product","link":"https:\/\/moroen.com\/pt\/produkt\/uno-x-nike-offline-2-0-multi-dn5079-300\/","title":{"rendered":"UNO x Nike Offline 2.0 &#8216;Multi&#8217; DN5079-300"},"content":{"rendered":"<p>Apresentando o UNO x Nike Offline 2.0 Multi Sneaker, uma colabora\u00e7\u00e3o entre UNO e Nike. Este t\u00eanis elegante e vers\u00e1til combina conforto, durabilidade e estilo, tornando-o perfeito para uso di\u00e1rio. Com seu design multicolorido e acabamento de primeira linha, este t\u00eanis certamente chamar\u00e1 a aten\u00e7\u00e3o.<\/p>\n<ul>\n<li><strong>Combina\u00e7\u00e3o de cores:<\/strong> Light Green Spark\/University Red\/Game Royal\/Black<\/li>\n<li><strong>C\u00f3digo de estilo:<\/strong> DN5079-300<\/li>\n<li><strong>Cabedal:<\/strong> Synthetic<\/li>\n<li><strong>Cor:<\/strong> Multi<\/li>\n<li><strong>Temporada:<\/strong> Winter<\/li>\n<li><strong>Ano de lan\u00e7amento:<\/strong> 2022<\/li>\n<\/ul>\n","protected":false},"excerpt":{"rendered":"<p>Apresentando o UNO x Nike Offline 2.0 Multi Sneaker, uma colabora\u00e7\u00e3o entre UNO e Nike. Este t\u00eanis elegante e vers\u00e1til combina conforto, durabilidade e estilo, tornando-o perfeito para uso di\u00e1rio. Com seu design multicolorido e acabamento de primeira linha, este t\u00eanis certamente chamar\u00e1 a aten\u00e7\u00e3o. Combina\u00e7\u00e3o de cores: Light Green Spark\/University Red\/Game Royal\/Black C\u00f3digo de [&hellip;]<\/p>\n","protected":false},"featured_media":444763,"comment_status":"closed","ping_status":"closed","template":"","meta":[],"product_brand":[],"product_cat":[10773],"product_tag":[22659,10750,10756,10758,10762,22665],"class_list":{"0":"post-444329","1":"product","2":"type-product","3":"status-publish","4":"has-post-thumbnail","6":"product_cat-nike","7":"product_tag-abaixo-do-preco-de-varejo","8":"product_tag-athleisure-shoes","9":"product_tag-lifestyle-casual-shoes","10":"product_tag-lifestyle-shoes-running-inspired","11":"product_tag-nike","12":"product_tag-presente-para-ele","14":"first","15":"instock","16":"taxable","17":"shipping-taxable","18":"purchasable","19":"product-type-simple"},"wcpa_form_fields":null,"_links":{"self":[{"href":"https:\/\/moroen.com\/pt\/wp-json\/wp\/v2\/product\/444329","targetHints":{"allow":["GET"]}}],"collection":[{"href":"https:\/\/moroen.com\/pt\/wp-json\/wp\/v2\/product"}],"about":[{"href":"https:\/\/moroen.com\/pt\/wp-json\/wp\/v2\/types\/product"}],"replies":[{"embeddable":true,"href":"https:\/\/moroen.com\/pt\/wp-json\/wp\/v2\/comments?post=444329"}],"wp:featuredmedia":[{"embeddable":true,"href":"https:\/\/moroen.com\/pt\/wp-json\/wp\/v2\/media\/444763"}],"wp:attachment":[{"href":"https:\/\/moroen.com\/pt\/wp-json\/wp\/v2\/media?parent=444329"}],"wp:term":[{"taxonomy":"product_brand","embeddable":true,"href":"https:\/\/moroen.com\/pt\/wp-json\/wp\/v2\/product_brand?post=444329"},{"taxonomy":"product_cat","embeddable":true,"href":"https:\/\/moroen.com\/pt\/wp-json\/wp\/v2\/product_cat?post=444329"},{"taxonomy":"product_tag","embeddable":true,"href":"https:\/\/moroen.com\/pt\/wp-json\/wp\/v2\/product_tag?post=444329"}],"curies":[{"name":"wp","href":"https:\/\/api.w.org\/{rel}","templated":true}]}}