{"id":446631,"date":"2026-04-20T22:33:55","date_gmt":"2026-04-20T15:33:55","guid":{"rendered":"https:\/\/moroen.com\/pt\/?p=446631"},"modified":"2026-04-20T22:33:55","modified_gmt":"2026-04-20T15:33:55","slug":"mulher-crocs-hiker-xscape-clog-branco-208365-100","status":"publish","type":"product","link":"https:\/\/moroen.com\/pt\/produkt\/mulher-crocs-hiker-xscape-clog-branco-208365-100\/","title":{"rendered":"(Mulher) Crocs Hiker Xscape Clog &#8216;Branco&#8217; 208365-100"},"content":{"rendered":"<p>Eleve a sua experi\u00eancia de caminhada com o tamanco feminino Crocs Hiker Xscape &#8216;White&#8217;. Projetados com uma constru\u00e7\u00e3o leve em Croslite\u2122, esses tamancos proporcionam conforto e suporte excepcionais durante suas aventuras. Apresentando uma sola robusta para maior tra\u00e7\u00e3o em terrenos irregulares, garantem estabilidade e seguran\u00e7a em cada passo. A pulseira Turbo ajust\u00e1vel oferece um ajuste seguro, enquanto o design respir\u00e1vel mant\u00e9m os p\u00e9s frescos e secos. Experimente a melhor combina\u00e7\u00e3o de estilo, funcionalidade e conforto com estes vers\u00e1teis tamancos Crocs Hiker Xscape em branco imaculado.<\/p>\n<ul>\n<li><strong>Combina\u00e7\u00e3o de cores:<\/strong> White<\/li>\n<li><strong>C\u00f3digo de estilo:<\/strong> 208365-100<\/li>\n<li><strong>Cor:<\/strong> White<\/li>\n<\/ul>\n","protected":false},"excerpt":{"rendered":"<p>Eleve a sua experi\u00eancia de caminhada com o tamanco feminino Crocs Hiker Xscape &#8216;White&#8217;. Projetados com uma constru\u00e7\u00e3o leve em Croslite\u2122, esses tamancos proporcionam conforto e suporte excepcionais durante suas aventuras. Apresentando uma sola robusta para maior tra\u00e7\u00e3o em terrenos irregulares, garantem estabilidade e seguran\u00e7a em cada passo. A pulseira Turbo ajust\u00e1vel oferece um ajuste [&hellip;]<\/p>\n","protected":false},"featured_media":446955,"comment_status":"closed","ping_status":"closed","template":"","meta":[],"product_brand":[],"product_cat":[20025],"product_tag":[22659,11107,19642,20026,10756],"class_list":{"0":"post-446631","1":"product","2":"type-product","3":"status-publish","4":"has-post-thumbnail","6":"product_cat-crocs","7":"product_tag-abaixo-do-preco-de-varejo","8":"product_tag-casual-hiking-shoes","9":"product_tag-clogs","10":"product_tag-crocs","11":"product_tag-lifestyle-casual-shoes","13":"first","14":"instock","15":"taxable","16":"shipping-taxable","17":"purchasable","18":"product-type-simple"},"wcpa_form_fields":null,"_links":{"self":[{"href":"https:\/\/moroen.com\/pt\/wp-json\/wp\/v2\/product\/446631","targetHints":{"allow":["GET"]}}],"collection":[{"href":"https:\/\/moroen.com\/pt\/wp-json\/wp\/v2\/product"}],"about":[{"href":"https:\/\/moroen.com\/pt\/wp-json\/wp\/v2\/types\/product"}],"replies":[{"embeddable":true,"href":"https:\/\/moroen.com\/pt\/wp-json\/wp\/v2\/comments?post=446631"}],"wp:featuredmedia":[{"embeddable":true,"href":"https:\/\/moroen.com\/pt\/wp-json\/wp\/v2\/media\/446955"}],"wp:attachment":[{"href":"https:\/\/moroen.com\/pt\/wp-json\/wp\/v2\/media?parent=446631"}],"wp:term":[{"taxonomy":"product_brand","embeddable":true,"href":"https:\/\/moroen.com\/pt\/wp-json\/wp\/v2\/product_brand?post=446631"},{"taxonomy":"product_cat","embeddable":true,"href":"https:\/\/moroen.com\/pt\/wp-json\/wp\/v2\/product_cat?post=446631"},{"taxonomy":"product_tag","embeddable":true,"href":"https:\/\/moroen.com\/pt\/wp-json\/wp\/v2\/product_tag?post=446631"}],"curies":[{"name":"wp","href":"https:\/\/api.w.org\/{rel}","templated":true}]}}