{"id":446650,"date":"2026-04-20T22:33:55","date_gmt":"2026-04-20T15:33:55","guid":{"rendered":"https:\/\/moroen.com\/pt\/?p=446650"},"modified":"2026-04-20T22:33:55","modified_gmt":"2026-04-20T15:33:55","slug":"sneeze-x-reebok-lt-court-preto-branco-gw9607","status":"publish","type":"product","link":"https:\/\/moroen.com\/pt\/produkt\/sneeze-x-reebok-lt-court-preto-branco-gw9607\/","title":{"rendered":"Sneeze x Reebok LT Court &#8216;Preto Branco&#8217; GW9607"},"content":{"rendered":"<p>Apresentamos os t\u00eanis Sneeze x Reebok LT Court Black White, uma colabora\u00e7\u00e3o entre a revista Sneeze e a Reebok. Estes t\u00eanis elegantes e vers\u00e1teis apresentam um design elegante em preto e branco, tornando-os perfeitos para qualquer roupa casual ou esportiva. Com a confi\u00e1vel marca Reebok, voc\u00ea pode esperar desempenho e conforto de alta qualidade. Atualize sua cole\u00e7\u00e3o de t\u00eanis com os t\u00eanis Sneeze x Reebok LT Court Black White hoje mesmo.<\/p>\n<ul>\n<li><strong>Combina\u00e7\u00e3o de cores:<\/strong> Core Black\/Footwear White\/Pure Grey 6<\/li>\n<li><strong>C\u00f3digo de estilo:<\/strong> GW9607<\/li>\n<li><strong>Cabedal:<\/strong> Leather<\/li>\n<li><strong>Cor:<\/strong> Black<\/li>\n<li><strong>Ano de lan\u00e7amento:<\/strong> 2022<\/li>\n<\/ul>\n","protected":false},"excerpt":{"rendered":"<p>Apresentamos os t\u00eanis Sneeze x Reebok LT Court Black White, uma colabora\u00e7\u00e3o entre a revista Sneeze e a Reebok. Estes t\u00eanis elegantes e vers\u00e1teis apresentam um design elegante em preto e branco, tornando-os perfeitos para qualquer roupa casual ou esportiva. Com a confi\u00e1vel marca Reebok, voc\u00ea pode esperar desempenho e conforto de alta qualidade. Atualize [&hellip;]<\/p>\n","protected":false},"featured_media":447067,"comment_status":"closed","ping_status":"closed","template":"","meta":[],"product_brand":[],"product_cat":[19790],"product_tag":[22659,10750,10752,10941,10756,10943,22666,22665,19791,10768],"class_list":{"0":"post-446650","1":"product","2":"type-product","3":"status-publish","4":"has-post-thumbnail","6":"product_cat-reebok","7":"product_tag-abaixo-do-preco-de-varejo","8":"product_tag-athleisure-shoes","9":"product_tag-best-finds-under-100","10":"product_tag-court-classic-shoes","11":"product_tag-lifestyle-casual-shoes","12":"product_tag-lifestyle-shoes-tennis-inspired","13":"product_tag-ofertas-em-destaque","14":"product_tag-presente-para-ele","15":"product_tag-reebok","16":"product_tag-trending-deals-under-150","18":"first","19":"instock","20":"taxable","21":"shipping-taxable","22":"purchasable","23":"product-type-simple"},"wcpa_form_fields":null,"_links":{"self":[{"href":"https:\/\/moroen.com\/pt\/wp-json\/wp\/v2\/product\/446650","targetHints":{"allow":["GET"]}}],"collection":[{"href":"https:\/\/moroen.com\/pt\/wp-json\/wp\/v2\/product"}],"about":[{"href":"https:\/\/moroen.com\/pt\/wp-json\/wp\/v2\/types\/product"}],"replies":[{"embeddable":true,"href":"https:\/\/moroen.com\/pt\/wp-json\/wp\/v2\/comments?post=446650"}],"wp:featuredmedia":[{"embeddable":true,"href":"https:\/\/moroen.com\/pt\/wp-json\/wp\/v2\/media\/447067"}],"wp:attachment":[{"href":"https:\/\/moroen.com\/pt\/wp-json\/wp\/v2\/media?parent=446650"}],"wp:term":[{"taxonomy":"product_brand","embeddable":true,"href":"https:\/\/moroen.com\/pt\/wp-json\/wp\/v2\/product_brand?post=446650"},{"taxonomy":"product_cat","embeddable":true,"href":"https:\/\/moroen.com\/pt\/wp-json\/wp\/v2\/product_cat?post=446650"},{"taxonomy":"product_tag","embeddable":true,"href":"https:\/\/moroen.com\/pt\/wp-json\/wp\/v2\/product_tag?post=446650"}],"curies":[{"name":"wp","href":"https:\/\/api.w.org\/{rel}","templated":true}]}}