{"id":448048,"date":"2026-04-20T22:33:55","date_gmt":"2026-04-20T15:33:55","guid":{"rendered":"https:\/\/moroen.com\/pt\/?p=448048"},"modified":"2026-04-20T22:33:55","modified_gmt":"2026-04-20T15:33:55","slug":"vans-authentic-branco-vn000ee3wht","status":"publish","type":"product","link":"https:\/\/moroen.com\/pt\/produkt\/vans-authentic-branco-vn000ee3wht\/","title":{"rendered":"Vans Authentic &#8216;Branco&#8217; VN000EE3WHT"},"content":{"rendered":"<p>Os t\u00eanis Vans Authentic White s\u00e3o uma escolha cl\u00e1ssica e atemporal para qualquer entusiasta de t\u00eanis. Fabricados pela renomada marca Vans, esses t\u00eanis apresentam um design branco elegante que combina facilmente com qualquer look. Quer opte por um estilo de rua casual ou por um look mais elegante, estes t\u00e9nis Vans Authentic White s\u00e3o a escolha perfeita.<\/p>\n<ul>\n<li><strong>Combina\u00e7\u00e3o de cores:<\/strong> White<\/li>\n<li><strong>C\u00f3digo de estilo:<\/strong> VN000EE3WHT<\/li>\n<li><strong>Cor:<\/strong> White<\/li>\n<li><strong>Temporada:<\/strong> Summer<\/li>\n<li><strong>Ano de lan\u00e7amento:<\/strong> 2022<\/li>\n<\/ul>\n","protected":false},"excerpt":{"rendered":"<p>Os t\u00eanis Vans Authentic White s\u00e3o uma escolha cl\u00e1ssica e atemporal para qualquer entusiasta de t\u00eanis. Fabricados pela renomada marca Vans, esses t\u00eanis apresentam um design branco elegante que combina facilmente com qualquer look. Quer opte por um estilo de rua casual ou por um look mais elegante, estes t\u00e9nis Vans Authentic White s\u00e3o a [&hellip;]<\/p>\n","protected":false},"featured_media":448153,"comment_status":"closed","ping_status":"closed","template":"","meta":[],"product_brand":[],"product_cat":[19794],"product_tag":[22659,10750,10756,10961,22665,10858,19795],"class_list":{"0":"post-448048","1":"product","2":"type-product","3":"status-publish","4":"has-post-thumbnail","6":"product_cat-vans","7":"product_tag-abaixo-do-preco-de-varejo","8":"product_tag-athleisure-shoes","9":"product_tag-lifestyle-casual-shoes","10":"product_tag-lifestyle-shoes-skateboarding-inspired","11":"product_tag-presente-para-ele","12":"product_tag-retro-casual-shoes","13":"product_tag-vans","15":"first","16":"instock","17":"taxable","18":"shipping-taxable","19":"purchasable","20":"product-type-simple"},"wcpa_form_fields":null,"_links":{"self":[{"href":"https:\/\/moroen.com\/pt\/wp-json\/wp\/v2\/product\/448048","targetHints":{"allow":["GET"]}}],"collection":[{"href":"https:\/\/moroen.com\/pt\/wp-json\/wp\/v2\/product"}],"about":[{"href":"https:\/\/moroen.com\/pt\/wp-json\/wp\/v2\/types\/product"}],"replies":[{"embeddable":true,"href":"https:\/\/moroen.com\/pt\/wp-json\/wp\/v2\/comments?post=448048"}],"wp:featuredmedia":[{"embeddable":true,"href":"https:\/\/moroen.com\/pt\/wp-json\/wp\/v2\/media\/448153"}],"wp:attachment":[{"href":"https:\/\/moroen.com\/pt\/wp-json\/wp\/v2\/media?parent=448048"}],"wp:term":[{"taxonomy":"product_brand","embeddable":true,"href":"https:\/\/moroen.com\/pt\/wp-json\/wp\/v2\/product_brand?post=448048"},{"taxonomy":"product_cat","embeddable":true,"href":"https:\/\/moroen.com\/pt\/wp-json\/wp\/v2\/product_cat?post=448048"},{"taxonomy":"product_tag","embeddable":true,"href":"https:\/\/moroen.com\/pt\/wp-json\/wp\/v2\/product_tag?post=448048"}],"curies":[{"name":"wp","href":"https:\/\/api.w.org\/{rel}","templated":true}]}}