{"id":448090,"date":"2026-04-20T22:32:11","date_gmt":"2026-04-20T15:32:11","guid":{"rendered":"https:\/\/moroen.com\/es\/?p=448090"},"modified":"2026-04-20T22:32:11","modified_gmt":"2026-04-20T15:32:11","slug":"mujer-converse-run-star-utility-cx-sandal-pride-2024-a10219c","status":"publish","type":"product","link":"https:\/\/moroen.com\/pt\/produkt\/mujer-converse-run-star-utility-cx-sandal-pride-2024-a10219c\/","title":{"rendered":"(Mujer) Converse Run Star Utility CX Sandal &#8216;Pride 2024&#8217; A10219C"},"content":{"rendered":"<p>Adquiera estilo y soporte con la sandalia Converse Run Star Utility CX &#8216;Pride 2024&#8217;. Confeccionadas con una parte superior de lona duradera adornada con detalles de arco\u00edris, estas sandalias celebran el orgullo y la diversidad. La entresuela de espuma CX apilada ofrece una amortiguaci\u00f3n excepcional, mientras que la suela exterior de goma resistente proporciona una tracci\u00f3n segura. La correa ajustable en el tobillo garantiza un ajuste perfecto, haciendo que estas sandalias sean c\u00f3modas y elegantes. Abraza tu individualidad y muestra tu orgullo con cada paso con la sandalia Converse Run Star Utility CX &#8216;Pride 2024&#8217;.<\/p>\n<ul>\n<li><strong>Combinaci\u00f3n de colores:<\/strong> White\/Multi-Color<\/li>\n<li><strong>C\u00f3digo de estilo:<\/strong> A10219C<\/li>\n<li><strong>Parte superior:<\/strong> Leather<\/li>\n<li><strong>Entresuela:<\/strong> CX Foam<\/li>\n<li><strong>Color:<\/strong> Multi<\/li>\n<li><strong>A\u00f1o de lanzamiento:<\/strong> 2024<\/li>\n<\/ul>\n","protected":false},"excerpt":{"rendered":"<p>Adquiera estilo y soporte con la sandalia Converse Run Star Utility CX &#8216;Pride 2024&#8217;. Confeccionadas con una parte superior de lona duradera adornada con detalles de arco\u00edris, estas sandalias celebran el orgullo y la diversidad. La entresuela de espuma CX apilada ofrece una amortiguaci\u00f3n excepcional, mientras que la suela exterior de goma resistente proporciona una [&hellip;]<\/p>\n","protected":false},"featured_media":448388,"comment_status":"closed","ping_status":"closed","template":"","meta":[],"product_brand":[],"product_cat":[20041],"product_tag":[10750,20042,10756,10814,22659,22722,10858],"class_list":{"0":"post-448090","1":"product","2":"type-product","3":"status-publish","4":"has-post-thumbnail","6":"product_cat-converse","7":"product_tag-athleisure-shoes","8":"product_tag-converse","9":"product_tag-lifestyle-casual-shoes","10":"product_tag-lifestyle-shoes-basketball-inspired","11":"product_tag-abaixo-do-preco-de-varejo","12":"product_tag-regalo-para-ella","13":"product_tag-retro-casual-shoes","15":"first","16":"instock","17":"taxable","18":"shipping-taxable","19":"purchasable","20":"product-type-simple"},"wcpa_form_fields":null,"_links":{"self":[{"href":"https:\/\/moroen.com\/pt\/wp-json\/wp\/v2\/product\/448090","targetHints":{"allow":["GET"]}}],"collection":[{"href":"https:\/\/moroen.com\/pt\/wp-json\/wp\/v2\/product"}],"about":[{"href":"https:\/\/moroen.com\/pt\/wp-json\/wp\/v2\/types\/product"}],"replies":[{"embeddable":true,"href":"https:\/\/moroen.com\/pt\/wp-json\/wp\/v2\/comments?post=448090"}],"wp:featuredmedia":[{"embeddable":true,"href":"https:\/\/moroen.com\/pt\/wp-json\/wp\/v2\/media\/448388"}],"wp:attachment":[{"href":"https:\/\/moroen.com\/pt\/wp-json\/wp\/v2\/media?parent=448090"}],"wp:term":[{"taxonomy":"product_brand","embeddable":true,"href":"https:\/\/moroen.com\/pt\/wp-json\/wp\/v2\/product_brand?post=448090"},{"taxonomy":"product_cat","embeddable":true,"href":"https:\/\/moroen.com\/pt\/wp-json\/wp\/v2\/product_cat?post=448090"},{"taxonomy":"product_tag","embeddable":true,"href":"https:\/\/moroen.com\/pt\/wp-json\/wp\/v2\/product_tag?post=448090"}],"curies":[{"name":"wp","href":"https:\/\/api.w.org\/{rel}","templated":true}]}}