{"id":448127,"date":"2026-04-20T22:33:55","date_gmt":"2026-04-20T15:33:55","guid":{"rendered":"https:\/\/moroen.com\/pt\/?p=448127"},"modified":"2026-04-20T22:33:55","modified_gmt":"2026-04-20T15:33:55","slug":"conjunto-bearbrick-rat-fink-100-e-400","status":"publish","type":"product","link":"https:\/\/moroen.com\/pt\/produkt\/conjunto-bearbrick-rat-fink-100-e-400\/","title":{"rendered":"Conjunto Bearbrick Rat Fink 100% e 400%"},"content":{"rendered":"<p>## Liberte travessuras com o conjunto Bearbrick Rat Fink 100% e 400%! Esta dupla ic\u00f4nica combina o estilo colecion\u00e1vel de Bearbrick com o lend\u00e1rio hot rod rebelde de Ed &#8222;Big Daddy&#8220; Roth.  As figuras de 100% (2,75&#8243;) e 400% (11&#8243;) apresentam o sorriso caracter\u00edstico de Rat Fink, olhos vermelhos e postura ic\u00f4nica.  Um item obrigat\u00f3rio para entusiastas de brinquedos de arte, amantes de hot rod e colecionadores de itens exclusivos e legais. Pegue o seu antes que eles saiam correndo!<\/p>\n<ul>\n<li><strong>C\u00f3digo de estilo:<\/strong> 4530956600574<\/li>\n<li><strong>Cor:<\/strong> Green<\/li>\n<li><strong>Temporada:<\/strong> 2022<\/li>\n<li><strong>Ano de lan\u00e7amento:<\/strong> 2022<\/li>\n<\/ul>\n","protected":false},"excerpt":{"rendered":"<p>## Liberte travessuras com o conjunto Bearbrick Rat Fink 100% e 400%! Esta dupla ic\u00f4nica combina o estilo colecion\u00e1vel de Bearbrick com o lend\u00e1rio hot rod rebelde de Ed &#8222;Big Daddy&#8220; Roth. As figuras de 100% (2,75&#8243;) e 400% (11&#8243;) apresentam o sorriso caracter\u00edstico de Rat Fink, olhos vermelhos e postura ic\u00f4nica. Um item obrigat\u00f3rio [&hellip;]<\/p>\n","protected":false},"featured_media":448648,"comment_status":"closed","ping_status":"closed","template":"","meta":[],"product_brand":[],"product_cat":[21116],"product_tag":[22659,21117,21118],"class_list":{"0":"post-448127","1":"product","2":"type-product","3":"status-publish","4":"has-post-thumbnail","6":"product_cat-bearbrick","7":"product_tag-onder-de-verkoopprijs","8":"product_tag-bearbrick","9":"product_tag-rat-fink","11":"first","12":"instock","13":"taxable","14":"shipping-taxable","15":"purchasable","16":"product-type-simple"},"wcpa_form_fields":null,"_links":{"self":[{"href":"https:\/\/moroen.com\/pt\/wp-json\/wp\/v2\/product\/448127","targetHints":{"allow":["GET"]}}],"collection":[{"href":"https:\/\/moroen.com\/pt\/wp-json\/wp\/v2\/product"}],"about":[{"href":"https:\/\/moroen.com\/pt\/wp-json\/wp\/v2\/types\/product"}],"replies":[{"embeddable":true,"href":"https:\/\/moroen.com\/pt\/wp-json\/wp\/v2\/comments?post=448127"}],"wp:featuredmedia":[{"embeddable":true,"href":"https:\/\/moroen.com\/pt\/wp-json\/wp\/v2\/media\/448648"}],"wp:attachment":[{"href":"https:\/\/moroen.com\/pt\/wp-json\/wp\/v2\/media?parent=448127"}],"wp:term":[{"taxonomy":"product_brand","embeddable":true,"href":"https:\/\/moroen.com\/pt\/wp-json\/wp\/v2\/product_brand?post=448127"},{"taxonomy":"product_cat","embeddable":true,"href":"https:\/\/moroen.com\/pt\/wp-json\/wp\/v2\/product_cat?post=448127"},{"taxonomy":"product_tag","embeddable":true,"href":"https:\/\/moroen.com\/pt\/wp-json\/wp\/v2\/product_tag?post=448127"}],"curies":[{"name":"wp","href":"https:\/\/api.w.org\/{rel}","templated":true}]}}