{"id":448812,"date":"2026-04-20T22:33:55","date_gmt":"2026-04-20T15:33:55","guid":{"rendered":"https:\/\/moroen.com\/pt\/?p=448812"},"modified":"2026-04-20T22:33:55","modified_gmt":"2026-04-20T15:33:55","slug":"anta-kai-3-432-hz-8126b1102-1","status":"publish","type":"product","link":"https:\/\/moroen.com\/pt\/produkt\/anta-kai-3-432-hz-8126b1102-1\/","title":{"rendered":"Anta Kai 3 &#8216;432 Hz&#8217; 8126B1102-1"},"content":{"rendered":"<p>Eleve seu desempenho com o Anta Kai 3 &#8221;432Hz&#8221; 8126B1102-1, um t\u00eanis de basquete de \u00faltima gera\u00e7\u00e3o projetado para agilidade, suporte e conforto ideais.<\/p>\n<ul>\n<li><strong>Combina\u00e7\u00e3o de cores:<\/strong> Purple\/Pink-Gold<\/li>\n<li><strong>C\u00f3digo de estilo:<\/strong> 8126B1102-1<\/li>\n<li><strong>Cor:<\/strong> Purple<\/li>\n<li><strong>Temporada:<\/strong> Winter<\/li>\n<li><strong>Ano de lan\u00e7amento:<\/strong> 2026<\/li>\n<\/ul>\n","protected":false},"excerpt":{"rendered":"<p>Eleve seu desempenho com o Anta Kai 3 &#8221;432Hz&#8221; 8126B1102-1, um t\u00eanis de basquete de \u00faltima gera\u00e7\u00e3o projetado para agilidade, suporte e conforto ideais. Combina\u00e7\u00e3o de cores: Purple\/Pink-Gold C\u00f3digo de estilo: 8126B1102-1 Cor: Purple Temporada: Winter Ano de lan\u00e7amento: 2026<\/p>\n","protected":false},"featured_media":449096,"comment_status":"closed","ping_status":"closed","template":"","meta":[],"product_brand":[],"product_cat":[19910],"product_tag":[19911,22661,22658],"class_list":{"0":"post-448812","1":"product","2":"type-product","3":"status-publish","4":"has-post-thumbnail","6":"product_cat-anta","7":"product_tag-anta","8":"product_tag-tenis-de-basquete","9":"product_tag-zapatillas-deportivas-de-rendimiento","11":"first","12":"instock","13":"taxable","14":"shipping-taxable","15":"purchasable","16":"product-type-simple"},"wcpa_form_fields":null,"_links":{"self":[{"href":"https:\/\/moroen.com\/pt\/wp-json\/wp\/v2\/product\/448812","targetHints":{"allow":["GET"]}}],"collection":[{"href":"https:\/\/moroen.com\/pt\/wp-json\/wp\/v2\/product"}],"about":[{"href":"https:\/\/moroen.com\/pt\/wp-json\/wp\/v2\/types\/product"}],"replies":[{"embeddable":true,"href":"https:\/\/moroen.com\/pt\/wp-json\/wp\/v2\/comments?post=448812"}],"wp:featuredmedia":[{"embeddable":true,"href":"https:\/\/moroen.com\/pt\/wp-json\/wp\/v2\/media\/449096"}],"wp:attachment":[{"href":"https:\/\/moroen.com\/pt\/wp-json\/wp\/v2\/media?parent=448812"}],"wp:term":[{"taxonomy":"product_brand","embeddable":true,"href":"https:\/\/moroen.com\/pt\/wp-json\/wp\/v2\/product_brand?post=448812"},{"taxonomy":"product_cat","embeddable":true,"href":"https:\/\/moroen.com\/pt\/wp-json\/wp\/v2\/product_cat?post=448812"},{"taxonomy":"product_tag","embeddable":true,"href":"https:\/\/moroen.com\/pt\/wp-json\/wp\/v2\/product_tag?post=448812"}],"curies":[{"name":"wp","href":"https:\/\/api.w.org\/{rel}","templated":true}]}}