{"id":449475,"date":"2026-04-20T22:33:55","date_gmt":"2026-04-20T15:33:55","guid":{"rendered":"https:\/\/moroen.com\/pt\/?p=449475"},"modified":"2026-04-20T22:33:55","modified_gmt":"2026-04-20T15:33:55","slug":"vans-authentic-true-white-vn000ee3w00","status":"publish","type":"product","link":"https:\/\/moroen.com\/pt\/produkt\/vans-authentic-true-white-vn000ee3w00\/","title":{"rendered":"Vans Authentic &#8216;True White&#8217; VN000EE3W00"},"content":{"rendered":"<p>Apresentamos os t\u00eanis Vans Authentic True White da Vans. Estes sapatos cl\u00e1ssicos apresentam uma cor branca limpa, perfeitos para qualquer roupa casual. Com seu design aut\u00eantico e ajuste confort\u00e1vel, eles s\u00e3o essenciais em sua cole\u00e7\u00e3o de cal\u00e7ados. Compre agora e saia com estilo com estes t\u00eanis True White Vans Authentic.<\/p>\n<ul>\n<li><strong>Combina\u00e7\u00e3o de cores:<\/strong> True White<\/li>\n<li><strong>C\u00f3digo de estilo:<\/strong> VN000EE3W00<\/li>\n<li><strong>Cor:<\/strong> White<\/li>\n<li><strong>Designer:<\/strong> Paul Van Doren<\/li>\n<li><strong>Temporada:<\/strong> All Season<\/li>\n<\/ul>\n","protected":false},"excerpt":{"rendered":"<p>Apresentamos os t\u00eanis Vans Authentic True White da Vans. Estes sapatos cl\u00e1ssicos apresentam uma cor branca limpa, perfeitos para qualquer roupa casual. Com seu design aut\u00eantico e ajuste confort\u00e1vel, eles s\u00e3o essenciais em sua cole\u00e7\u00e3o de cal\u00e7ados. Compre agora e saia com estilo com estes t\u00eanis True White Vans Authentic. Combina\u00e7\u00e3o de cores: True White [&hellip;]<\/p>\n","protected":false},"featured_media":449909,"comment_status":"closed","ping_status":"closed","template":"","meta":[],"product_brand":[],"product_cat":[19794],"product_tag":[22659,10750,10756,10961,10858,19795],"class_list":{"0":"post-449475","1":"product","2":"type-product","3":"status-publish","4":"has-post-thumbnail","6":"product_cat-vans","7":"product_tag-abaixo-do-preco-de-varejo","8":"product_tag-athleisure-shoes","9":"product_tag-lifestyle-casual-shoes","10":"product_tag-lifestyle-shoes-skateboarding-inspired","11":"product_tag-retro-casual-shoes","12":"product_tag-vans","14":"first","15":"instock","16":"taxable","17":"shipping-taxable","18":"purchasable","19":"product-type-simple"},"wcpa_form_fields":null,"_links":{"self":[{"href":"https:\/\/moroen.com\/pt\/wp-json\/wp\/v2\/product\/449475","targetHints":{"allow":["GET"]}}],"collection":[{"href":"https:\/\/moroen.com\/pt\/wp-json\/wp\/v2\/product"}],"about":[{"href":"https:\/\/moroen.com\/pt\/wp-json\/wp\/v2\/types\/product"}],"replies":[{"embeddable":true,"href":"https:\/\/moroen.com\/pt\/wp-json\/wp\/v2\/comments?post=449475"}],"wp:featuredmedia":[{"embeddable":true,"href":"https:\/\/moroen.com\/pt\/wp-json\/wp\/v2\/media\/449909"}],"wp:attachment":[{"href":"https:\/\/moroen.com\/pt\/wp-json\/wp\/v2\/media?parent=449475"}],"wp:term":[{"taxonomy":"product_brand","embeddable":true,"href":"https:\/\/moroen.com\/pt\/wp-json\/wp\/v2\/product_brand?post=449475"},{"taxonomy":"product_cat","embeddable":true,"href":"https:\/\/moroen.com\/pt\/wp-json\/wp\/v2\/product_cat?post=449475"},{"taxonomy":"product_tag","embeddable":true,"href":"https:\/\/moroen.com\/pt\/wp-json\/wp\/v2\/product_tag?post=449475"}],"curies":[{"name":"wp","href":"https:\/\/api.w.org\/{rel}","templated":true}]}}