{"id":450133,"date":"2026-04-20T22:33:55","date_gmt":"2026-04-20T15:33:55","guid":{"rendered":"https:\/\/moroen.com\/pt\/?p=450133"},"modified":"2026-04-20T22:33:55","modified_gmt":"2026-04-20T15:33:55","slug":"vans-trek-slip-on-preto-vn0a5hf8blk","status":"publish","type":"product","link":"https:\/\/moroen.com\/pt\/produkt\/vans-trek-slip-on-preto-vn0a5hf8blk\/","title":{"rendered":"Vans Trek Slip-On &#8216;Preto&#8217; VN0A5HF8BLK"},"content":{"rendered":"<p>O Vans Trek Slip-On Black \u00e9 um cal\u00e7ado estiloso e vers\u00e1til da renomada marca Vans. Sua elegante cor preta adiciona um toque de sofistica\u00e7\u00e3o a qualquer roupa. Vista estes chinelos confort\u00e1veis \u200b\u200be dur\u00e1veis, perfeitos para uso di\u00e1rio ou para explorar ao ar livre.<\/p>\n<ul>\n<li><strong>Combina\u00e7\u00e3o de cores:<\/strong> Black\/Black<\/li>\n<li><strong>C\u00f3digo de estilo:<\/strong> VN0A5HF8BLK<\/li>\n<li><strong>Cabedal:<\/strong> TPU<\/li>\n<li><strong>Cor:<\/strong> Black<\/li>\n<li><strong>Designer:<\/strong> Paul Van Doren<\/li>\n<li><strong>Temporada:<\/strong> Summer<\/li>\n<\/ul>\n","protected":false},"excerpt":{"rendered":"<p>O Vans Trek Slip-On Black \u00e9 um cal\u00e7ado estiloso e vers\u00e1til da renomada marca Vans. Sua elegante cor preta adiciona um toque de sofistica\u00e7\u00e3o a qualquer roupa. Vista estes chinelos confort\u00e1veis \u200b\u200be dur\u00e1veis, perfeitos para uso di\u00e1rio ou para explorar ao ar livre. Combina\u00e7\u00e3o de cores: Black\/Black C\u00f3digo de estilo: VN0A5HF8BLK Cabedal: TPU Cor: Black [&hellip;]<\/p>\n","protected":false},"featured_media":450356,"comment_status":"closed","ping_status":"closed","template":"","meta":[],"product_brand":[],"product_cat":[19794],"product_tag":[10750,12310,11358,10756,10961,22665,10858,19795],"class_list":{"0":"post-450133","1":"product","2":"type-product","3":"status-publish","4":"has-post-thumbnail","6":"product_cat-vans","7":"product_tag-athleisure-shoes","8":"product_tag-best-seller","9":"product_tag-gallery-look","10":"product_tag-lifestyle-casual-shoes","11":"product_tag-lifestyle-shoes-skateboarding-inspired","12":"product_tag-presente-para-ele","13":"product_tag-retro-casual-shoes","14":"product_tag-vans","16":"first","17":"instock","18":"taxable","19":"shipping-taxable","20":"purchasable","21":"product-type-simple"},"wcpa_form_fields":null,"_links":{"self":[{"href":"https:\/\/moroen.com\/pt\/wp-json\/wp\/v2\/product\/450133","targetHints":{"allow":["GET"]}}],"collection":[{"href":"https:\/\/moroen.com\/pt\/wp-json\/wp\/v2\/product"}],"about":[{"href":"https:\/\/moroen.com\/pt\/wp-json\/wp\/v2\/types\/product"}],"replies":[{"embeddable":true,"href":"https:\/\/moroen.com\/pt\/wp-json\/wp\/v2\/comments?post=450133"}],"wp:featuredmedia":[{"embeddable":true,"href":"https:\/\/moroen.com\/pt\/wp-json\/wp\/v2\/media\/450356"}],"wp:attachment":[{"href":"https:\/\/moroen.com\/pt\/wp-json\/wp\/v2\/media?parent=450133"}],"wp:term":[{"taxonomy":"product_brand","embeddable":true,"href":"https:\/\/moroen.com\/pt\/wp-json\/wp\/v2\/product_brand?post=450133"},{"taxonomy":"product_cat","embeddable":true,"href":"https:\/\/moroen.com\/pt\/wp-json\/wp\/v2\/product_cat?post=450133"},{"taxonomy":"product_tag","embeddable":true,"href":"https:\/\/moroen.com\/pt\/wp-json\/wp\/v2\/product_tag?post=450133"}],"curies":[{"name":"wp","href":"https:\/\/api.w.org\/{rel}","templated":true}]}}