{"id":450170,"date":"2026-04-20T22:33:55","date_gmt":"2026-04-20T15:33:55","guid":{"rendered":"https:\/\/moroen.com\/pt\/?p=450170"},"modified":"2026-04-20T22:33:55","modified_gmt":"2026-04-20T15:33:55","slug":"na-execucao-do-cloudflow-3-0-lake-blue-flare-orange-35-99237","status":"publish","type":"product","link":"https:\/\/moroen.com\/pt\/produkt\/na-execucao-do-cloudflow-3-0-lake-blue-flare-orange-35-99237\/","title":{"rendered":"Na execu\u00e7\u00e3o do Cloudflow 3.0 Lake Blue Flare Orange 35.99237"},"content":{"rendered":"<p>Experimente conforto e estilo incompar\u00e1veis com o On Cloudflow &#8216;Fashion Versatile Blue&#8217; 35.99237. Projetados com tecnologia su\u00ed\u00e7a avan\u00e7ada, estes t\u00eanis de corrida apresentam amortecimento CloudTec\u00ae para uma passada leve e responsiva. A parte superior em malha respir\u00e1vel garante ventila\u00e7\u00e3o ideal, enquanto o ajuste adapt\u00e1vel envolve perfeitamente o p\u00e9 para suporte extra. Quer voc\u00ea esteja na pista ou enfrentando aventuras urbanas, o impressionante design azul adiciona um toque de eleg\u00e2ncia a cada passada. Eleve seu desempenho e fique \u00f3timo fazendo isso com On Cloudflow<\/p>\n<ul>\n<li><strong>Combina\u00e7\u00e3o de cores:<\/strong> Lake\/Flare<\/li>\n<li><strong>C\u00f3digo de estilo:<\/strong> 35.99237<\/li>\n<li><strong>Cor:<\/strong> Blue<\/li>\n<\/ul>\n","protected":false},"excerpt":{"rendered":"<p>Experimente conforto e estilo incompar\u00e1veis com o On Cloudflow &#8216;Fashion Versatile Blue&#8217; 35.99237. Projetados com tecnologia su\u00ed\u00e7a avan\u00e7ada, estes t\u00eanis de corrida apresentam amortecimento CloudTec\u00ae para uma passada leve e responsiva. A parte superior em malha respir\u00e1vel garante ventila\u00e7\u00e3o ideal, enquanto o ajuste adapt\u00e1vel envolve perfeitamente o p\u00e9 para suporte extra. Quer voc\u00ea esteja na [&hellip;]<\/p>\n","protected":false},"featured_media":450605,"comment_status":"closed","ping_status":"closed","template":"","meta":[],"product_brand":[],"product_cat":[20051],"product_tag":[10829,20052,10777,22665,22662,22658],"class_list":{"0":"post-450170","1":"product","2":"type-product","3":"status-publish","4":"has-post-thumbnail","6":"product_cat-on","7":"product_tag-lightweight-running-shoes","8":"product_tag-on","9":"product_tag-performance-running-shoes","10":"product_tag-presente-para-ele","11":"product_tag-tenis-de-corrida","12":"product_tag-zapatillas-deportivas-de-rendimiento","14":"first","15":"instock","16":"taxable","17":"shipping-taxable","18":"purchasable","19":"product-type-simple"},"wcpa_form_fields":null,"_links":{"self":[{"href":"https:\/\/moroen.com\/pt\/wp-json\/wp\/v2\/product\/450170","targetHints":{"allow":["GET"]}}],"collection":[{"href":"https:\/\/moroen.com\/pt\/wp-json\/wp\/v2\/product"}],"about":[{"href":"https:\/\/moroen.com\/pt\/wp-json\/wp\/v2\/types\/product"}],"replies":[{"embeddable":true,"href":"https:\/\/moroen.com\/pt\/wp-json\/wp\/v2\/comments?post=450170"}],"wp:featuredmedia":[{"embeddable":true,"href":"https:\/\/moroen.com\/pt\/wp-json\/wp\/v2\/media\/450605"}],"wp:attachment":[{"href":"https:\/\/moroen.com\/pt\/wp-json\/wp\/v2\/media?parent=450170"}],"wp:term":[{"taxonomy":"product_brand","embeddable":true,"href":"https:\/\/moroen.com\/pt\/wp-json\/wp\/v2\/product_brand?post=450170"},{"taxonomy":"product_cat","embeddable":true,"href":"https:\/\/moroen.com\/pt\/wp-json\/wp\/v2\/product_cat?post=450170"},{"taxonomy":"product_tag","embeddable":true,"href":"https:\/\/moroen.com\/pt\/wp-json\/wp\/v2\/product_tag?post=450170"}],"curies":[{"name":"wp","href":"https:\/\/api.w.org\/{rel}","templated":true}]}}