{"id":450883,"date":"2026-04-20T22:33:55","date_gmt":"2026-04-20T15:33:55","guid":{"rendered":"https:\/\/moroen.com\/pt\/?p=450883"},"modified":"2026-04-20T22:33:55","modified_gmt":"2026-04-20T15:33:55","slug":"no-cloudtilt-remix-alloy-ivory-3mg10273228","status":"publish","type":"product","link":"https:\/\/moroen.com\/pt\/produkt\/no-cloudtilt-remix-alloy-ivory-3mg10273228\/","title":{"rendered":"No Cloudtilt Remix &#8216;Alloy Ivory&#8217; 3MG10273228"},"content":{"rendered":"<p>Experimente conforto e estilo incompar\u00e1veis com o On Running Cloudtilt Remix Alloy Ivory 3MG10273228, meticulosamente projetado para oferecer desempenho leve, amortecimento excepcional e est\u00e9tica elegante para uso o dia todo.<\/p>\n<ul>\n<li><strong>Combina\u00e7\u00e3o de cores:<\/strong> Alloy\/Ivory<\/li>\n<li><strong>C\u00f3digo de estilo:<\/strong> 3MG10273228<\/li>\n<li><strong>Entressola:<\/strong> CloudTec Phase<\/li>\n<li><strong>Cor:<\/strong> White<\/li>\n<li><strong>Ano de lan\u00e7amento:<\/strong> 2026<\/li>\n<\/ul>\n","protected":false},"excerpt":{"rendered":"<p>Experimente conforto e estilo incompar\u00e1veis com o On Running Cloudtilt Remix Alloy Ivory 3MG10273228, meticulosamente projetado para oferecer desempenho leve, amortecimento excepcional e est\u00e9tica elegante para uso o dia todo. Combina\u00e7\u00e3o de cores: Alloy\/Ivory C\u00f3digo de estilo: 3MG10273228 Entressola: CloudTec Phase Cor: White Ano de lan\u00e7amento: 2026<\/p>\n","protected":false},"featured_media":451139,"comment_status":"closed","ping_status":"closed","template":"","meta":[],"product_brand":[],"product_cat":[20051],"product_tag":[10750,10756,10758,20052,10763],"class_list":{"0":"post-450883","1":"product","2":"type-product","3":"status-publish","4":"has-post-thumbnail","6":"product_cat-on","7":"product_tag-athleisure-shoes","8":"product_tag-lifestyle-casual-shoes","9":"product_tag-lifestyle-shoes-running-inspired","10":"product_tag-on","11":"product_tag-retro-running-shoes","13":"first","14":"instock","15":"taxable","16":"shipping-taxable","17":"purchasable","18":"product-type-simple"},"wcpa_form_fields":null,"_links":{"self":[{"href":"https:\/\/moroen.com\/pt\/wp-json\/wp\/v2\/product\/450883","targetHints":{"allow":["GET"]}}],"collection":[{"href":"https:\/\/moroen.com\/pt\/wp-json\/wp\/v2\/product"}],"about":[{"href":"https:\/\/moroen.com\/pt\/wp-json\/wp\/v2\/types\/product"}],"replies":[{"embeddable":true,"href":"https:\/\/moroen.com\/pt\/wp-json\/wp\/v2\/comments?post=450883"}],"wp:featuredmedia":[{"embeddable":true,"href":"https:\/\/moroen.com\/pt\/wp-json\/wp\/v2\/media\/451139"}],"wp:attachment":[{"href":"https:\/\/moroen.com\/pt\/wp-json\/wp\/v2\/media?parent=450883"}],"wp:term":[{"taxonomy":"product_brand","embeddable":true,"href":"https:\/\/moroen.com\/pt\/wp-json\/wp\/v2\/product_brand?post=450883"},{"taxonomy":"product_cat","embeddable":true,"href":"https:\/\/moroen.com\/pt\/wp-json\/wp\/v2\/product_cat?post=450883"},{"taxonomy":"product_tag","embeddable":true,"href":"https:\/\/moroen.com\/pt\/wp-json\/wp\/v2\/product_tag?post=450883"}],"curies":[{"name":"wp","href":"https:\/\/api.w.org\/{rel}","templated":true}]}}