{"id":450938,"date":"2026-04-20T22:33:55","date_gmt":"2026-04-20T15:33:55","guid":{"rendered":"https:\/\/moroen.com\/pt\/?p=450938"},"modified":"2026-04-20T22:33:55","modified_gmt":"2026-04-20T15:33:55","slug":"vans-authentic-multi-color-vn0a5krduuw","status":"publish","type":"product","link":"https:\/\/moroen.com\/pt\/produkt\/vans-authentic-multi-color-vn0a5krduuw\/","title":{"rendered":"Vans Authentic &#8216;Multi Color&#8217; VN0A5KRDUUW"},"content":{"rendered":"<p>Adicione um toque de cor ao seu guarda-roupa com Vans Authentic &#8216;Multi Color&#8217; VN0A5KRDUUW. Este t\u00eanis cl\u00e1ssico apresenta uma variedade vibrante de cores em sua parte superior de lona dur\u00e1vel, oferecendo um estilo \u00fanico e atraente. A sola de borracha waffle exclusiva oferece ader\u00eancia e suporte excepcionais, enquanto a boca acolchoada garante conforto durante todo o dia. Perfeitos para uso casual ou para adicionar um toque de cor a qualquer roupa, estes t\u00eanis Vans Authentic s\u00e3o indispens\u00e1veis \u200b\u200bpara quem est\u00e1 na moda.<\/p>\n<ul>\n<li><strong>Combina\u00e7\u00e3o de cores:<\/strong> Multi-Color<\/li>\n<li><strong>C\u00f3digo de estilo:<\/strong> VN0A5KRDUUW<\/li>\n<li><strong>Cor:<\/strong> Black<\/li>\n<\/ul>\n","protected":false},"excerpt":{"rendered":"<p>Adicione um toque de cor ao seu guarda-roupa com Vans Authentic &#8216;Multi Color&#8217; VN0A5KRDUUW. Este t\u00eanis cl\u00e1ssico apresenta uma variedade vibrante de cores em sua parte superior de lona dur\u00e1vel, oferecendo um estilo \u00fanico e atraente. A sola de borracha waffle exclusiva oferece ader\u00eancia e suporte excepcionais, enquanto a boca acolchoada garante conforto durante todo [&hellip;]<\/p>\n","protected":false},"featured_media":451541,"comment_status":"closed","ping_status":"closed","template":"","meta":[],"product_brand":[],"product_cat":[19794],"product_tag":[10750,10756,10961,22665,10858,19795],"class_list":{"0":"post-450938","1":"product","2":"type-product","3":"status-publish","4":"has-post-thumbnail","6":"product_cat-vans","7":"product_tag-athleisure-shoes","8":"product_tag-lifestyle-casual-shoes","9":"product_tag-lifestyle-shoes-skateboarding-inspired","10":"product_tag-presente-para-ele","11":"product_tag-retro-casual-shoes","12":"product_tag-vans","14":"first","15":"instock","16":"taxable","17":"shipping-taxable","18":"purchasable","19":"product-type-simple"},"wcpa_form_fields":null,"_links":{"self":[{"href":"https:\/\/moroen.com\/pt\/wp-json\/wp\/v2\/product\/450938","targetHints":{"allow":["GET"]}}],"collection":[{"href":"https:\/\/moroen.com\/pt\/wp-json\/wp\/v2\/product"}],"about":[{"href":"https:\/\/moroen.com\/pt\/wp-json\/wp\/v2\/types\/product"}],"replies":[{"embeddable":true,"href":"https:\/\/moroen.com\/pt\/wp-json\/wp\/v2\/comments?post=450938"}],"wp:featuredmedia":[{"embeddable":true,"href":"https:\/\/moroen.com\/pt\/wp-json\/wp\/v2\/media\/451541"}],"wp:attachment":[{"href":"https:\/\/moroen.com\/pt\/wp-json\/wp\/v2\/media?parent=450938"}],"wp:term":[{"taxonomy":"product_brand","embeddable":true,"href":"https:\/\/moroen.com\/pt\/wp-json\/wp\/v2\/product_brand?post=450938"},{"taxonomy":"product_cat","embeddable":true,"href":"https:\/\/moroen.com\/pt\/wp-json\/wp\/v2\/product_cat?post=450938"},{"taxonomy":"product_tag","embeddable":true,"href":"https:\/\/moroen.com\/pt\/wp-json\/wp\/v2\/product_tag?post=450938"}],"curies":[{"name":"wp","href":"https:\/\/api.w.org\/{rel}","templated":true}]}}