{"id":451664,"date":"2026-04-20T22:33:55","date_gmt":"2026-04-20T15:33:55","guid":{"rendered":"https:\/\/moroen.com\/pt\/?p=451664"},"modified":"2026-04-20T22:33:55","modified_gmt":"2026-04-20T15:33:55","slug":"salomon-xt-quest-advanced-preto-410139","status":"publish","type":"product","link":"https:\/\/moroen.com\/pt\/produkt\/salomon-xt-quest-advanced-preto-410139\/","title":{"rendered":"Salomon XT-Quest Advanced &#8216;Preto&#8217; 410139"},"content":{"rendered":"<p>Eleve suas aventuras ao ar livre com as botas de caminhada Salomon XT-Quest Advanced &#8216;Black&#8217;. Fabricadas com materiais premium, essas botas proporcionam conforto, estabilidade e durabilidade excepcionais. O seu avan\u00e7ado sistema de chassis garante uma \u00f3tima estabilidade do p\u00e9, enquanto as palmilhas OrthoLite oferecem amortecimento e suporte superiores. A sola robusta Contagrip oferece ader\u00eancia confi\u00e1vel em qualquer terreno, tornando essas botas ideais para caminhadas desafiadoras e explora\u00e7\u00e3o ao ar livre. Experimente o equil\u00edbrio perfeito entre desempenho e estilo com o Salomon XT-Quest Advanced &#8216;Black&#8217;.<\/p>\n<ul>\n<li><strong>Combina\u00e7\u00e3o de cores:<\/strong> Black<\/li>\n<li><strong>C\u00f3digo de estilo:<\/strong> 410139<\/li>\n<li><strong>Cor:<\/strong> Black<\/li>\n<\/ul>\n","protected":false},"excerpt":{"rendered":"<p>Eleve suas aventuras ao ar livre com as botas de caminhada Salomon XT-Quest Advanced &#8216;Black&#8217;. Fabricadas com materiais premium, essas botas proporcionam conforto, estabilidade e durabilidade excepcionais. O seu avan\u00e7ado sistema de chassis garante uma \u00f3tima estabilidade do p\u00e9, enquanto as palmilhas OrthoLite oferecem amortecimento e suporte superiores. A sola robusta Contagrip oferece ader\u00eancia confi\u00e1vel [&hellip;]<\/p>\n","protected":false},"featured_media":452028,"comment_status":"closed","ping_status":"closed","template":"","meta":[],"product_brand":[],"product_cat":[19669],"product_tag":[22659,11446,22665,19670,22088,22669,22658,11447],"class_list":{"0":"post-451664","1":"product","2":"type-product","3":"status-publish","4":"has-post-thumbnail","6":"product_cat-salomon","7":"product_tag-abaixo-do-preco-de-varejo","8":"product_tag-lightweight-hiking-shoes","9":"product_tag-presente-para-ele","10":"product_tag-salomon","11":"product_tag-salomon-running-shoes","12":"product_tag-tenis-de-trilha","13":"product_tag-zapatillas-deportivas-de-rendimiento","14":"product_tag-waterproof-hiking-shoes","16":"first","17":"instock","18":"taxable","19":"shipping-taxable","20":"purchasable","21":"product-type-simple"},"wcpa_form_fields":null,"_links":{"self":[{"href":"https:\/\/moroen.com\/pt\/wp-json\/wp\/v2\/product\/451664","targetHints":{"allow":["GET"]}}],"collection":[{"href":"https:\/\/moroen.com\/pt\/wp-json\/wp\/v2\/product"}],"about":[{"href":"https:\/\/moroen.com\/pt\/wp-json\/wp\/v2\/types\/product"}],"replies":[{"embeddable":true,"href":"https:\/\/moroen.com\/pt\/wp-json\/wp\/v2\/comments?post=451664"}],"wp:featuredmedia":[{"embeddable":true,"href":"https:\/\/moroen.com\/pt\/wp-json\/wp\/v2\/media\/452028"}],"wp:attachment":[{"href":"https:\/\/moroen.com\/pt\/wp-json\/wp\/v2\/media?parent=451664"}],"wp:term":[{"taxonomy":"product_brand","embeddable":true,"href":"https:\/\/moroen.com\/pt\/wp-json\/wp\/v2\/product_brand?post=451664"},{"taxonomy":"product_cat","embeddable":true,"href":"https:\/\/moroen.com\/pt\/wp-json\/wp\/v2\/product_cat?post=451664"},{"taxonomy":"product_tag","embeddable":true,"href":"https:\/\/moroen.com\/pt\/wp-json\/wp\/v2\/product_tag?post=451664"}],"curies":[{"name":"wp","href":"https:\/\/api.w.org\/{rel}","templated":true}]}}