{"id":451707,"date":"2026-04-20T22:32:11","date_gmt":"2026-04-20T15:32:11","guid":{"rendered":"https:\/\/moroen.com\/es\/?p=451707"},"modified":"2026-04-20T22:32:11","modified_gmt":"2026-04-20T15:32:11","slug":"mujer-botas-martin-con-suela-gruesa-cbanner-black-and-white-ql933870xx35","status":"publish","type":"product","link":"https:\/\/moroen.com\/pt\/produkt\/mujer-botas-martin-con-suela-gruesa-cbanner-black-and-white-ql933870xx35\/","title":{"rendered":"(Mujer) Botas Martin con suela gruesa C\u00b0BANNER &#8216;Black and White&#8217; QL933870XX35"},"content":{"rendered":"<p>Entre en estilo con nuestras botas Martin con suela gruesa C\u00b0BANNER en la llamativa combinaci\u00f3n de colores &#8220;Blanco y negro&#8221;. Estas botas rezuman actitud con su silueta vanguardista y cordones en contraste, haciendo una declaraci\u00f3n dondequiera que vayas. La suela gruesa a\u00f1ade altura y un toque de rebeli\u00f3n, mientras que el c\u00f3modo interior garantiza que se puedan usar durante todo el d\u00eda. Eleva tu juego de calzado con estas botas elegantes y atrevidas que llamar\u00e1n la atenci\u00f3n.<\/p>\n<ul>\n<li><strong>C\u00f3digo de estilo:<\/strong> QL933870XX35<\/li>\n<li><strong>Color:<\/strong> White<\/li>\n<\/ul>\n","protected":false},"excerpt":{"rendered":"<p>Entre en estilo con nuestras botas Martin con suela gruesa C\u00b0BANNER en la llamativa combinaci\u00f3n de colores &#8220;Blanco y negro&#8221;. Estas botas rezuman actitud con su silueta vanguardista y cordones en contraste, haciendo una declaraci\u00f3n dondequiera que vayas. La suela gruesa a\u00f1ade altura y un toque de rebeli\u00f3n, mientras que el c\u00f3modo interior garantiza que [&hellip;]<\/p>\n","protected":false},"featured_media":452306,"comment_status":"closed","ping_status":"closed","template":"","meta":[],"product_brand":[],"product_cat":[22194],"product_tag":[22195,11463,10756,22196,22722],"class_list":{"0":"post-451707","1":"product","2":"type-product","3":"status-publish","4":"has-post-thumbnail","6":"product_cat-cbanner","7":"product_tag-cbanner","8":"product_tag-lifestyle-boots","9":"product_tag-lifestyle-casual-shoes","10":"product_tag-martin-boots","11":"product_tag-regalo-para-ella","13":"first","14":"instock","15":"taxable","16":"shipping-taxable","17":"purchasable","18":"product-type-simple"},"wcpa_form_fields":null,"_links":{"self":[{"href":"https:\/\/moroen.com\/pt\/wp-json\/wp\/v2\/product\/451707","targetHints":{"allow":["GET"]}}],"collection":[{"href":"https:\/\/moroen.com\/pt\/wp-json\/wp\/v2\/product"}],"about":[{"href":"https:\/\/moroen.com\/pt\/wp-json\/wp\/v2\/types\/product"}],"replies":[{"embeddable":true,"href":"https:\/\/moroen.com\/pt\/wp-json\/wp\/v2\/comments?post=451707"}],"wp:featuredmedia":[{"embeddable":true,"href":"https:\/\/moroen.com\/pt\/wp-json\/wp\/v2\/media\/452306"}],"wp:attachment":[{"href":"https:\/\/moroen.com\/pt\/wp-json\/wp\/v2\/media?parent=451707"}],"wp:term":[{"taxonomy":"product_brand","embeddable":true,"href":"https:\/\/moroen.com\/pt\/wp-json\/wp\/v2\/product_brand?post=451707"},{"taxonomy":"product_cat","embeddable":true,"href":"https:\/\/moroen.com\/pt\/wp-json\/wp\/v2\/product_cat?post=451707"},{"taxonomy":"product_tag","embeddable":true,"href":"https:\/\/moroen.com\/pt\/wp-json\/wp\/v2\/product_tag?post=451707"}],"curies":[{"name":"wp","href":"https:\/\/api.w.org\/{rel}","templated":true}]}}