{"id":452323,"date":"2026-04-20T22:33:55","date_gmt":"2026-04-20T15:33:55","guid":{"rendered":"https:\/\/moroen.com\/pt\/?p=452323"},"modified":"2026-04-20T22:33:55","modified_gmt":"2026-04-20T15:33:55","slug":"anta-chuang-2-5-cinza-prata-branco-112235582-2","status":"publish","type":"product","link":"https:\/\/moroen.com\/pt\/produkt\/anta-chuang-2-5-cinza-prata-branco-112235582-2\/","title":{"rendered":"Anta Chuang 2.5 &#8216;Cinza Prata Branco&#8217; 112235582-2"},"content":{"rendered":"<p>Apresentando o Anta KT2.5 Low &#8216;Grey Silver White&#8217;, a mistura perfeita de estilo e desempenho. Esses t\u00eanis s\u00e3o projetados com tecnologia avan\u00e7ada para amortecimento, capacidade de resposta e estabilidade superiores. A parte superior respir\u00e1vel mant\u00e9m os p\u00e9s frescos e confort\u00e1veis, enquanto a sola resistente proporciona excelente tra\u00e7\u00e3o. Esteja voc\u00ea jogando na quadra ou apenas explorando as ruas, esses sapatos ir\u00e3o mant\u00ea-lo em movimento com confian\u00e7a e talento. Experimente o pr\u00f3ximo n\u00edvel de cal\u00e7ado de basquete com o Anta KT2.5 Low &#8216;Grey Silver White&#8217;.<\/p>\n<ul>\n<li><strong>Combina\u00e7\u00e3o de cores:<\/strong> Gray\/Silver\/White<\/li>\n<li><strong>C\u00f3digo de estilo:<\/strong> 112235582-2<\/li>\n<\/ul>\n","protected":false},"excerpt":{"rendered":"<p>Apresentando o Anta KT2.5 Low &#8216;Grey Silver White&#8217;, a mistura perfeita de estilo e desempenho. Esses t\u00eanis s\u00e3o projetados com tecnologia avan\u00e7ada para amortecimento, capacidade de resposta e estabilidade superiores. A parte superior respir\u00e1vel mant\u00e9m os p\u00e9s frescos e confort\u00e1veis, enquanto a sola resistente proporciona excelente tra\u00e7\u00e3o. Esteja voc\u00ea jogando na quadra ou apenas explorando [&hellip;]<\/p>\n","protected":false},"featured_media":452450,"comment_status":"closed","ping_status":"closed","template":"","meta":[],"product_brand":[],"product_cat":[19910],"product_tag":[19911,22665,22661,22658],"class_list":{"0":"post-452323","1":"product","2":"type-product","3":"status-publish","4":"has-post-thumbnail","6":"product_cat-anta","7":"product_tag-anta","8":"product_tag-presente-para-ele","9":"product_tag-tenis-de-basquete","10":"product_tag-zapatillas-deportivas-de-rendimiento","12":"first","13":"instock","14":"taxable","15":"shipping-taxable","16":"purchasable","17":"product-type-simple"},"wcpa_form_fields":null,"_links":{"self":[{"href":"https:\/\/moroen.com\/pt\/wp-json\/wp\/v2\/product\/452323","targetHints":{"allow":["GET"]}}],"collection":[{"href":"https:\/\/moroen.com\/pt\/wp-json\/wp\/v2\/product"}],"about":[{"href":"https:\/\/moroen.com\/pt\/wp-json\/wp\/v2\/types\/product"}],"replies":[{"embeddable":true,"href":"https:\/\/moroen.com\/pt\/wp-json\/wp\/v2\/comments?post=452323"}],"wp:featuredmedia":[{"embeddable":true,"href":"https:\/\/moroen.com\/pt\/wp-json\/wp\/v2\/media\/452450"}],"wp:attachment":[{"href":"https:\/\/moroen.com\/pt\/wp-json\/wp\/v2\/media?parent=452323"}],"wp:term":[{"taxonomy":"product_brand","embeddable":true,"href":"https:\/\/moroen.com\/pt\/wp-json\/wp\/v2\/product_brand?post=452323"},{"taxonomy":"product_cat","embeddable":true,"href":"https:\/\/moroen.com\/pt\/wp-json\/wp\/v2\/product_cat?post=452323"},{"taxonomy":"product_tag","embeddable":true,"href":"https:\/\/moroen.com\/pt\/wp-json\/wp\/v2\/product_tag?post=452323"}],"curies":[{"name":"wp","href":"https:\/\/api.w.org\/{rel}","templated":true}]}}