{"id":452381,"date":"2026-04-20T22:33:55","date_gmt":"2026-04-20T15:33:55","guid":{"rendered":"https:\/\/moroen.com\/pt\/?p=452381"},"modified":"2026-04-20T22:33:55","modified_gmt":"2026-04-20T15:33:55","slug":"salomon-xt-6-mountain-monte-siguniang-473621","status":"publish","type":"product","link":"https:\/\/moroen.com\/pt\/produkt\/salomon-xt-6-mountain-monte-siguniang-473621\/","title":{"rendered":"Salomon XT-6 MOUNTAIN &#8216;Monte Siguniang&#8217; 473621"},"content":{"rendered":"<p>Apresentando o Salomon XT-6 MOUNTAIN &#8216;Mount Siguniang&#8217; 473621, o cal\u00e7ado definitivo para entusiastas de aventura. Conquiste trilhas acidentadas com confian\u00e7a gra\u00e7as ao seu sistema de tra\u00e7\u00e3o avan\u00e7ado e constru\u00e7\u00e3o dur\u00e1vel. Experimente um conforto incompar\u00e1vel com sua palmilha OrthoLite\u00ae e biqueira protetora. O design vibrante inspirado no Monte Siguniang adiciona um toque de estilo \u00e0s suas atividades ao ar livre. Conquiste montanhas e explore a natureza com o Salomon XT-6 MOUNTAIN &#8216;Mount Siguniang&#8217;. #AdventureNeverStops #SalomonXT6<\/p>\n<ul>\n<li><strong>Combina\u00e7\u00e3o de cores:<\/strong> Yellow\/Orange\/Blue\/Pink<\/li>\n<li><strong>C\u00f3digo de estilo:<\/strong> 473621<\/li>\n<li><strong>Cor:<\/strong> Multi<\/li>\n<\/ul>\n","protected":false},"excerpt":{"rendered":"<p>Apresentando o Salomon XT-6 MOUNTAIN &#8216;Mount Siguniang&#8217; 473621, o cal\u00e7ado definitivo para entusiastas de aventura. Conquiste trilhas acidentadas com confian\u00e7a gra\u00e7as ao seu sistema de tra\u00e7\u00e3o avan\u00e7ado e constru\u00e7\u00e3o dur\u00e1vel. Experimente um conforto incompar\u00e1vel com sua palmilha OrthoLite\u00ae e biqueira protetora. O design vibrante inspirado no Monte Siguniang adiciona um toque de estilo \u00e0s suas [&hellip;]<\/p>\n","protected":false},"featured_media":452744,"comment_status":"closed","ping_status":"closed","template":"","meta":[],"product_brand":[],"product_cat":[19669],"product_tag":[11446,22665,19670,22669,22658,10937],"class_list":{"0":"post-452381","1":"product","2":"type-product","3":"status-publish","4":"has-post-thumbnail","6":"product_cat-salomon","7":"product_tag-lightweight-hiking-shoes","8":"product_tag-presente-para-ele","9":"product_tag-salomon","10":"product_tag-tenis-de-trilha","11":"product_tag-zapatillas-deportivas-de-rendimiento","12":"product_tag-trail-running-shoes","14":"first","15":"instock","16":"taxable","17":"shipping-taxable","18":"purchasable","19":"product-type-simple"},"wcpa_form_fields":null,"_links":{"self":[{"href":"https:\/\/moroen.com\/pt\/wp-json\/wp\/v2\/product\/452381","targetHints":{"allow":["GET"]}}],"collection":[{"href":"https:\/\/moroen.com\/pt\/wp-json\/wp\/v2\/product"}],"about":[{"href":"https:\/\/moroen.com\/pt\/wp-json\/wp\/v2\/types\/product"}],"replies":[{"embeddable":true,"href":"https:\/\/moroen.com\/pt\/wp-json\/wp\/v2\/comments?post=452381"}],"wp:featuredmedia":[{"embeddable":true,"href":"https:\/\/moroen.com\/pt\/wp-json\/wp\/v2\/media\/452744"}],"wp:attachment":[{"href":"https:\/\/moroen.com\/pt\/wp-json\/wp\/v2\/media?parent=452381"}],"wp:term":[{"taxonomy":"product_brand","embeddable":true,"href":"https:\/\/moroen.com\/pt\/wp-json\/wp\/v2\/product_brand?post=452381"},{"taxonomy":"product_cat","embeddable":true,"href":"https:\/\/moroen.com\/pt\/wp-json\/wp\/v2\/product_cat?post=452381"},{"taxonomy":"product_tag","embeddable":true,"href":"https:\/\/moroen.com\/pt\/wp-json\/wp\/v2\/product_tag?post=452381"}],"curies":[{"name":"wp","href":"https:\/\/api.w.org\/{rel}","templated":true}]}}