{"id":452405,"date":"2026-04-20T22:33:55","date_gmt":"2026-04-20T15:33:55","guid":{"rendered":"https:\/\/moroen.com\/pt\/?p=452405"},"modified":"2026-04-20T22:33:55","modified_gmt":"2026-04-20T15:33:55","slug":"salomon-xt-6-black-phantom-l47293800","status":"publish","type":"product","link":"https:\/\/moroen.com\/pt\/produkt\/salomon-xt-6-black-phantom-l47293800\/","title":{"rendered":"Salomon XT-6 &#8216;Black Phantom&#8217; L47293800"},"content":{"rendered":"<p>Apresentando o Salomon XT-6 &#8216;Black Phantom&#8217;: o ep\u00edtome de estilo e desempenho. Fabricada com um design preto elegante, esta silhueta proporciona conforto incompar\u00e1vel com sua entressola EnergyCell\u2122 e tecnologia SensiFit\u2122. Amarre e enfrente qualquer terreno com confian\u00e7a, gra\u00e7as \u00e0 sola robusta Contagrip\u00ae. Mantenha-se vis\u00edvel \u00e0 noite com detalhes reflexivos, tornando o XT-6 seu melhor companheiro de aventura. Entre nas sombras e conquiste todos os caminhos com o &#8216;Black Phantom&#8217;.<\/p>\n<ul>\n<li><strong>Combina\u00e7\u00e3o de cores:<\/strong> Black\/Falcon\/Cow Hide<\/li>\n<li><strong>C\u00f3digo de estilo:<\/strong> L47293800<\/li>\n<li><strong>Entressola:<\/strong> EnergyCell<\/li>\n<li><strong>Ano de lan\u00e7amento:<\/strong> 2023<\/li>\n<\/ul>\n","protected":false},"excerpt":{"rendered":"<p>Apresentando o Salomon XT-6 &#8216;Black Phantom&#8217;: o ep\u00edtome de estilo e desempenho. Fabricada com um design preto elegante, esta silhueta proporciona conforto incompar\u00e1vel com sua entressola EnergyCell\u2122 e tecnologia SensiFit\u2122. Amarre e enfrente qualquer terreno com confian\u00e7a, gra\u00e7as \u00e0 sola robusta Contagrip\u00ae. Mantenha-se vis\u00edvel \u00e0 noite com detalhes reflexivos, tornando o XT-6 seu melhor companheiro [&hellip;]<\/p>\n","protected":false},"featured_media":452864,"comment_status":"closed","ping_status":"closed","template":"","meta":[],"product_brand":[],"product_cat":[19669],"product_tag":[11446,22666,22665,19670,22669,22658,10937],"class_list":{"0":"post-452405","1":"product","2":"type-product","3":"status-publish","4":"has-post-thumbnail","6":"product_cat-salomon","7":"product_tag-lightweight-hiking-shoes","8":"product_tag-ofertas-em-destaque","9":"product_tag-presente-para-ele","10":"product_tag-salomon","11":"product_tag-tenis-de-trilha","12":"product_tag-zapatillas-deportivas-de-rendimiento","13":"product_tag-trail-running-shoes","15":"first","16":"instock","17":"taxable","18":"shipping-taxable","19":"purchasable","20":"product-type-simple"},"wcpa_form_fields":null,"_links":{"self":[{"href":"https:\/\/moroen.com\/pt\/wp-json\/wp\/v2\/product\/452405","targetHints":{"allow":["GET"]}}],"collection":[{"href":"https:\/\/moroen.com\/pt\/wp-json\/wp\/v2\/product"}],"about":[{"href":"https:\/\/moroen.com\/pt\/wp-json\/wp\/v2\/types\/product"}],"replies":[{"embeddable":true,"href":"https:\/\/moroen.com\/pt\/wp-json\/wp\/v2\/comments?post=452405"}],"wp:featuredmedia":[{"embeddable":true,"href":"https:\/\/moroen.com\/pt\/wp-json\/wp\/v2\/media\/452864"}],"wp:attachment":[{"href":"https:\/\/moroen.com\/pt\/wp-json\/wp\/v2\/media?parent=452405"}],"wp:term":[{"taxonomy":"product_brand","embeddable":true,"href":"https:\/\/moroen.com\/pt\/wp-json\/wp\/v2\/product_brand?post=452405"},{"taxonomy":"product_cat","embeddable":true,"href":"https:\/\/moroen.com\/pt\/wp-json\/wp\/v2\/product_cat?post=452405"},{"taxonomy":"product_tag","embeddable":true,"href":"https:\/\/moroen.com\/pt\/wp-json\/wp\/v2\/product_tag?post=452405"}],"curies":[{"name":"wp","href":"https:\/\/api.w.org\/{rel}","templated":true}]}}