{"id":452943,"date":"2026-04-20T22:33:55","date_gmt":"2026-04-20T15:33:55","guid":{"rendered":"https:\/\/moroen.com\/pt\/?p=452943"},"modified":"2026-04-20T22:33:55","modified_gmt":"2026-04-20T15:33:55","slug":"salomon-xt-6-azul-oceano-473816","status":"publish","type":"product","link":"https:\/\/moroen.com\/pt\/produkt\/salomon-xt-6-azul-oceano-473816\/","title":{"rendered":"Salomon Xt-6 &#8216;Azul Oceano&#8217; 473816"},"content":{"rendered":"<p>Eleve suas aventuras ao ar livre com o Salomon Xt-6 &#8216;Ocean Blue&#8217; (473816). Estes t\u00eanis de corrida elegantes e funcionais apresentam uma parte superior em malha respir\u00e1vel para maior fluxo de ar, combinada com uma membrana imperme\u00e1vel para manter os p\u00e9s secos. Equipados com palmilha OrthoLite\u00ae e entressola EnergyCell\u2122+, proporcionam amortecimento e retorno de energia superiores. A sola Contagrip\u00ae de alta tra\u00e7\u00e3o garante estabilidade e ader\u00eancia em todos os terrenos. Entre no Xt-6 &#8216;Ocean Blue&#8217; e supere qualquer desafio ao ar livre com confian\u00e7a.<\/p>\n<ul>\n<li><strong>Combina\u00e7\u00e3o de cores:<\/strong> Ocean Blue<\/li>\n<li><strong>C\u00f3digo de estilo:<\/strong> 473816<\/li>\n<li><strong>Cor:<\/strong> Blue<\/li>\n<\/ul>\n","protected":false},"excerpt":{"rendered":"<p>Eleve suas aventuras ao ar livre com o Salomon Xt-6 &#8216;Ocean Blue&#8217; (473816). Estes t\u00eanis de corrida elegantes e funcionais apresentam uma parte superior em malha respir\u00e1vel para maior fluxo de ar, combinada com uma membrana imperme\u00e1vel para manter os p\u00e9s secos. Equipados com palmilha OrthoLite\u00ae e entressola EnergyCell\u2122+, proporcionam amortecimento e retorno de energia [&hellip;]<\/p>\n","protected":false},"featured_media":453089,"comment_status":"closed","ping_status":"closed","template":"","meta":[],"product_brand":[],"product_cat":[19669],"product_tag":[11446,22665,19670,22088,22669,22658,10937],"class_list":{"0":"post-452943","1":"product","2":"type-product","3":"status-publish","4":"has-post-thumbnail","6":"product_cat-salomon","7":"product_tag-lightweight-hiking-shoes","8":"product_tag-presente-para-ele","9":"product_tag-salomon","10":"product_tag-salomon-running-shoes","11":"product_tag-tenis-de-trilha","12":"product_tag-zapatillas-deportivas-de-rendimiento","13":"product_tag-trail-running-shoes","15":"first","16":"instock","17":"taxable","18":"shipping-taxable","19":"purchasable","20":"product-type-simple"},"wcpa_form_fields":null,"_links":{"self":[{"href":"https:\/\/moroen.com\/pt\/wp-json\/wp\/v2\/product\/452943","targetHints":{"allow":["GET"]}}],"collection":[{"href":"https:\/\/moroen.com\/pt\/wp-json\/wp\/v2\/product"}],"about":[{"href":"https:\/\/moroen.com\/pt\/wp-json\/wp\/v2\/types\/product"}],"replies":[{"embeddable":true,"href":"https:\/\/moroen.com\/pt\/wp-json\/wp\/v2\/comments?post=452943"}],"wp:featuredmedia":[{"embeddable":true,"href":"https:\/\/moroen.com\/pt\/wp-json\/wp\/v2\/media\/453089"}],"wp:attachment":[{"href":"https:\/\/moroen.com\/pt\/wp-json\/wp\/v2\/media?parent=452943"}],"wp:term":[{"taxonomy":"product_brand","embeddable":true,"href":"https:\/\/moroen.com\/pt\/wp-json\/wp\/v2\/product_brand?post=452943"},{"taxonomy":"product_cat","embeddable":true,"href":"https:\/\/moroen.com\/pt\/wp-json\/wp\/v2\/product_cat?post=452943"},{"taxonomy":"product_tag","embeddable":true,"href":"https:\/\/moroen.com\/pt\/wp-json\/wp\/v2\/product_tag?post=452943"}],"curies":[{"name":"wp","href":"https:\/\/api.w.org\/{rel}","templated":true}]}}