{"id":452946,"date":"2026-04-20T22:33:55","date_gmt":"2026-04-20T15:33:55","guid":{"rendered":"https:\/\/moroen.com\/pt\/?p=452946"},"modified":"2026-04-20T22:33:55","modified_gmt":"2026-04-20T15:33:55","slug":"salomon-xt-6-trail-cinza-escuro-bege-414552","status":"publish","type":"product","link":"https:\/\/moroen.com\/pt\/produkt\/salomon-xt-6-trail-cinza-escuro-bege-414552\/","title":{"rendered":"Salomon XT-6 Trail &#8216;Cinza Escuro Bege&#8217; 414552"},"content":{"rendered":"<p>Eleve suas aventuras ao ar livre com o Salomon XT-6 Trail &#8216;Dark Grey Beige&#8217; 414552. Projetado para desempenho ideal em terrenos desafiadores, estes sapatos apresentam uma constru\u00e7\u00e3o robusta, amortecimento excepcional e ader\u00eancia superior. Seu design avan\u00e7ado garante estabilidade e conforto, tornando-os a escolha perfeita para caminhantes, corredores em trilhas e entusiastas da natureza. Experimente a liberdade e a alegria de enfrentar qualquer trilha com confian\u00e7a e estilo.<\/p>\n<ul>\n<li><strong>Combina\u00e7\u00e3o de cores:<\/strong> Black<\/li>\n<li><strong>C\u00f3digo de estilo:<\/strong> 414552<\/li>\n<\/ul>\n","protected":false},"excerpt":{"rendered":"<p>Eleve suas aventuras ao ar livre com o Salomon XT-6 Trail &#8216;Dark Grey Beige&#8217; 414552. Projetado para desempenho ideal em terrenos desafiadores, estes sapatos apresentam uma constru\u00e7\u00e3o robusta, amortecimento excepcional e ader\u00eancia superior. Seu design avan\u00e7ado garante estabilidade e conforto, tornando-os a escolha perfeita para caminhantes, corredores em trilhas e entusiastas da natureza. Experimente a [&hellip;]<\/p>\n","protected":false},"featured_media":453105,"comment_status":"closed","ping_status":"closed","template":"","meta":[],"product_brand":[],"product_cat":[19669],"product_tag":[11446,22665,19670,22669,22658,10937],"class_list":{"0":"post-452946","1":"product","2":"type-product","3":"status-publish","4":"has-post-thumbnail","6":"product_cat-salomon","7":"product_tag-lightweight-hiking-shoes","8":"product_tag-presente-para-ele","9":"product_tag-salomon","10":"product_tag-tenis-de-trilha","11":"product_tag-zapatillas-deportivas-de-rendimiento","12":"product_tag-trail-running-shoes","14":"first","15":"instock","16":"taxable","17":"shipping-taxable","18":"purchasable","19":"product-type-simple"},"wcpa_form_fields":null,"_links":{"self":[{"href":"https:\/\/moroen.com\/pt\/wp-json\/wp\/v2\/product\/452946","targetHints":{"allow":["GET"]}}],"collection":[{"href":"https:\/\/moroen.com\/pt\/wp-json\/wp\/v2\/product"}],"about":[{"href":"https:\/\/moroen.com\/pt\/wp-json\/wp\/v2\/types\/product"}],"replies":[{"embeddable":true,"href":"https:\/\/moroen.com\/pt\/wp-json\/wp\/v2\/comments?post=452946"}],"wp:featuredmedia":[{"embeddable":true,"href":"https:\/\/moroen.com\/pt\/wp-json\/wp\/v2\/media\/453105"}],"wp:attachment":[{"href":"https:\/\/moroen.com\/pt\/wp-json\/wp\/v2\/media?parent=452946"}],"wp:term":[{"taxonomy":"product_brand","embeddable":true,"href":"https:\/\/moroen.com\/pt\/wp-json\/wp\/v2\/product_brand?post=452946"},{"taxonomy":"product_cat","embeddable":true,"href":"https:\/\/moroen.com\/pt\/wp-json\/wp\/v2\/product_cat?post=452946"},{"taxonomy":"product_tag","embeddable":true,"href":"https:\/\/moroen.com\/pt\/wp-json\/wp\/v2\/product_tag?post=452946"}],"curies":[{"name":"wp","href":"https:\/\/api.w.org\/{rel}","templated":true}]}}