{"id":452958,"date":"2026-04-20T22:33:55","date_gmt":"2026-04-20T15:33:55","guid":{"rendered":"https:\/\/moroen.com\/pt\/?p=452958"},"modified":"2026-04-20T22:33:55","modified_gmt":"2026-04-20T15:33:55","slug":"salomon-s-lab-xt-6-473056","status":"publish","type":"product","link":"https:\/\/moroen.com\/pt\/produkt\/salomon-s-lab-xt-6-473056\/","title":{"rendered":"Salomon S-Lab XT-6 473056"},"content":{"rendered":"<p>Liberte suas aventuras na trilha com o Salomon S\u2011Lab XT\u20116 473056. Projetado para precis\u00e3o e prote\u00e7\u00e3o, estes sapatos possuem uma parte superior SensiFit\u2122 sem costura para um ajuste seguro, enquanto a entressola EnergyCell\u2122+ oferece amortecimento duradouro. A sola Premium Wet Traction Contagrip\u00ae garante ader\u00eancia excepcional em todas as superf\u00edcies, permitindo que voc\u00ea conquiste at\u00e9 as trilhas mais desafiadoras com confian\u00e7a. Experimente o auge do desempenho de corrida em trilha com o Salomon S\u2011Lab XT\u20116 473056.<\/p>\n<ul>\n<li><strong>Combina\u00e7\u00e3o de cores:<\/strong> Black<\/li>\n<li><strong>C\u00f3digo de estilo:<\/strong> 473056<\/li>\n<li><strong>Cor:<\/strong> Black<\/li>\n<\/ul>\n","protected":false},"excerpt":{"rendered":"<p>Liberte suas aventuras na trilha com o Salomon S\u2011Lab XT\u20116 473056. Projetado para precis\u00e3o e prote\u00e7\u00e3o, estes sapatos possuem uma parte superior SensiFit\u2122 sem costura para um ajuste seguro, enquanto a entressola EnergyCell\u2122+ oferece amortecimento duradouro. A sola Premium Wet Traction Contagrip\u00ae garante ader\u00eancia excepcional em todas as superf\u00edcies, permitindo que voc\u00ea conquiste at\u00e9 as [&hellip;]<\/p>\n","protected":false},"featured_media":453150,"comment_status":"closed","ping_status":"closed","template":"","meta":[],"product_brand":[],"product_cat":[19669],"product_tag":[11446,22665,19670,22088,22669,22658,10937],"class_list":{"0":"post-452958","1":"product","2":"type-product","3":"status-publish","4":"has-post-thumbnail","6":"product_cat-salomon","7":"product_tag-lightweight-hiking-shoes","8":"product_tag-presente-para-ele","9":"product_tag-salomon","10":"product_tag-salomon-running-shoes","11":"product_tag-tenis-de-trilha","12":"product_tag-zapatillas-deportivas-de-rendimiento","13":"product_tag-trail-running-shoes","15":"first","16":"instock","17":"taxable","18":"shipping-taxable","19":"purchasable","20":"product-type-simple"},"wcpa_form_fields":null,"_links":{"self":[{"href":"https:\/\/moroen.com\/pt\/wp-json\/wp\/v2\/product\/452958","targetHints":{"allow":["GET"]}}],"collection":[{"href":"https:\/\/moroen.com\/pt\/wp-json\/wp\/v2\/product"}],"about":[{"href":"https:\/\/moroen.com\/pt\/wp-json\/wp\/v2\/types\/product"}],"replies":[{"embeddable":true,"href":"https:\/\/moroen.com\/pt\/wp-json\/wp\/v2\/comments?post=452958"}],"wp:featuredmedia":[{"embeddable":true,"href":"https:\/\/moroen.com\/pt\/wp-json\/wp\/v2\/media\/453150"}],"wp:attachment":[{"href":"https:\/\/moroen.com\/pt\/wp-json\/wp\/v2\/media?parent=452958"}],"wp:term":[{"taxonomy":"product_brand","embeddable":true,"href":"https:\/\/moroen.com\/pt\/wp-json\/wp\/v2\/product_brand?post=452958"},{"taxonomy":"product_cat","embeddable":true,"href":"https:\/\/moroen.com\/pt\/wp-json\/wp\/v2\/product_cat?post=452958"},{"taxonomy":"product_tag","embeddable":true,"href":"https:\/\/moroen.com\/pt\/wp-json\/wp\/v2\/product_tag?post=452958"}],"curies":[{"name":"wp","href":"https:\/\/api.w.org\/{rel}","templated":true}]}}