{"id":452965,"date":"2026-04-20T22:33:55","date_gmt":"2026-04-20T15:33:55","guid":{"rendered":"https:\/\/moroen.com\/pt\/?p=452965"},"modified":"2026-04-20T22:33:55","modified_gmt":"2026-04-20T15:33:55","slug":"salomon-xt-6-delicioso-417515","status":"publish","type":"product","link":"https:\/\/moroen.com\/pt\/produkt\/salomon-xt-6-delicioso-417515\/","title":{"rendered":"Salomon XT-6 &#8216;Delicioso&#8217; 417515"},"content":{"rendered":"<p>Delicie-se com as deliciosas botas de caminhada XT\u20116 &#8216;Delicioso&#8217; da Salomon. Fabricadas com materiais premium, estas botas leves e dur\u00e1veis \u200b\u200bproporcionam suporte e conforto excepcionais. A sua constru\u00e7\u00e3o imperme\u00e1vel garante p\u00e9s secos, enquanto a sola agressiva oferece uma ader\u00eancia ideal em qualquer terreno. Experimente o equil\u00edbrio perfeito entre estilo e funcionalidade com o XT\u20116 &#8216;Delicioso&#8217;, o cal\u00e7ado definitivo para aventureiros e entusiastas da moda.<\/p>\n<ul>\n<li><strong>Combina\u00e7\u00e3o de cores:<\/strong> delicioso\/choclate fondant<\/li>\n<li><strong>C\u00f3digo de estilo:<\/strong> 417515<\/li>\n<li><strong>Cor:<\/strong> Brown<\/li>\n<\/ul>\n","protected":false},"excerpt":{"rendered":"<p>Delicie-se com as deliciosas botas de caminhada XT\u20116 &#8216;Delicioso&#8217; da Salomon. Fabricadas com materiais premium, estas botas leves e dur\u00e1veis \u200b\u200bproporcionam suporte e conforto excepcionais. A sua constru\u00e7\u00e3o imperme\u00e1vel garante p\u00e9s secos, enquanto a sola agressiva oferece uma ader\u00eancia ideal em qualquer terreno. Experimente o equil\u00edbrio perfeito entre estilo e funcionalidade com o XT\u20116 &#8216;Delicioso&#8217;, [&hellip;]<\/p>\n","protected":false},"featured_media":453182,"comment_status":"closed","ping_status":"closed","template":"","meta":[],"product_brand":[],"product_cat":[19669],"product_tag":[10777,22665,19670,22088,22658,10937],"class_list":{"0":"post-452965","1":"product","2":"type-product","3":"status-publish","4":"has-post-thumbnail","6":"product_cat-salomon","7":"product_tag-performance-running-shoes","8":"product_tag-presente-para-ele","9":"product_tag-salomon","10":"product_tag-salomon-running-shoes","11":"product_tag-zapatillas-deportivas-de-rendimiento","12":"product_tag-trail-running-shoes","14":"first","15":"instock","16":"taxable","17":"shipping-taxable","18":"purchasable","19":"product-type-simple"},"wcpa_form_fields":null,"_links":{"self":[{"href":"https:\/\/moroen.com\/pt\/wp-json\/wp\/v2\/product\/452965","targetHints":{"allow":["GET"]}}],"collection":[{"href":"https:\/\/moroen.com\/pt\/wp-json\/wp\/v2\/product"}],"about":[{"href":"https:\/\/moroen.com\/pt\/wp-json\/wp\/v2\/types\/product"}],"replies":[{"embeddable":true,"href":"https:\/\/moroen.com\/pt\/wp-json\/wp\/v2\/comments?post=452965"}],"wp:featuredmedia":[{"embeddable":true,"href":"https:\/\/moroen.com\/pt\/wp-json\/wp\/v2\/media\/453182"}],"wp:attachment":[{"href":"https:\/\/moroen.com\/pt\/wp-json\/wp\/v2\/media?parent=452965"}],"wp:term":[{"taxonomy":"product_brand","embeddable":true,"href":"https:\/\/moroen.com\/pt\/wp-json\/wp\/v2\/product_brand?post=452965"},{"taxonomy":"product_cat","embeddable":true,"href":"https:\/\/moroen.com\/pt\/wp-json\/wp\/v2\/product_cat?post=452965"},{"taxonomy":"product_tag","embeddable":true,"href":"https:\/\/moroen.com\/pt\/wp-json\/wp\/v2\/product_tag?post=452965"}],"curies":[{"name":"wp","href":"https:\/\/api.w.org\/{rel}","templated":true}]}}